{"id":176,"date":"2016-08-16T07:22:07","date_gmt":"2016-08-16T07:22:07","guid":{"rendered":"https:\/\/www.joinso.cat\/ca\/?page_id=176"},"modified":"2026-03-07T17:44:45","modified_gmt":"2026-03-07T16:44:45","slug":"inicio-2","status":"publish","type":"page","link":"https:\/\/joinso.cat\/ca\/","title":{"rendered":"JOINSO, IT Consulting and Advice"},"content":{"rendered":"<p>[et_pb_section fb_built=&#8221;1&#8243; fullwidth=&#8221;on&#8221; _builder_version=&#8221;4.27.5&#8243; _module_preset=&#8221;default&#8221; global_colors_info=&#8221;{}&#8221;][et_pb_fullwidth_slider show_arrows=&#8221;off&#8221; show_pagination=&#8221;off&#8221; module_id=&#8221;headers&#8221; _builder_version=&#8221;4.27.5&#8243; _module_preset=&#8221;default&#8221; header_text_color=&#8221;#FFFFFF&#8221; body_text_color=&#8221;#FFFFFF&#8221; background_video_height=&#8221;100vh&#8221; min_height=&#8221;100vh&#8221; height=&#8221;100vh&#8221; header_text_shadow_style=&#8221;preset1&#8243; body_text_shadow_style=&#8221;preset1&#8243; global_colors_info=&#8221;{}&#8221;][et_pb_slide heading=&#8221;IT CONSULTING AND ADVICE&#8221; _builder_version=&#8221;4.27.5&#8243; _module_preset=&#8221;default&#8221; header_level=&#8221;h1&#8243; header_font=&#8221;|700|||||||&#8221; header_text_color=&#8221;#FFFFFF&#8221; body_text_color=&#8221;#FFFFFF&#8221; background_video_mp4=&#8221;https:\/\/static.joinso.cat\/wp-content\/uploads\/joinso-impulsa-tu-evolucion-digital.mp4?x61028&#8243; background_enable_video_mp4=&#8221;on&#8221; background_video_height=&#8221;100vh&#8221; header_text_shadow_style=&#8221;preset2&#8243; header_text_shadow_horizontal_length=&#8221;0.1em&#8221; header_text_shadow_vertical_length=&#8221;0.1em&#8221; header_text_shadow_blur_strength=&#8221;0.1em&#8221; body_text_shadow_style=&#8221;preset2&#8243; global_colors_info=&#8221;{}&#8221; sticky_transition=&#8221;on&#8221;]<\/p>\n<p>Impulsem la teva evoluci\u00f3 digital: des de la visi\u00f3 estrat\u00e8gica fins a la implementaci\u00f3 total.<\/p>\n<p>[\/et_pb_slide][\/et_pb_fullwidth_slider][\/et_pb_section][et_pb_section fb_built=&#8221;1&#8243; _builder_version=&#8221;4.27.5&#8243; _module_preset=&#8221;default&#8221; top_divider_height_last_edited=&#8221;off|desktop&#8221; global_colors_info=&#8221;{}&#8221; top_divider_height__hover_enabled=&#8221;off|desktop&#8221;][et_pb_row column_structure=&#8221;1_2,1_2&#8243; use_custom_gutter=&#8221;on&#8221; gutter_width=&#8221;1&#8243; _builder_version=&#8221;4.27.5&#8243; _module_preset=&#8221;default&#8221; width=&#8221;100%&#8221; max_width=&#8221;2560px&#8221; custom_margin=&#8221;||||false|false&#8221; custom_padding=&#8221;||||false|false&#8221; global_colors_info=&#8221;{}&#8221; width__hover_enabled=&#8221;off|desktop&#8221;][et_pb_column type=&#8221;1_2&#8243; _builder_version=&#8221;4.27.5&#8243; _module_preset=&#8221;default&#8221; global_colors_info=&#8221;{}&#8221;][et_pb_image src=&#8221;https:\/\/static.joinso.cat\/wp-content\/uploads\/transformacion-digital-herramienta-clave.jpg?x61028&#8243; alt=&#8221;Estrategia tecnol\u00f3gica para la automatizaci\u00f3n de procesos y el an\u00e1lisis de datos empresariales&#8221; title_text=&#8221;Transformaci\u00f3n digital: de la eficiencia operativa a la ventaja competitiva&#8221; align=&#8221;right&#8221; force_fullwidth=&#8221;on&#8221; _builder_version=&#8221;4.27.5&#8243; _module_preset=&#8221;default&#8221; background_enable_image=&#8221;off&#8221; module_alignment=&#8221;right&#8221; global_colors_info=&#8221;{}&#8221;][\/et_pb_image][\/et_pb_column][et_pb_column type=&#8221;1_2&#8243; _builder_version=&#8221;4.27.5&#8243; _module_preset=&#8221;default&#8221; global_colors_info=&#8221;{}&#8221;][et_pb_text _builder_version=&#8221;4.27.5&#8243; _module_preset=&#8221;default&#8221; text_orientation=&#8221;justified&#8221; custom_margin=&#8221;||||false|false&#8221; custom_padding=&#8221;|5%||5%|false|false&#8221; global_colors_info=&#8221;{}&#8221;]<\/p>\n<div class=\"txto-title-wrapper text-left\">\n<h2 class=\"seccions\">La transformaci\u00f3 digital com a eina clau en els processos de negoci<\/h2>\n<p>&nbsp;<\/p>\n<\/div>\n<div class=\"home_texto_secciones\">\n<p>En l&#8217;escenari competitiu actual, la digitalitzaci\u00f3 ha deixat de ser una opci\u00f3 per convertir-se en el motor de l&#8217;efici\u00e8ncia operativa i el creixement sostenible.<\/p>\n<p>Entenem la tecnologia com un actiu estrat\u00e8gic que permet optimitzar recursos, automatitzar fluxos de treball i convertir dades complexes en decisions de negoci intel\u00b7ligents.<\/p>\n<p>La nostra missi\u00f3 \u00e9s integrar solucions d\u2019avantguarda a l\u2019estructura de la teva empresa per garantir que cada proc\u00e9s digital es tradueixi en un avantatge competitiu real i mesurable.<\/p>\n<\/div>\n<p>[\/et_pb_text][\/et_pb_column][\/et_pb_row][et_pb_row column_structure=&#8221;1_2,1_2&#8243; use_custom_gutter=&#8221;on&#8221; gutter_width=&#8221;1&#8243; _builder_version=&#8221;4.27.5&#8243; _module_preset=&#8221;default&#8221; width=&#8221;100%&#8221; max_width=&#8221;2560px&#8221; global_colors_info=&#8221;{}&#8221; custom_css_main_element_last_edited=&#8221;on|tablet&#8221; custom_css_main_element_tablet=&#8221;display: flex;||flex-wrap: wrap;&#8221; custom_css_main_element_phone=&#8221;display: flex;||flex-wrap: wrap;&#8221;][et_pb_column type=&#8221;1_2&#8243; _builder_version=&#8221;4.27.5&#8243; _module_preset=&#8221;default&#8221; global_colors_info=&#8221;{}&#8221; custom_css_main_element_last_edited=&#8221;on|tablet&#8221; custom_css_main_element_phone=&#8221;order: 2;&#8221; custom_css_main_element_tablet=&#8221;order: 2;&#8221;][et_pb_text _builder_version=&#8221;4.27.5&#8243; _module_preset=&#8221;default&#8221; text_orientation=&#8221;justified&#8221; custom_margin=&#8221;||||false|false&#8221; custom_padding=&#8221;|5%||5%|false|false&#8221; global_colors_info=&#8221;{}&#8221; custom_css_main_element_last_edited=&#8221;on|tablet&#8221; custom_css_main_element_phone=&#8221;order: 2;&#8221;]<\/p>\n<div class=\"txto-title-wrapper text-left\">\n<h2 class=\"seccions\">Transforma les idees en una implementaci\u00f3 real amb la nostra visi\u00f3 experta i estrat\u00e8gica.<\/h2>\n<p>&nbsp;<\/p>\n<\/div>\n<div class=\"home_texto_secciones\">\n<p>Tenim m\u00e9s de 20 anys d&#8217;experi\u00e8ncia convertint visions complexes en realitats tecnol\u00f2giques operatives i rendibles.<\/p>\n<p>El nostre enfocament combina una direcci\u00f3 de projectes d&#8217;alt nivell amb una execuci\u00f3 t\u00e8cnica precisa, assegurant que cada fase del desenvolupament estigui alineada amb els objectius del negoci.<\/p>\n<p>Aportem el lideratge estrat\u00e8gic necessari per mitigar riscos i garantir que les teves idees arribin al mercat amb la m\u00e0xima solidesa i efici\u00e8ncia.<\/p>\n<\/div>\n<p>[\/et_pb_text][\/et_pb_column][et_pb_column type=&#8221;1_2&#8243; _builder_version=&#8221;4.27.5&#8243; _module_preset=&#8221;default&#8221; global_colors_info=&#8221;{}&#8221; custom_css_main_element_last_edited=&#8221;on|phone&#8221; custom_css_main_element_tablet=&#8221;order: 1;&#8221; custom_css_main_element_phone=&#8221;order: 1;&#8221;][et_pb_image src=&#8221;https:\/\/static.joinso.cat\/wp-content\/uploads\/vision-experta-y-estrategica.jpg?x61028&#8243; alt=&#8221;Equipo de direcci\u00f3n de proyectos IT planificando desarrollo de software a medida en reuni\u00f3n&#8221; title_text=&#8221;Direcci\u00f3n de proyectos tecnol\u00f3gicos y liderazgo estrat\u00e9gico IT&#8221; force_fullwidth=&#8221;on&#8221; _builder_version=&#8221;4.27.5&#8243; _module_preset=&#8221;default&#8221; background_enable_image=&#8221;off&#8221; global_colors_info=&#8221;{}&#8221; custom_css_main_element_last_edited=&#8221;on|tablet&#8221; custom_css_main_element_phone=&#8221;order: 1;&#8221;][\/et_pb_image][\/et_pb_column][\/et_pb_row][et_pb_row column_structure=&#8221;1_2,1_2&#8243; use_custom_gutter=&#8221;on&#8221; gutter_width=&#8221;1&#8243; _builder_version=&#8221;4.27.5&#8243; _module_preset=&#8221;default&#8221; width=&#8221;100%&#8221; max_width=&#8221;2560px&#8221; custom_margin=&#8221;||||false|false&#8221; custom_padding=&#8221;||||false|false&#8221; global_colors_info=&#8221;{}&#8221;][et_pb_column type=&#8221;1_2&#8243; _builder_version=&#8221;4.27.5&#8243; _module_preset=&#8221;default&#8221; global_colors_info=&#8221;{}&#8221;][et_pb_text _builder_version=&#8221;4.27.6&#8243; _module_preset=&#8221;default&#8221; background_color=&#8221;RGBA(255,255,255,0)&#8221; width=&#8221;95%&#8221; module_alignment=&#8221;center&#8221; custom_margin=&#8221;||||false|false&#8221; custom_padding=&#8221;2%|2%|2%|2%|false|false&#8221; animation_style=&#8221;slide&#8221; hover_enabled=&#8221;0&#8243; border_color_all=&#8221;#b11d23&#8243; box_shadow_style=&#8221;preset1&#8243; global_colors_info=&#8221;{}&#8221; background__hover_enabled=&#8221;off|hover&#8221; background_color_gradient_stops__hover=&#8221;rgba(255,255,255,0) 90%|#bb1111 99%&#8221; use_background_color_gradient__hover=&#8221;on&#8221; background_color_gradient_type__hover=&#8221;linear&#8221; background_color_gradient_unit__hover=&#8221;%&#8221; background_color_gradient_direction__hover=&#8221;135deg&#8221; sticky_enabled=&#8221;0&#8243;]<\/p>\n<h2 class=\"seccions\"><img decoding=\"async\" src=\"https:\/\/static.joinso.cat\/wp-content\/uploads\/gestionem-1.png\" alt=\"Gestionem\" title=\"Gestionem\" class=\"icona_home_serveis\" \/> Gestionem<\/h2>\n<h3 class=\"seccions\">&#8220;L&#8217;\u00e8xit no \u00e9s fruit de la casualitat, sin\u00f3 de la metodologia.&#8221;<\/h3>\n<p style=\"text-align: justify;\">En aquesta fase, ens convertim en el motor del teu projecte. No nom\u00e9s planifiquem; liderem cada etapa per eliminar la incertesa. Ens encarreguem de la definici\u00f3 d\u2019objectius, el control de pressupostos i la gesti\u00f3 de terminis, aplicant metodologies \u00e0gils que garanteixen que el resultat final sigui exactament el que la teva empresa necessita.<\/p>\n<a href=\"https:\/\/joinso.cat\/gestionamos\/\"><strong><span style=\"color: #b11d23;\">Llegir m\u00e9s <span style=\"font-size: 18pt;\">\u2192<\/span><\/span><\/strong><\/a><\/p>\n<p>[\/et_pb_text][\/et_pb_column][et_pb_column type=&#8221;1_2&#8243; _builder_version=&#8221;4.27.5&#8243; _module_preset=&#8221;default&#8221; global_colors_info=&#8221;{}&#8221;][et_pb_text _builder_version=&#8221;4.27.6&#8243; _module_preset=&#8221;default&#8221; background_color=&#8221;RGBA(255,255,255,0)&#8221; width=&#8221;95%&#8221; module_alignment=&#8221;center&#8221; custom_margin=&#8221;||||false|false&#8221; custom_margin_tablet=&#8221;2%||||false|false&#8221; custom_margin_phone=&#8221;2%||||false|false&#8221; custom_margin_last_edited=&#8221;on|desktop&#8221; custom_padding=&#8221;2%|2%|2%|2%|false|false&#8221; animation_style=&#8221;slide&#8221; hover_enabled=&#8221;0&#8243; border_color_all=&#8221;#b11d23&#8243; box_shadow_style=&#8221;preset1&#8243; global_colors_info=&#8221;{}&#8221; sticky_enabled=&#8221;0&#8243;]<\/p>\n<h2 class=\"seccions\"><img decoding=\"async\" src=\"https:\/\/static.joinso.cat\/wp-content\/uploads\/engranatge.png\" alt=\"Desenvolupem\" title=\"Desenvolupem\" class=\"icona_home_serveis\" \/> Desenvolupem<\/h2>\n<h3 class=\"seccions\">&#8220;Arquitectures s\u00f2lides per a negocis que no s&#8217;aturen.&#8221;<\/h3>\n<p style=\"text-align: justify;\">Transformem conceptes en programari d\u2019alt rendiment. El nostre equip t\u00e8cnic s&#8217;especialitza a crear solucions robustes, escalables i segures que creixen al ritme de la teva empresa. Ja sigui una plataforma complexa o una aplicaci\u00f3 espec\u00edfica, el nostre enfocament \u00e9s la qualitat del codi i una experi\u00e8ncia d\u2019usuari impecable.<\/p>\n<p><a href=\"https:\/\/joinso.cat\/desarrollamos\/\"><strong><span style=\"color: #b11d23;\">Llegir m\u00e9s <span style=\"font-size: 18pt;\">\u2192<\/span><\/span><\/strong><\/a>\n<p>[\/et_pb_text][\/et_pb_column][\/et_pb_row][et_pb_row column_structure=&#8221;1_2,1_2&#8243; use_custom_gutter=&#8221;on&#8221; gutter_width=&#8221;1&#8243; make_equal=&#8221;on&#8221; _builder_version=&#8221;4.27.5&#8243; _module_preset=&#8221;default&#8221; width=&#8221;100%&#8221; max_width=&#8221;2560px&#8221; custom_margin_last_edited=&#8221;off|desktop&#8221; global_colors_info=&#8221;{}&#8221;][et_pb_column type=&#8221;1_2&#8243; _builder_version=&#8221;4.27.5&#8243; _module_preset=&#8221;default&#8221; global_colors_info=&#8221;{}&#8221;][et_pb_text _builder_version=&#8221;4.27.6&#8243; _module_preset=&#8221;default&#8221; background_color=&#8221;RGBA(255,255,255,0)&#8221; width=&#8221;95%&#8221; module_alignment=&#8221;center&#8221; custom_margin=&#8221;||||false|false&#8221; custom_padding=&#8221;2%|2%|2%|2%|false|false&#8221; animation_style=&#8221;slide&#8221; hover_enabled=&#8221;0&#8243; border_color_all=&#8221;#b11d23&#8243; box_shadow_style=&#8221;preset1&#8243; global_colors_info=&#8221;{}&#8221; sticky_enabled=&#8221;0&#8243;]<\/p>\n<h2 class=\"seccions\"><img decoding=\"async\" src=\"https:\/\/static.joinso.cat\/wp-content\/uploads\/bombeta2.png\" title=\"Innovem\" alt=\"Innovem\" class=\" icona_home_serveis\" \/> Innovem<\/h2>\n<h3 class=\"seccions\">&#8220;Accelerem la teva transici\u00f3 cap al seg\u00fcent nivell tecnol\u00f2gic.&#8221;<\/h3>\n<p style=\"text-align: justify;\">La tecnologia capdavantera no \u00e9s un fi, sin\u00f3 un mitj\u00e0 per ser m\u00e9s competitius. Integrem Intel\u00b7lig\u00e8ncia Artificial per optimitzar els teus processos i despleguem infraestructures Cloud que doten el teu negoci d&#8217;una flexibilitat total. Ajudem la teva empresa a adoptar aquestes eines no nom\u00e9s per modernitzar-se, sin\u00f3 per liderar el seu sector.<\/p>\n<a href=\"https:\/\/joinso.cat\/innovamos\/\"><strong><span style=\"color: #b11d23;\">Llegir m\u00e9s <span style=\"font-size: 18pt;\">\u2192<\/span><\/span><\/strong><\/a><\/p>\n<p>[\/et_pb_text][\/et_pb_column][et_pb_column type=&#8221;1_2&#8243; _builder_version=&#8221;4.27.5&#8243; _module_preset=&#8221;default&#8221; global_colors_info=&#8221;{}&#8221;][et_pb_text _builder_version=&#8221;4.27.6&#8243; _module_preset=&#8221;default&#8221; background_color=&#8221;RGBA(255,255,255,0)&#8221; width=&#8221;95%&#8221; module_alignment=&#8221;center&#8221; custom_margin=&#8221;||||false|false&#8221; custom_margin_tablet=&#8221;2%||||false|false&#8221; custom_margin_phone=&#8221;2%||||false|false&#8221; custom_margin_last_edited=&#8221;on|phone&#8221; custom_padding=&#8221;2%|2%|2%|2%|false|false&#8221; animation_style=&#8221;slide&#8221; hover_enabled=&#8221;0&#8243; border_color_all=&#8221;#b11d23&#8243; box_shadow_style=&#8221;preset1&#8243; global_colors_info=&#8221;{}&#8221; sticky_enabled=&#8221;0&#8243;]<\/p>\n<h2 class=\"seccions\"><img decoding=\"async\" src=\"https:\/\/static.joinso.cat\/wp-content\/uploads\/comuniquem.png\" alt=\"Comuniquem\" alt=\"Comuniquem\" class=\"icona_home_serveis\" \/> Comuniquem<\/h2>\n<h3 class=\"seccions\">&#8220;El teu projecte mereix ser vist pel m\u00f3n.&#8221;<\/h3>\n<p style=\"text-align: justify;\">No serveix de res la millor tecnologia si el mercat no sap que existeix. A trav\u00e9s de la nostra ag\u00e8ncia digital, tanquem el cercle del projecte donant-li la visibilitat que mereix. Dissenyem estrat\u00e8gies de m\u00e0rqueting i comunicaci\u00f3 que posicionen la teva soluci\u00f3 davant del p\u00fablic objectiu, convertint el desenvolupament t\u00e8cnic en un cas d&#8217;\u00e8xit comercial.<\/p>\n<p><a href=\"https:\/\/joinso.cat\/comunicamos\/\"><strong><span style=\"color: #b11d23;\">Llegir m\u00e9s <span style=\"font-size: 18pt;\">\u2192<\/span><\/span><\/strong><\/a>\n<p>[\/et_pb_text][\/et_pb_column][\/et_pb_row][\/et_pb_section]<\/p>\n","protected":false},"excerpt":{"rendered":"<p>Impulsem la teva evoluci\u00f3 digital. Consultoria tecnol\u00f2gica i estrat\u00e8gica a Sabadell per transformar les teves idees en solucions operatives, escalables i rendibles.<\/p>\n","protected":false},"author":1,"featured_media":1572,"parent":0,"menu_order":6,"comment_status":"closed","ping_status":"closed","template":"","meta":{"_et_pb_use_builder":"on","_et_pb_old_content":"","_et_gb_content_width":"","footnotes":""},"class_list":["post-176","page","type-page","status-publish","has-post-thumbnail","hentry"],"_links":{"self":[{"href":"https:\/\/joinso.cat\/ca\/wp-json\/wp\/v2\/pages\/176","targetHints":{"allow":["GET"]}}],"collection":[{"href":"https:\/\/joinso.cat\/ca\/wp-json\/wp\/v2\/pages"}],"about":[{"href":"https:\/\/joinso.cat\/ca\/wp-json\/wp\/v2\/types\/page"}],"author":[{"embeddable":true,"href":"https:\/\/joinso.cat\/ca\/wp-json\/wp\/v2\/users\/1"}],"replies":[{"embeddable":true,"href":"https:\/\/joinso.cat\/ca\/wp-json\/wp\/v2\/comments?post=176"}],"version-history":[{"count":30,"href":"https:\/\/joinso.cat\/ca\/wp-json\/wp\/v2\/pages\/176\/revisions"}],"predecessor-version":[{"id":5086,"href":"https:\/\/joinso.cat\/ca\/wp-json\/wp\/v2\/pages\/176\/revisions\/5086"}],"wp:featuredmedia":[{"embeddable":true,"href":"https:\/\/joinso.cat\/ca\/wp-json\/wp\/v2\/media\/1572"}],"wp:attachment":[{"href":"https:\/\/joinso.cat\/ca\/wp-json\/wp\/v2\/media?parent=176"}],"curies":[{"name":"wp","href":"https:\/\/api.w.org\/{rel}","templated":true}]}}