{"id":280,"date":"2016-11-29T11:43:44","date_gmt":"2016-11-29T11:43:44","guid":{"rendered":"https:\/\/www.joinso.cat\/ca\/?page_id=280"},"modified":"2025-07-29T16:32:29","modified_gmt":"2025-07-29T14:32:29","slug":"avis-legal","status":"publish","type":"page","link":"https:\/\/joinso.cat\/ca\/avis-legal\/","title":{"rendered":"Av\u00eds Legal"},"content":{"rendered":"<p>[et_pb_section fb_built=&#8221;1&#8243; _builder_version=&#8221;4.16&#8243; global_colors_info=&#8221;{}&#8221;][et_pb_row _builder_version=&#8221;4.16&#8243; background_size=&#8221;initial&#8221; background_position=&#8221;top_left&#8221; background_repeat=&#8221;repeat&#8221; global_colors_info=&#8221;{}&#8221;][et_pb_column type=&#8221;4_4&#8243; _builder_version=&#8221;4.16&#8243; custom_padding=&#8221;|||&#8221; global_colors_info=&#8221;{}&#8221; custom_padding__hover=&#8221;|||&#8221;][et_pb_text _builder_version=&#8221;4.27.4&#8243; hover_enabled=&#8221;0&#8243; global_colors_info=&#8221;{}&#8221; sticky_enabled=&#8221;0&#8243;]<\/p>\n<p><strong>Informaci\u00f3 general de la p\u00e0gina<\/strong><\/p>\n<p>La present web www.joinso.cat \u00e9s l&#8217;\u00fanica web oficial de JOINSO, marca registrada de JOINSO IT CONSULTING AND ADVICE, S.L. amb NIF B65917130, i t\u00e9 el correu electr\u00f2nic <a id='contact-mail-1' href='KSQ.FA3GFZ@FO3G:FKRGS4@'>KSQ.FA3GFZ@FO3G@<\/a><script>deObfuscateEmail(document.getElementById('contact-mail-1'));<\/script> com una de les formes de contacte electr\u00f2nic.<br \/>D&#8217;aqu\u00ed en endavant ens referirem a JOINSO IT CONSULTING AND ADVICE, S.L., com a JOINSO.<\/p>\n<p><strong>Propietat intel\u00b7lectual<\/strong><\/p>\n<p>Els drets de propietat intel\u00b7lectual de la p\u00e0gina www.joinso.cat, el seu codi font, disseny, estructura de navegaci\u00f3, bases de dades i els diferents elements en ell continguts, s\u00f3n de titularitat de JOINSO i \u00e9s a qui li correspon l&#8217;exercici exclusiu dels drets d&#8217;explotaci\u00f3 d&#8217;aquests en qualsevol forma i, en especial, els drets de reproducci\u00f3, de distribuci\u00f3, de comunicaci\u00f3 p\u00fablica i de transformaci\u00f3.<br \/>La informaci\u00f3 difosa a la p\u00e0gina \u00e9s titularitat de JOINSO i dels seus autors i tenen la consideraci\u00f3 d&#8217;obres protegides de conformitat amb les disposicions del Reial Decret 1\/1996, del 12 d&#8217;abril, pel qual s&#8217;aprova el text ref\u00f3s de la Llei de Propietat Intel\u00b7lectual, i resulten igualment d&#8217;aplicaci\u00f3 els tractats internacionals subscrits en aquest camp.<\/p>\n<p><strong>Condicions d&#8217;\u00fas<\/strong><\/p>\n<p>Aquestes condicions generals regulen l&#8217;acc\u00e9s i la utilitzaci\u00f3 del lloc web www.joinso.cat (en endavant la Web), que JOINSO posa gratu\u00eftament a disposici\u00f3 dels usuaris d&#8217;Internet. Aquest acc\u00e9s implica la seva acceptaci\u00f3 sense reserves.<br \/>L&#8217;usuari es compromet a utilitzar els serveis i la informaci\u00f3 facilitada per JOINSO sota els criteris de la bona fe i respectant en tot cas els principis d&#8217;\u00fas generalment acceptats i sense contravenir l&#8217;ordre p\u00fablic i la legislaci\u00f3 vigent.<\/p>\n<p><strong>Usos permesos<\/strong><\/p>\n<p>S&#8217;autoritza la visualitzaci\u00f3, la impressi\u00f3 i la desc\u00e0rrega parcial del contingut de la Web nom\u00e9s si es compleixen les seg\u00fcents condicions:<\/p>\n<p><strong>1.<\/strong> Que sigui compatible amb la finalitat de la Web.<br \/><strong>2.<\/strong> Que es realitzi amb l&#8217;exclusiu \u00e0nim d&#8217;obtenir la informaci\u00f3 continguda per a l&#8217;\u00fas personal i privat o per a la seva distribuci\u00f3, comunicaci\u00f3 p\u00fablica, transformaci\u00f3 o descompilaci\u00f3.<br \/><strong>3.<\/strong> Que cap dels continguts relacionats amb la Web siguin modificats de cap manera.<br \/><strong>4.<\/strong> Que cap gr\u00e0fic, icona o imatge disponible a la Web sigui utilitzat, copiat o distribu\u00eft separadament del text o de la resta de les imatges que l&#8217;acompanyen.<\/p>\n<p><strong>Reserves de domini<\/strong><\/p>\n<p>JOINSO es reserva la facultat d&#8217;efectuar, en qualsevol moment i sense necessitat de previ av\u00eds, modificacions i actualitzacions de la informaci\u00f3 continguda a la Web, de la configuraci\u00f3 i de la presentaci\u00f3 d&#8217;aquesta i de les condicions d&#8217;acc\u00e9s.<\/p>\n<p><strong>Responsabilitats<\/strong><\/p>\n<p><strong>1. Exempci\u00f3 de responsabilitats per continguts o funcionament del lloc web<\/strong><\/p>\n<p>JOINSO no garanteix la inexist\u00e8ncia d&#8217;interrupcions o errors en l&#8217;acc\u00e9s a la Web o al seu contingut, ni que aquest es trobi actualitzat. JOINSO realitzar\u00e0 totes aquelles tasques per a corregir els errors, restablir les comunicacions i actualitzar els continguts, sempre que no apareguin causes que ho facin impossible o siguin de dif\u00edcil execuci\u00f3, i tan aviat com tinguem not\u00edcia dels errors, de les desconnexions o de la falta d&#8217;actualitzaci\u00f3 en els continguts.<\/p>\n<p><strong>2. Exempci\u00f3 de responsabilitats per l&#8217;\u00fas del lloc web<\/strong><\/p>\n<p>Tant l&#8217;acc\u00e9s a la Web com l&#8217;\u00fas no consentit que es pugui fer de la informaci\u00f3 que hi cont\u00e9 \u00e9s de l&#8217;exclusiva responsabilitat de l&#8217;usuari que la realitzi. JOINSO no respondr\u00e0 de cap conseq\u00fc\u00e8ncia, dany o perjudici que es pugui derivar d&#8217;aquest acc\u00e9s o \u00fas.<br \/>JOINSO no es far\u00e0 responsable dels errors de seguretat que es puguin produir ni dels danys que es puguin causar al sistema inform\u00e0tic de l&#8217;usuari (hardware i software), o als fitxers o documents emmagatzemats en aquest, com a conseq\u00fc\u00e8ncia de:<\/p>\n<p><strong>1.<\/strong> la pres\u00e8ncia de virus a l&#8217;ordinador de l&#8217;usuari que sigui utilitzat per la connexi\u00f3 als serveis i continguts de la Web.<br \/><strong>2.<\/strong> un mal funcionament del navegador o de l&#8217;\u00fas de les versions no actualitzades. L&#8217;usuari es compromet a utilitzar la p\u00e0gina web, els seus continguts i serveis de conformitat amb la llei i amb aquest av\u00eds legal. L&#8217;usuari s&#8217;abstindr\u00e0 en tot moment d&#8217;utilitzar qualsevol de les informacions o serveis amb finalitats il\u00b7l\u00edcites, prohibides o lesives per als interessos de tercers.<\/p>\n<p><strong>Usos prohibits<\/strong><\/p>\n<p>La utilitzaci\u00f3 no autoritzada de la informaci\u00f3 continguda a la Web, la seva revenda, com tamb\u00e9 la lesi\u00f3 de drets de Propietat Intel\u00b7lectual o Industrial de JOINSO donar\u00e0 lloc a les responsabilitats legalment establertes.<br \/>Tot enlla\u00e7 de tercers a la Web ha de ser a la seva p\u00e0gina principal, i queden expressament prohibits els \u201clinks profunds\u201d, el \u201cframing\u201d i qualsevol altre aprofitament dels continguts de la Web a favor de tercers no autoritzats.<\/p>\n<p><strong>Comunicats<\/strong><\/p>\n<p>Els comunicats per part de JOINSO, es regeixen sota els seg\u00fcents preceptes:<\/p>\n<p>En aplicaci\u00f3 de la Llei 34\/02 de Serveis de la Societat de la Informaci\u00f3 i de Comer\u00e7 (LSSI-CE), i del &#8220;Reglament General de Protecci\u00f3 de Dades&#8221; a la llei aplicable (Llei Org\u00e0nica 3\/2018, de 5 de desembre , de Protecci\u00f3 de dades Personals i garantia dels drets digitals), estem obligats a comunicar-li que la seva adre\u00e7a de correu podria formar part de les nostres base de dades, formant aix\u00ed part d&#8217;un fitxer automatitzat: de contactes, amb l&#8217;objectiu d&#8217;oferir not\u00edcies de la nostra companyia, i dels nostres productes i serveis, o de clients i \/ o prove\u00efdors amb l&#8217;objectiu de mantenir relacions comunicatives entre la nostra companyia i vost\u00e8.<\/p>\n<p>L&#8217;empresa propiet\u00e0ria i responsable de l&#8217;fitxer \u00e9s envans JOINSO IT CONSULTING AND ADVICE, S.L.<\/p>\n<p>Tamb\u00e9 l&#8217;informem que, d&#8217;acord amb &#8220;Reglament General de Protecci\u00f3 de Dades&#8221; a la llei aplicable (Llei Org\u00e0nica 3\/2018, de 5 de desembre, de Protecci\u00f3 de Dades Personals i garantia dels drets digitals), vost\u00e8 t\u00e9 dret d&#8217;acc\u00e9s , rectificaci\u00f3, cancel\u00b7laci\u00f3, limitaci\u00f3, portabilitat i oposici\u00f3, que podr\u00e0 exercitar per carta a JOINSO IT CONSULTING AND ADVICE, S.L.; Avinguda Francesc Maci\u00e0; 08206 SAbadell o b\u00e9 per correu electr\u00f2nic a <a id='contact-mail-2' href='KSQ.FA3GFZ@FO3G:FKRGS4@'>KSQ.FA3GFZ@FO3G@<\/a><script>deObfuscateEmail(document.getElementById('contact-mail-2'));<\/script>.<\/p>\n<p>Aix\u00ed mateix pot consultar la nostra politica de privacitat en el seg\u00fcent enlla\u00e7: <a href=\"https:\/\/www.joinso.cat\/ca\/politica-de-privacitat\/\" target=\"_blank\" rel=\"noopener noreferrer\">https:\/\/www.joinso.cat\/ca\/politica-de-privacitat<\/a><\/p>\n<p>[\/et_pb_text][\/et_pb_column][\/et_pb_row][\/et_pb_section]<\/p>\n","protected":false},"excerpt":{"rendered":"<p>Informaci\u00f3 general de la p\u00e0gina La present web www.joinso.cat \u00e9s l&#8217;\u00fanica web oficial de JOINSO, marca registrada de JOINSO IT CONSULTING AND ADVICE, S.L. amb NIF B65917130, i t\u00e9 el correu electr\u00f2nic <a id='contact-mail-1' href='KSQ.FA3GFZ@FO3G:FKRGS4@'>KSQ.FA3GFZ@FO3G@<\/a><script>deObfuscateEmail(document.getElementById('contact-mail-1'));<\/script> com una de les formes de contacte electr\u00f2nic.D&#8217;aqu\u00ed en endavant ens referirem a JOINSO IT CONSULTING AND ADVICE, S.L., com a [&hellip;]<\/p>\n","protected":false},"author":1,"featured_media":0,"parent":0,"menu_order":0,"comment_status":"closed","ping_status":"closed","template":"","meta":{"_et_pb_use_builder":"on","_et_pb_old_content":"<p><strong>Informaci\u00f3n general de la p\u00e1gina<\/strong><\/p><p>La web es la \u00fanica web oficial es la \u00fanica web oficial de JOINSO, marca registrada de JOINSO, SCP con NIF J65917130, y tiene el correo electr\u00f3nico [emailjoinso id='contact-mail-1'] como una de las formas de contacto electr\u00f3nico.<\/p><p><strong>Propiedad intelectual<\/strong><\/p><p>Los derechos de propiedad intelectual de la p\u00e1gina www.joinso.cat, su c\u00f3digo fuente, dise\u00f1o, estructura de navegaci\u00f3n, base de datos y los diferentes elementos en ella contenidos, son de titularidad de JOINSO y es a quien le corresponde el ejercicio exclusivo de los derechos de explotaci\u00f3n de estos en cualquier forma y, en especial, los derechos de reproducci\u00f3n, de distribuci\u00f3n, de comunicaci\u00f3n p\u00fablica y de transformaci\u00f3n.<br \/>La informaci\u00f3n difundida a la p\u00e1gina es titularidad de JOINSO y de sus autores y tienen la consideraci\u00f3n de obras protegidas de conformidad con las disposiciones del Real Decreto 1\/1996, del 12 de abril, por lo cual se aprueba el texto refundido por la Ley de Propiedad Intelectual, y resultan igualmente de aplicaci\u00f3n los tratados intelectuales suscritos en este campo.<\/p><p><strong>Condiciones de uso<\/strong><\/p><p>Estas condiciones generales regulan el acceso y la utilizaci\u00f3n del sitio web www.joinso.cat (en adelante la Web), que JOINSO pone gratuitamente a disposici\u00f3n de los usuarios de Internet. Este acceso implica su aceptaci\u00f3n sin reservas.<br \/>El usuario se compromete a utilizar los servicios y la informaci\u00f3n facilitada por JOINSO seg\u00fan los criterios de la buena fe y respetando en todo caso los principios generales de uso generalmente aceptados y sin contravenir al orden p\u00fablico y la legislaci\u00f3n vigente.<\/p><p><strong>Usos permitidos<\/strong><\/p><p>Se autoriza la visualizaci\u00f3n, la impresi\u00f3n y la descarga parcial del contenido de la Web s\u00f3lo si se cumplen las siguientes condiciones:<\/p><p><strong>1.<\/strong> Que sea compatible con las finalidad de la Web.<br \/><strong>2.<\/strong> Que se realice con el exclusivo \u00e1nimo de obtener la informaci\u00f3n contenida para uso personal y privado o para su distribuci\u00f3n, comunicaci\u00f3n p\u00fablica, transformaci\u00f3n o descompilaci\u00f3n.<br \/><strong>3.<\/strong> Que ninguno de los contenidos relacionados con la Web sean modificados de ninguna manera.<br \/><strong>4.<\/strong> Que ning\u00fan gr\u00e1fico, icono o imagen disponible en la Web sea utilizado, copiado o distribuido separadamente del texto o del resto de las im\u00e1genes que le acompa\u00f1an.<\/p><p><strong>Reservas de dominio<\/strong><\/p><p>JOINSO se reserva la facultad de efectuar, en cualquier momento y sin la necesidad de previo aviso, modificaciones y actualizaciones de la informaci\u00f3n contenida en la Web, de la configuraci\u00f3n y de la presentaci\u00f3n de esta y de las condiciones de acceso.<\/p><p><strong>Responsabilidades<\/strong><\/p><p><strong>1. Exenci\u00f3n de responsabilidad para contenido o funcionamiento de la web<\/strong><\/p><p>JOINSO no garantiza la inexistencia de interrupciones o errores en el acceso a la Web o en su contenido, ni que este se encuentre actualizado, JOINSO realizar\u00e1 todas \u00e9stas tareas para corregir los errores, restablecer las comunicaciones y actualizar los contenidos, siempre que no aparezcan causas que lo hagan imposible o sean de dif\u00edcil ejecuci\u00f3n, y tan pronto como tengamos noticia de los errores, de las desconexiones o de la falta de actualizaci\u00f3n en los contenidos.<\/p><p><strong>2. Exenci\u00f3n de responsabilidades para el uso del sitio web<\/strong><\/p><p>Tanto el acceso a la Web como el uso no consentido que se pueda hacer de la informaci\u00f3n que contiene es de exclusiva responsabilidad del usuario que lo realice, JOINSO no responder\u00e1 de ninguna consecuencia, da\u00f1o o perjuicio que se pueda derivas de este acceso o uso.<br \/>JOINSO no se har\u00e1 responsable de los errores de seguridad que se puedan producir ni de los da\u00f1os que puedan causar al sistema inform\u00e1tico del usuario (hardware y software), o a los ficheros o documentos almacenados en este, como consecuencia de:<\/p><p><strong>1.<\/strong> la presencia de virus al ordenador del usuario que sea utilizado para la conexi\u00f3n a los servicios y contenidos de la Web.<br \/><strong>2.<\/strong> un mal funcionamiento del navegador o del uso de les versiones no actualizadas. El usuario se compromete a utilizar la p\u00e1gina web, sus contenidos y servicios de conformidad con la ley y en este aviso legal. El usuario se abstendr\u00e1 en todo momento de utilizar cualquiera de las informaciones o servicios con finalidades il\u00edcitas, prohibidas o lesivas para los intereses de terceros.<\/p><p><strong>Usos prohibidos<\/strong><\/p><p>La utilizaci\u00f3n no autorizada de la informaci\u00f3n contenida en la Web, su revenda, como tambi\u00e9n la lesi\u00f3n de derechos de la Propiedad Intelectual o Industrial de JOINSO dar\u00e1 lugar a las responsabilidades legalmente establecidas.<br \/>Todo enlace de terceros a la Web debe ser a la p\u00e1gina principal, y quedan expresamente prohibidos los \u201clinks profundos\u201d, el \u201cframing\u201d y cualquier otro aprovechamiento de los contenido de la Web a favor de terceros no autorizados.<\/p><p><strong>Protecci\u00f3n de datos<\/strong><\/p><p><strong>1. Datos suministrados voluntariamente por el usuario<\/strong><\/p><p>Los datos suministrados voluntariamente por el usuario se trataran \u00fanicamente con las finalidades indicadas en los avisos correspondientes en cada caso y con el objetivo de prestar el servicio solicitado. Se incorporaran en un fichero automatizado de JOINSO protegido con las medidas de seguridad legalmente establecidas.<\/p><p>Por otro lado, JOINSO, usa la herramienta MailChimp para enviar comunicados a sus clientes. En ning\u00fan caso, el uso de esta herramienta es para enviar informaci\u00f3n privada o confidencial. Puede consultar las condiciones de privacidad de MailChimp en este <a href=\"http:\/\/mailchimp.com\/legal\/privacy\/\">enlace<\/a>.<\/p><p>En cumplimiento de lo que establece la Ley org\u00e1nica 15\/1999, del 13 de diciembre, de Protecci\u00f3n de Datos de Car\u00e1cter Personal, se informa al titular de los datos que podr\u00e1 ejercer los derechos de acceso, de rectificaci\u00f3n, de cancelaci\u00f3n y de oposici\u00f3n legalmente establecidos, por correo cumpliendo los requisitos establecidos en la Ley y dirigido a JOINSO, Apartado de Correos 2033; 08208 Sabadell (Barcelona) o bien por correo electr\u00f3nico a [emailjoinso id='contact-mail-2'].<\/p><p><a id=\"cookies\" name=\"cookies\"><\/a><strong>2. Cookies<\/strong><\/p><p>Este web utiliza 'cookies' propias y de terceros para ofrecer al usuario una mejor experiencia y servicio.<\/p><p>Las cookies propias s\u00f3n usadas para tres conceptos diferenciados:<\/p><p>- Para mantener la sesi\u00f3n de usuario en caso de que este se identifique para hacer uso de los servicios proporcionados.<br \/>- Para detectar las capacidades t\u00e9cnicas y funcionales de la navegaci\u00f3n del usuario, y concretamente, detectar si esta habilitado el uso de JavaScript.<br \/>- Determinar si el usuario ha aceptado esta declaraci\u00f3n de terminos de uso relativos a las cookies.<\/p><p>En los dos primeros supuestos, las cookies descritas son eliminadas al finalizar la sesi\u00f3n o al cerrar el navegador.<br \/>En el tercer supuesto, estas cookies expiran al a\u00f1o de su creaci\u00f3n.<\/p><p>Las cookies de terceros tienen como objetivo analizar el uso y experiencia de los usuarios, y recoger datos estad\u00edsticos de forma an\u00f2nima.<br \/>Estas cookies son gestionadas por la aplicaci\u00f3n Google Analytics.<\/p><p>Esta aplicaci\u00f3n es gestionada por Google, que presta los servicios de tratamiento de datos estad\u00edsticos de forma anonima, y por tanto sin recabar informaci\u00f3n personal.<br \/>Esta empresa puede usar los datos para la mejora de sus propios servicios, ya sea en productos propios, o de terceras empresas.<br \/>Puede consultar toda la informaci\u00f3n relativa a esta aplicaci\u00f3n y su pol\u00edtica de protecci\u00f3n de datos en <a class=\"link\" title=\"Google Analytics Privacy\" href=\"https:\/\/www.google.com\/intl\/es_ES\/analytics\/learn\/privacy.html\" target=\"_new\">Google Analytics Privacy<\/a><br \/>Esta informaci\u00f3n obtenida de forma an\u00f3nima nos permite mejorar nuestros servicios en base a la experiencia de los visitantes.<\/p><p>Al navegar o utilizar nuestros servicios el usuario acepta el uso que hacemos de las 'cookies', aunque siempre se le mostrar\u00e1 la advertencia sobre el uso que hacemos de ellas, y este no desaparecer\u00e1 hasta que clique el bot\u00f3n de Aceptar.<\/p><p>Sin embargo, en cualquier momento, el usuario tiene la opci\u00f3n de impedir la generaci\u00f3n de 'cookies' y la eliminaci\u00f3n de estas mediante la selecci\u00f3n de la correspondiente opci\u00f3n en su navegador:<\/p><ul><li><a class=\"link\" title=\"Chrome\" href=\"http:\/\/support.google.com\/chrome\/bin\/answer.py?hl=es&answer=95647\" target=\"_blank\" rel=\"noopener\">Chrome<\/a><\/li><li><a class=\"link\" title=\"Firefox\" href=\"http:\/\/support.mozilla.org\/es\/kb\/cookies-informacion-que-los-sitios-web-guardan-en-?esab=a&s=manage+cookies&r=1&as=s\" target=\"_blank\" rel=\"noopener\">Firefox<\/a><\/li><li><a class=\"link\" title=\"Safari\" href=\"http:\/\/support.apple.com\/kb\/ph5042\" target=\"_blank\" rel=\"noopener\">Safari<\/a><\/li><li><a class=\"link\" title=\"Internet Explorer\" href=\"http:\/\/windows.microsoft.com\/es-es\/windows7\/how-to-manage-cookies-in-internet-explorer-9\" target=\"_blank\" rel=\"noopener\">Internet Explorer<\/a><\/li><li><a class=\"link\" title=\"Opera\" href=\"http:\/\/help.opera.com\/Windows\/11.50\/es-ES\/cookies.html\" target=\"_blank\" rel=\"noopener\">Opera<\/a><\/li><\/ul><p>Una vez realizada esta acci\u00f3n, se entiende que el usuario no desea utilizar este site, y que cualquier visita posterior implica la aceptaci\u00f3n de los t\u00e9rminos descritos anteriormente.<\/p><p><a id=\"comunicados\" name=\"comunicados\"><\/a><strong>3. Comunicados<\/strong><\/p><p>Los comunicados por parte de JOINSO, se rigen bajo los siguientes preceptos:<\/p><p>En aplicaci\u00f3n de la Ley 34\/02 de Servicios de la Sociedad de la Informaci\u00f3n y de Comercio (LSSI-CE), y de la Ley Org\u00e1nica 15\/1999 de 13 de diciembre, de Protecci\u00f3n de Datos Personales, estamos obligados a comunicarle que su direcci\u00f3n de correo podr\u00eda formar parte de nuestras base de datos, formando as\u00ed parte de un fichero automatizado: de contactos, con el objetivo de ofrecerle noticias de nuestra compa\u00f1\u00eda, y de nuestros productos y servicios, o de clientes y\/o proveedores con el objetivo de mantener relaciones comunicativas entre nuestra compa\u00f1\u00eda y usted.<\/p><p>La empresa propietaria y responsable del fichero es JOINSO, SCP.<\/p><p>Tambi\u00e9n le informamos que, de acuerdo con la Ley Org\u00e1nica de Protecci\u00f3n de Datos de Car\u00e1cter Personal (LOPD) 15\/1999 de 13 de diciembre, usted tiene derecho de acceso, rectificaci\u00f3n, cancelaci\u00f3n y oposici\u00f3n, que podr\u00e1 ejercitar por carta a JOINSO, SCP, Ap. Correos 2033, 08208 Sabadell o bien por correo electr\u00f3nico a [emailjoinso id='contact-mail-3'].<\/p>","_et_gb_content_width":"","footnotes":""},"class_list":["post-280","page","type-page","status-publish","hentry"],"_links":{"self":[{"href":"https:\/\/joinso.cat\/ca\/wp-json\/wp\/v2\/pages\/280","targetHints":{"allow":["GET"]}}],"collection":[{"href":"https:\/\/joinso.cat\/ca\/wp-json\/wp\/v2\/pages"}],"about":[{"href":"https:\/\/joinso.cat\/ca\/wp-json\/wp\/v2\/types\/page"}],"author":[{"embeddable":true,"href":"https:\/\/joinso.cat\/ca\/wp-json\/wp\/v2\/users\/1"}],"replies":[{"embeddable":true,"href":"https:\/\/joinso.cat\/ca\/wp-json\/wp\/v2\/comments?post=280"}],"version-history":[{"count":13,"href":"https:\/\/joinso.cat\/ca\/wp-json\/wp\/v2\/pages\/280\/revisions"}],"predecessor-version":[{"id":2810,"href":"https:\/\/joinso.cat\/ca\/wp-json\/wp\/v2\/pages\/280\/revisions\/2810"}],"wp:attachment":[{"href":"https:\/\/joinso.cat\/ca\/wp-json\/wp\/v2\/media?parent=280"}],"curies":[{"name":"wp","href":"https:\/\/api.w.org\/{rel}","templated":true}]}}