{"id":4778,"date":"2026-01-14T14:09:23","date_gmt":"2026-01-14T13:09:23","guid":{"rendered":"https:\/\/joinso.cat\/servicios-3\/"},"modified":"2026-02-25T16:47:15","modified_gmt":"2026-02-25T15:47:15","slug":"servicios-3","status":"publish","type":"page","link":"https:\/\/joinso.cat\/ca\/gestionem\/","title":{"rendered":"Gestionem"},"content":{"rendered":"<p>[et_pb_section fb_built=&#8221;1&#8243; fullwidth=&#8221;on&#8221; custom_padding_last_edited=&#8221;off|desktop&#8221; admin_label=&#8221;section&#8221; _builder_version=&#8221;4.27.5&#8243; background_color=&#8221;#ffffff&#8221; custom_padding_tablet=&#8221;50px|0|50px|0&#8243; transparent_background=&#8221;off&#8221; padding_mobile=&#8221;off&#8221; make_fullwidth=&#8221;off&#8221; use_custom_width=&#8221;off&#8221; width_unit=&#8221;on&#8221; global_colors_info=&#8221;{}&#8221;][et_pb_fullwidth_slider show_arrows=&#8221;off&#8221; show_pagination=&#8221;off&#8221; admin_label=&#8221;Fullwidth Slider&#8221; module_id=&#8221;headers&#8221; _builder_version=&#8221;4.27.5&#8243; text_orientation=&#8221;left&#8221; custom_padding=&#8221;|||&#8221; custom_padding_tablet=&#8221;|||&#8221; custom_padding_phone=&#8221;|||&#8221; header_font_size_last_edited=&#8221;off|desktop&#8221; remove_inner_shadow=&#8221;on&#8221; hide_content_on_mobile=&#8221;off&#8221; hide_cta_on_mobile=&#8221;off&#8221; show_inner_shadow=&#8221;off&#8221; button_letter_spacing_hover=&#8221;0&#8243; global_colors_info=&#8221;{}&#8221; button_text_size__hover_enabled=&#8221;off&#8221; button_text_size__hover=&#8221;null&#8221; button_one_text_size__hover_enabled=&#8221;off&#8221; button_one_text_size__hover=&#8221;null&#8221; button_two_text_size__hover_enabled=&#8221;off&#8221; button_two_text_size__hover=&#8221;null&#8221; button_text_color__hover_enabled=&#8221;off&#8221; button_text_color__hover=&#8221;null&#8221; button_one_text_color__hover_enabled=&#8221;off&#8221; button_one_text_color__hover=&#8221;null&#8221; button_two_text_color__hover_enabled=&#8221;off&#8221; button_two_text_color__hover=&#8221;null&#8221; button_border_width__hover_enabled=&#8221;off&#8221; button_border_width__hover=&#8221;null&#8221; button_one_border_width__hover_enabled=&#8221;off&#8221; button_one_border_width__hover=&#8221;null&#8221; button_two_border_width__hover_enabled=&#8221;off&#8221; button_two_border_width__hover=&#8221;null&#8221; button_border_color__hover_enabled=&#8221;off&#8221; button_border_color__hover=&#8221;null&#8221; button_one_border_color__hover_enabled=&#8221;off&#8221; button_one_border_color__hover=&#8221;null&#8221; button_two_border_color__hover_enabled=&#8221;off&#8221; button_two_border_color__hover=&#8221;null&#8221; button_border_radius__hover_enabled=&#8221;off&#8221; button_border_radius__hover=&#8221;null&#8221; button_one_border_radius__hover_enabled=&#8221;off&#8221; button_one_border_radius__hover=&#8221;null&#8221; button_two_border_radius__hover_enabled=&#8221;off&#8221; button_two_border_radius__hover=&#8221;null&#8221; button_letter_spacing__hover_enabled=&#8221;on&#8221; button_letter_spacing__hover=&#8221;0&#8243; button_one_letter_spacing__hover_enabled=&#8221;off&#8221; button_one_letter_spacing__hover=&#8221;null&#8221; button_two_letter_spacing__hover_enabled=&#8221;off&#8221; button_two_letter_spacing__hover=&#8221;null&#8221; button_bg_color__hover_enabled=&#8221;off&#8221; button_bg_color__hover=&#8221;null&#8221; button_one_bg_color__hover_enabled=&#8221;off&#8221; button_one_bg_color__hover=&#8221;null&#8221; button_two_bg_color__hover_enabled=&#8221;off&#8221; button_two_bg_color__hover=&#8221;null&#8221; header_font_size__hover_enabled=&#8221;off|desktop&#8221;][et_pb_slide heading=&#8221;Gestionem&#8221; use_bg_overlay=&#8221;off&#8221; use_text_overlay=&#8221;off&#8221; alignment=&#8221;bottom&#8221; admin_title=&#8221;servicios&#8221; _builder_version=&#8221;4.27.5&#8243; header_font=&#8221;|on|||&#8221; body_font=&#8221;||||&#8221; background_color=&#8221;#ffffff&#8221; background_image=&#8221;https:\/\/joinso.cat\/wp-content\/uploads\/joinso-gestionamos-proyectos.jpg&#8221; background_enable_image=&#8221;on&#8221; background_position=&#8221;top_center&#8221; button_icon_placement=&#8221;right&#8221; button_on_hover=&#8221;on&#8221; global_colors_info=&#8221;{}&#8221; button_text_size__hover_enabled=&#8221;off&#8221; button_one_text_size__hover_enabled=&#8221;off&#8221; button_two_text_size__hover_enabled=&#8221;off&#8221; button_text_color__hover_enabled=&#8221;off&#8221; button_one_text_color__hover_enabled=&#8221;off&#8221; button_two_text_color__hover_enabled=&#8221;off&#8221; button_border_width__hover_enabled=&#8221;off&#8221; button_one_border_width__hover_enabled=&#8221;off&#8221; button_two_border_width__hover_enabled=&#8221;off&#8221; button_border_color__hover_enabled=&#8221;off&#8221; button_one_border_color__hover_enabled=&#8221;off&#8221; button_two_border_color__hover_enabled=&#8221;off&#8221; button_border_radius__hover_enabled=&#8221;off&#8221; button_one_border_radius__hover_enabled=&#8221;off&#8221; button_two_border_radius__hover_enabled=&#8221;off&#8221; button_letter_spacing__hover_enabled=&#8221;off&#8221; button_one_letter_spacing__hover_enabled=&#8221;off&#8221; button_two_letter_spacing__hover_enabled=&#8221;off&#8221; button_bg_color__hover_enabled=&#8221;off&#8221; button_one_bg_color__hover_enabled=&#8221;off&#8221; button_two_bg_color__hover_enabled=&#8221;off&#8221; sticky_transition=&#8221;on&#8221;]<\/p>\n<p>L\u2019\u00e8xit d\u2019un projecte comen\u00e7a molt abans del codi<\/p>\n<p>[\/et_pb_slide][\/et_pb_fullwidth_slider][\/et_pb_section][et_pb_section fb_built=&#8221;1&#8243; custom_padding_last_edited=&#8221;on|desktop&#8221; _builder_version=&#8221;4.27.5&#8243; background_color=&#8221;#ffffff&#8221; width=&#8221;100%&#8221; custom_padding_tablet=&#8221;50px|0|50px|0&#8243; custom_padding_phone=&#8221;&#8221; transparent_background=&#8221;off&#8221; padding_mobile=&#8221;off&#8221; make_fullwidth=&#8221;off&#8221; use_custom_width=&#8221;off&#8221; width_unit=&#8221;on&#8221; global_colors_info=&#8221;{}&#8221;][et_pb_row admin_label=&#8221;row&#8221; _builder_version=&#8221;4.27.5&#8243; background_size=&#8221;initial&#8221; background_position=&#8221;top_left&#8221; background_repeat=&#8221;repeat&#8221; max_width=&#8221;2560px&#8221; global_colors_info=&#8221;{}&#8221;][et_pb_column type=&#8221;4_4&#8243; _builder_version=&#8221;4.16&#8243; custom_padding=&#8221;|||&#8221; global_colors_info=&#8221;{}&#8221; custom_padding__hover=&#8221;|||&#8221;][et_pb_text module_id=&#8221;intro_seccions&#8221; _builder_version=&#8221;4.27.5&#8243; _module_preset=&#8221;default&#8221; text_font=&#8221;||on||||||&#8221; text_font_size=&#8221;20px&#8221; text_orientation=&#8221;justified&#8221; module_alignment=&#8221;center&#8221; global_colors_info=&#8221;{}&#8221;]<\/p>\n<p>En el sector tecnol\u00f2gic, una gran idea nom\u00e9s assoleix el seu m\u00e0xim potencial quan compta amb una execuci\u00f3 impecable. Sovint, el risc m\u00e9s gran per a la rendibilitat no \u00e9s la manca de tecnologia, sin\u00f3 una gesti\u00f3 ineficient que genera desviacions i colls d&#8217;ampolla.<\/p>\n<p>A <strong>JOINSO<\/strong>, no ens limitem a vigilar un cronograma; actuem com el pont cr\u00edtic entre els teus objectius de negoci i la realitat t\u00e8cnica. Liderem els teus projectes d\u2019IT amb metodologies de precisi\u00f3 dissenyades per protegir la teva inversi\u00f3 i garantir resultats tangibles.<\/p>\n<p>[\/et_pb_text][\/et_pb_column][\/et_pb_row][et_pb_row column_structure=&#8221;1_2,1_2&#8243; use_custom_gutter=&#8221;on&#8221; gutter_width=&#8221;2&#8243; _builder_version=&#8221;4.27.5&#8243; _module_preset=&#8221;default&#8221; max_width=&#8221;2560px&#8221; global_colors_info=&#8221;{}&#8221;][et_pb_column type=&#8221;1_2&#8243; _builder_version=&#8221;4.27.5&#8243; _module_preset=&#8221;default&#8221; global_colors_info=&#8221;{}&#8221;][et_pb_image src=&#8221;https:\/\/joinso.cat\/wp-content\/uploads\/metodologia-orientada-entrega-real.jpg&#8221; alt=&#8221;Reuni\u00f3n de seguimiento de proyecto aplicando metodolog\u00eda Agile y Scrum para garantizar entregas reales&#8221; title_text=&#8221;Metodolog\u00eda Agile aplicada a la gesti\u00f3n de proyectos tecnol\u00f3gicos&#8221; align=&#8221;right&#8221; _builder_version=&#8221;4.27.5&#8243; _module_preset=&#8221;default&#8221; width=&#8221;100%&#8221; global_colors_info=&#8221;{}&#8221;][\/et_pb_image][\/et_pb_column][et_pb_column type=&#8221;1_2&#8243; _builder_version=&#8221;4.27.5&#8243; _module_preset=&#8221;default&#8221; global_colors_info=&#8221;{}&#8221;][et_pb_text _builder_version=&#8221;4.27.5&#8243; _module_preset=&#8221;default&#8221; text_orientation=&#8221;justified&#8221; global_colors_info=&#8221;{}&#8221;]<\/p>\n<h2 style=\"text-align: left;\" class=\"seccions\">Una metodologia orientada al lliurament real<\/h2>\n<p>&nbsp;<\/p>\n<p>No creiem en plans r\u00edgids que es queden en un calaix. El nostre cam\u00ed cap a l&#8217;\u00e8xit es basa en un cicle viu de tres etapes:<\/p>\n<p>&nbsp;<\/p>\n<ul>\n<li><b>Estrat\u00e8gia i Roadmap:<\/b> Abans de moure una sola pe\u00e7a, analitzem l\u2019abast real i els KPIs d\u2019\u00e8xit. Definim la viabilitat t\u00e8cnica perqu\u00e8, quan el projecte arrenqui, el cam\u00ed estigui totalment clar.<\/li>\n<li><b>Agilitat en el control:<\/b> Implementem metodologies com <i>Scrum<\/i> i <i>Agile<\/i>, la qual cosa ens permet oferir-te lliuraments incrementals. Aix\u00ed, veur\u00e0s aven\u00e7os reals des de les primeres setmanes i podrem realitzar ajustos r\u00e0pids sense que els costos es disparin.<\/li>\n<li><b>Prevenci\u00f3 i Mitigaci\u00f3:<\/b> Identifiquem els \u00abpunts cecs\u00bb abans que es converteixin en problemes. Per a nosaltres, la millor gesti\u00f3 de crisis \u00e9s aquella que aconsegueix evitar que la crisi passi.<\/li>\n<\/ul>\n<p>[\/et_pb_text][\/et_pb_column][\/et_pb_row][et_pb_row column_structure=&#8221;1_2,1_2&#8243; _builder_version=&#8221;4.27.5&#8243; _module_preset=&#8221;default&#8221; max_width=&#8221;2560px&#8221; global_colors_info=&#8221;{}&#8221; custom_css_main_element_last_edited=&#8221;on|tablet&#8221; custom_css_main_element_tablet=&#8221;display: flex;||flex-wrap: wrap;&#8221; custom_css_main_element_phone=&#8221;display: flex;||flex-wrap: wrap;&#8221;][et_pb_column type=&#8221;1_2&#8243; _builder_version=&#8221;4.27.5&#8243; _module_preset=&#8221;default&#8221; global_colors_info=&#8221;{}&#8221; custom_css_main_element_last_edited=&#8221;on|tablet&#8221; custom_css_main_element_tablet=&#8221;order: 2;&#8221; custom_css_main_element_phone=&#8221;order: 2;&#8221;][et_pb_text _builder_version=&#8221;4.27.5&#8243; _module_preset=&#8221;default&#8221; text_orientation=&#8221;justified&#8221; global_colors_info=&#8221;{}&#8221; custom_css_main_element_last_edited=&#8221;off|tablet&#8221; custom_css_main_element_phone=&#8221;order: 2;&#8221;]<\/p>\n<h2 class=\"seccions\" style=\"text-align: left;\">Lideratge transparent i comprom\u00eds amb la qualitat<\/h2>\n<p>&nbsp;<\/p>\n<p>Entenem que la tecnologia pot ser complexa, per aix\u00f2 el nostre lideratge es basa en la <b>transpar\u00e8ncia total<\/b>. Rebr\u00e0s informes d\u2019estat clars, sense tecnicismes innecessaris, i tindr\u00e0s acc\u00e9s directe als nostres gestors per saber exactament on \u00e9s la teva inversi\u00f3.<\/p>\n<p>Optimitzem cada recurs assignant el talent adequat a cada tasca i ens encarreguem de la <b>gesti\u00f3 del canvi<\/b>, ajudant el teu equip intern a adoptar les noves solucions sense friccions. Tot aix\u00f2 sota un estricte control de qualitat (QA) que assegura que el resultat final sigui segur, escalable i fidel al que s&#8217;ha planificat.<\/p>\n<p>[\/et_pb_text][et_pb_text _builder_version=&#8221;4.27.5&#8243; _module_preset=&#8221;default&#8221; text_orientation=&#8221;justified&#8221; global_colors_info=&#8221;{}&#8221; custom_css_main_element_last_edited=&#8221;off|tablet&#8221; custom_css_main_element_phone=&#8221;order: 3;&#8221;]<\/p>\n<h2 style=\"text-align: left;\" class=\"seccions\">Recupera el control i la tranquil\u00b7litat<\/h2>\n<p>&nbsp;<\/p>\n<p>Tens projectes estancats, pressupostos que es desvien o falta d&#8217;alineaci\u00f3 entre desenvolupament i direcci\u00f3? Nosaltres resolem aquestes friccions per tu.<\/p>\n<p>En externalitzar la gesti\u00f3 amb JOINSO, tu recuperes el temps per centrar-te a fer cr\u00e9ixer el teu negoci, amb la tranquil\u00b7litat de saber que la maquin\u00e0ria tecnol\u00f2gica est\u00e0 en mans expertes.<\/p>\n<p>[\/et_pb_text][\/et_pb_column][et_pb_column type=&#8221;1_2&#8243; _builder_version=&#8221;4.27.5&#8243; _module_preset=&#8221;default&#8221; global_colors_info=&#8221;{}&#8221; custom_css_main_element_last_edited=&#8221;on|phone&#8221; custom_css_main_element_tablet=&#8221;order: 1;&#8221; custom_css_main_element_phone=&#8221;order: 1;&#8221;][et_pb_video src=&#8221;https:\/\/joinso.cat\/wp-content\/uploads\/liderazgo-transparente.mp4&#8243; disabled_on=&#8221;off|off|off&#8221; module_class=&#8221;lwp-video-autoplay&#8221; _builder_version=&#8221;4.27.5&#8243; _module_preset=&#8221;default&#8221; global_colors_info=&#8221;{}&#8221;][\/et_pb_video][\/et_pb_column][\/et_pb_row][et_pb_row _builder_version=&#8221;4.27.5&#8243; _module_preset=&#8221;default&#8221; max_width=&#8221;2560px&#8221; global_colors_info=&#8221;{}&#8221;][et_pb_column type=&#8221;4_4&#8243; _builder_version=&#8221;4.27.5&#8243; _module_preset=&#8221;default&#8221; global_colors_info=&#8221;{}&#8221;][et_pb_text _builder_version=&#8221;4.27.5&#8243; _module_preset=&#8221;default&#8221; text_orientation=&#8221;justified&#8221; global_colors_info=&#8221;{}&#8221; custom_css_main_element_last_edited=&#8221;off|tablet&#8221; custom_css_main_element_phone=&#8221;order: 3;&#8221;]<\/p>\n<h2 class=\"seccions\" style=\"text-align: center;\">Tens un projecte en ment i no saps per on comen\u00e7ar?<\/h2>\n<p>[\/et_pb_text][et_pb_button button_url=&#8221;\/ca\/contacte\/&#8221; button_text=&#8221;Parlem?&#8221; button_alignment=&#8221;center&#8221; _builder_version=&#8221;4.27.5&#8243; _module_preset=&#8221;default&#8221; hover_enabled=&#8221;0&#8243; global_colors_info=&#8221;{}&#8221; custom_css_main_element_last_edited=&#8221;off|desktop&#8221; custom_css_main_element_tablet=&#8221;order: 4;&#8221; custom_css_main_element_phone=&#8221;order: 4;&#8221; sticky_enabled=&#8221;0&#8243;][\/et_pb_button][et_pb_code _builder_version=&#8221;4.27.5&#8243; _module_preset=&#8221;default&#8221; text_orientation=&#8221;center&#8221; global_colors_info=&#8221;{}&#8221;]<\/p>\n<h2 class=\"seccions_centrada\">Respostes a les preguntes m\u00e9s freq\u00fcents<\/h2>\n<p><!-- [et_pb_line_break_holder] --><\/p>\n<h3 class=\"seccions_centrada\">Resolem els teus dubtes sobre gesti\u00f3 de projectes<\/h3>\n<p><!\u2013- [et_pb_br_holder] -\u2013><!-- [et_pb_line_break_holder] --><\/p>\n<div class=\"schema-faq-code\"><!-- [et_pb_line_break_holder] -->\t<\/p>\n<div class=\"faq-question\"><!-- [et_pb_line_break_holder] -->\t\t<\/p>\n<h3 class=\"faq-q\">Qu\u00e8 significa que JOINSO assumeix el lideratge dels projectes inform\u00e0tics de la meva empresa?<\/h3>\n<p><!-- [et_pb_line_break_holder] -->\t\t<\/p>\n<div><!-- [et_pb_line_break_holder] -->\t\t<pee class=\"faq-a\">Significa que actuem com el teu departament d&#8217;IT estrat\u00e8gic. No nom\u00e9s resolem incid\u00e8ncies; planifiquem el teu full de ruta tecnol\u00f2gic, alineem les eines amb els teus objectius de negoci i prenem decisions t\u00e8cniques perqu\u00e8 la direcci\u00f3 de l&#8217;empresa pugui centrar-se exclusivament en la seva activitat principal.<\/pee><!-- [et_pb_line_break_holder] -->\t\t<\/div>\n<p><!-- [et_pb_line_break_holder] -->\t<\/div>\n<p><!-- [et_pb_line_break_holder] -->\t<\/p>\n<div class=\"faq-question\"><!-- [et_pb_line_break_holder] -->\t\t<\/p>\n<h3 class=\"faq-q\">Com ajuda la gesti\u00f3 de projectes de JOINSO a reduir els costos operatius?<\/h3>\n<p><!-- [et_pb_line_break_holder] -->\t\t<\/p>\n<div><!-- [et_pb_line_break_holder] -->\t\t<pee class=\"faq-a\">Un projecte mal gestionat genera &#8220;deute t\u00e8cnic&#8221; i despeses imprevistes. Nosaltres auditem la teva infraestructura actual per eliminar duplicitats, optimitzar recursos i assegurar que cada inversi\u00f3 en tecnologia tingui un retorn clar (ROI). Gestionem els teus recursos perqu\u00e8 la inform\u00e0tica sigui una inversi\u00f3 rendible, no una despesa descontrolada.<\/pee><!-- [et_pb_line_break_holder] -->\t\t<\/div>\n<p><!-- [et_pb_line_break_holder] -->\t<\/div>\n<p><!-- [et_pb_line_break_holder] -->\t<\/p>\n<div class=\"faq-question\"><!-- [et_pb_line_break_holder] -->\t\t<\/p>\n<h3 class=\"faq-q\">En qu\u00e8 es diferencia la nostra gesti\u00f3 de la d&#8217;un servei t\u00e8cnic convencional?<\/h3>\n<p><!-- [et_pb_line_break_holder] -->\t\t<\/p>\n<div><!-- [et_pb_line_break_holder] -->\t\t<pee class=\"faq-a\">Un servei t\u00e8cnic \u00e9s reactiu (espera que alguna cosa falli). A JOINSO som proactius i estrat\u00e8gics: dissenyem l&#8217;arquitectura dels teus sistemes, liderem la implementaci\u00f3 de nous programaris (ERP, CRM) i garantim que la tecnologia escali al mateix ritme que el teu negoci.<\/pee><!-- [et_pb_line_break_holder] -->\t\t<\/div>\n<p><!-- [et_pb_line_break_holder] -->\t<\/div>\n<p><!-- [et_pb_line_break_holder] -->\t<\/p>\n<div class=\"faq-question\"><!-- [et_pb_line_break_holder] -->\t\t<\/p>\n<h3 class=\"faq-q\">Com gestionem la implementaci\u00f3 d&#8217;un nou programari o infraestructura a la meva organitzaci\u00f3?<\/h3>\n<p><!-- [et_pb_line_break_holder] -->\t\t<\/p>\n<div><!-- [et_pb_line_break_holder] -->\t\t<pee class=\"faq-a\">Utilitzem metodologies que minimitzen l&#8217;impacte en el dia a dia de la teva plantilla. Liderem el projecte des de la fase de selecci\u00f3 de prove\u00efdors fins a la formaci\u00f3 final. Ens encarreguem de la gesti\u00f3 del canvi, ajudant el teu equip intern a adoptar les noves solucions sense friccions, tot sota un estricte control de qualitat (QA) perqu\u00e8 la transici\u00f3 sigui fluida i segura.<\/pee><!-- [et_pb_line_break_holder] -->\t\t<\/div>\n<p><!-- [et_pb_line_break_holder] -->\t<\/div>\n<p><!-- [et_pb_line_break_holder] -->\t<\/p>\n<div class=\"faq-question\"><!-- [et_pb_line_break_holder] -->\t\t<\/p>\n<h3 class=\"faq-q\">Qu\u00e8 fem si la teva empresa ja t\u00e9 un projecte tecnol\u00f2gic estancat o amb el pressupost desviat?<\/h3>\n<p><!-- [et_pb_line_break_holder] -->\t\t<\/p>\n<div><!-- [et_pb_line_break_holder] -->\t\t<pee class=\"faq-a\">\u00c9s un dels problemes m\u00e9s comuns. A JOINSO intervenim per resoldre les friccions entre el desenvolupament t\u00e8cnic i la direcci\u00f3. Apliquem la nostra fase de prevenci\u00f3 i mitigaci\u00f3: auditem els &#8220;punts cecs&#8221; que estan bloquejant el projecte, reestructurem el roadmap i assumim el lideratge perqu\u00e8 recuperis el control, evitant que la inversi\u00f3 es continu\u00ef desviant.<\/pee><!-- [et_pb_line_break_holder] -->\t\t<\/div>\n<p><!-- [et_pb_line_break_holder] -->\t<\/div>\n<p><!-- [et_pb_line_break_holder] -->\t<\/p>\n<div class=\"faq-question\"><!-- [et_pb_line_break_holder] -->\t\t<\/p>\n<h3 class=\"faq-q\">Quin valor aporta comptar amb un gestor de projectes IT extern?<\/h3>\n<p><!-- [et_pb_line_break_holder] -->\t\t<\/p>\n<div><!-- [et_pb_line_break_holder] -->\t\t<pee class=\"faq-a\">La proximitat ens permet entendre l&#8217;ecosistema empresarial local, per\u00f2 la nostra visi\u00f3 externa ens dona l&#8217;objectivitat necess\u00e0ria per identificar inefici\u00e8ncies que des de dins s\u00f3n dif\u00edcils de veure. Oferim un lideratge d&#8217;alt nivell que moltes pimes no es podrien permetre tenir en plantilla a temps complet.<\/pee><!-- [et_pb_line_break_holder] -->\t\t<\/div>\n<p><!-- [et_pb_line_break_holder] -->\t<\/div>\n<p><!-- [et_pb_line_break_holder] -->\t<\/p>\n<div class=\"faq-question\"><!-- [et_pb_line_break_holder] -->\t\t<\/p>\n<h3 class=\"faq-q\">Com garantim que els projectes tecnol\u00f2gics no quedin obsolets en poc temps?<\/h3>\n<p><!-- [et_pb_line_break_holder] -->\t\t<\/p>\n<div><!-- [et_pb_line_break_holder] -->\t\t<pee class=\"faq-a\">La nostra gesti\u00f3 inclou una vigil\u00e0ncia tecnol\u00f2gica constant. No implementem &#8220;l&#8217;\u00faltim&#8221; per moda, sin\u00f3 solucions robustes i escalables. Dissenyem infraestructures flexibles que permeten integrar futures innovacions sense haver de comen\u00e7ar de zero, protegint aix\u00ed la teva inversi\u00f3 a llarg termini.<\/pee><!-- [et_pb_line_break_holder] -->\t\t<\/div>\n<p><!-- [et_pb_line_break_holder] -->\t<\/div>\n<p><!-- [et_pb_line_break_holder] -->\t<\/p>\n<div class=\"faq-question\"><!-- [et_pb_line_break_holder] -->\t\t<\/p>\n<h3 class=\"faq-q\">Com integra JOINSO la ciberseguretat en la gesti\u00f3 de projectes?<\/h3>\n<p><!-- [et_pb_line_break_holder] -->\t\t<\/p>\n<div><!-- [et_pb_line_break_holder] -->\t\t<pee class=\"faq-a\">La seguretat no \u00e9s un peda\u00e7, \u00e9s la base de la nostra gesti\u00f3. En cada projecte que liderem, des de la migraci\u00f3 al n\u00favol fins a la gesti\u00f3 de xarxes, apliquem protocols de &#8220;seguretat per disseny&#8221;. Ens assegurem que la teva governan\u00e7a de dades compleixi els est\u00e0ndards m\u00e9s exigents i la normativa vigent.<\/pee><!-- [et_pb_line_break_holder] -->\t\t<\/div>\n<p><!-- [et_pb_line_break_holder] -->\t<\/div>\n<p><!-- [et_pb_line_break_holder] -->\t<\/p>\n<div class=\"faq-question\"><!-- [et_pb_line_break_holder] -->\t\t<\/p>\n<h3 class=\"faq-q\">Quin paper juga JOINSO en la presa de decisions tecnol\u00f2giques de la ger\u00e8ncia?<\/h3>\n<p><!-- [et_pb_line_break_holder] -->\t\t<\/p>\n<div><!-- [et_pb_line_break_holder] -->\t\t<pee class=\"faq-a\">Actuem com el pont cr\u00edtic entre els teus objectius de negoci i la realitat t\u00e8cnica. Tradu\u00efm conceptes t\u00e8cnics complexos a llenguatge de negoci mitjan\u00e7ant informes d&#8217;estat clars i sense tecnicismes innecessaris, perqu\u00e8 la ger\u00e8ncia s\u00e0piga exactament on \u00e9s la seva inversi\u00f3 i pugui prendre decisions informades.<\/pee><!-- [et_pb_line_break_holder] -->\t\t<\/div>\n<p><!-- [et_pb_line_break_holder] -->\t<\/div>\n<p><!-- [et_pb_line_break_holder] --><\/div>\n<p>[\/et_pb_code][et_pb_text disabled_on=&#8221;off|off|off&#8221; _builder_version=&#8221;4.27.5&#8243; _module_preset=&#8221;default&#8221; text_orientation=&#8221;center&#8221; global_module=&#8221;4789&#8243; saved_tabs=&#8221;all&#8221; global_colors_info=&#8221;{}&#8221;]<\/p>\n<h2 class=\"seccions_centrada\"><strong>Alguns dels nostres clients<\/strong><\/h2>\n<h3 class=\"seccions_centrada\">Casos d&#8217;\u00e8xit<\/h3>\n<ul id=\"customers\">\n<li><img loading=\"lazy\" decoding=\"async\" src=\"https:\/\/joinso.cat\/wp-content\/uploads\/mcneel-3.jpg\" alt=\"\" width=\"250\" height=\"250\" class=\"alignnone size-full wp-image-4334\" \/><\/li>\n<li><img loading=\"lazy\" decoding=\"async\" src=\"https:\/\/joinso.cat\/wp-content\/uploads\/saate_250.jpg\" alt=\"\" width=\"250\" height=\"250\" class=\"alignnone size-full wp-image-4299\" \/><\/li>\n<li><img loading=\"lazy\" decoding=\"async\" src=\"https:\/\/joinso.cat\/wp-content\/uploads\/asuni-2.jpg\" alt=\"\" width=\"250\" height=\"250\" class=\"alignnone size-full wp-image-4304\" \/><\/li>\n<li><img loading=\"lazy\" decoding=\"async\" src=\"https:\/\/joinso.cat\/wp-content\/uploads\/cros_ingenieros-1.jpg\" alt=\"\" width=\"250\" height=\"250\" class=\"alignnone size-full wp-image-4316\" \/><\/li>\n<li><img loading=\"lazy\" decoding=\"async\" src=\"https:\/\/joinso.cat\/wp-content\/uploads\/piera.jpg\" alt=\"\" width=\"250\" height=\"250\" class=\"alignnone size-full wp-image-4322\" \/><\/li>\n<li><img loading=\"lazy\" decoding=\"async\" src=\"https:\/\/joinso.cat\/wp-content\/uploads\/multiopticas_lux-1.jpg\" alt=\"\" width=\"250\" height=\"250\" class=\"alignnone size-full wp-image-4319\" \/><\/li>\n<li><img loading=\"lazy\" decoding=\"async\" src=\"https:\/\/joinso.cat\/wp-content\/uploads\/caas_arquitectes.jpg\" alt=\"\" width=\"250\" height=\"250\" class=\"alignnone size-full wp-image-4313\" srcset=\"https:\/\/joinso.cat\/wp-content\/uploads\/caas_arquitectes.jpg 250w, https:\/\/joinso.cat\/wp-content\/uploads\/caas_arquitectes-150x150.jpg 150w\" sizes=\"(max-width: 250px) 100vw, 250px\" \/><\/li>\n<li><img loading=\"lazy\" decoding=\"async\" src=\"https:\/\/joinso.cat\/wp-content\/uploads\/agbar-4.jpg\" alt=\"\" width=\"250\" height=\"250\" class=\"alignnone size-full wp-image-4307\" \/><\/li>\n<li><img loading=\"lazy\" decoding=\"async\" src=\"https:\/\/joinso.cat\/wp-content\/uploads\/caser-4.jpg\" alt=\"\" width=\"250\" height=\"250\" class=\"alignnone size-full wp-image-4310\" \/><\/li>\n<li><img loading=\"lazy\" decoding=\"async\" src=\"https:\/\/joinso.cat\/wp-content\/uploads\/naturgy-6.jpg\" alt=\"\" width=\"250\" height=\"250\" class=\"alignnone size-full wp-image-4325\" \/><\/li>\n<li><img loading=\"lazy\" decoding=\"async\" src=\"https:\/\/joinso.cat\/wp-content\/uploads\/bse-3.jpg\" alt=\"\" width=\"250\" height=\"250\" class=\"alignnone size-full wp-image-4331\" \/><\/li>\n<\/ul>\n<p>[\/et_pb_text][\/et_pb_column][\/et_pb_row][\/et_pb_section]<\/p>\n","protected":false},"excerpt":{"rendered":"<p>Lideratge i gesti\u00f3 de projectes IT amb metodologies Agile. Redu\u00efm costos i deute t\u00e8cnic per garantir lliuraments reals i protegir la teva inversi\u00f3 tecnol\u00f2gica.<\/p>\n","protected":false},"author":1,"featured_media":4595,"parent":0,"menu_order":2,"comment_status":"closed","ping_status":"closed","template":"","meta":{"_et_pb_use_builder":"on","_et_pb_old_content":"","_et_gb_content_width":"","footnotes":""},"class_list":["post-4778","page","type-page","status-publish","has-post-thumbnail","hentry"],"_links":{"self":[{"href":"https:\/\/joinso.cat\/ca\/wp-json\/wp\/v2\/pages\/4778","targetHints":{"allow":["GET"]}}],"collection":[{"href":"https:\/\/joinso.cat\/ca\/wp-json\/wp\/v2\/pages"}],"about":[{"href":"https:\/\/joinso.cat\/ca\/wp-json\/wp\/v2\/types\/page"}],"author":[{"embeddable":true,"href":"https:\/\/joinso.cat\/ca\/wp-json\/wp\/v2\/users\/1"}],"replies":[{"embeddable":true,"href":"https:\/\/joinso.cat\/ca\/wp-json\/wp\/v2\/comments?post=4778"}],"version-history":[{"count":19,"href":"https:\/\/joinso.cat\/ca\/wp-json\/wp\/v2\/pages\/4778\/revisions"}],"predecessor-version":[{"id":5063,"href":"https:\/\/joinso.cat\/ca\/wp-json\/wp\/v2\/pages\/4778\/revisions\/5063"}],"wp:featuredmedia":[{"embeddable":true,"href":"https:\/\/joinso.cat\/ca\/wp-json\/wp\/v2\/media\/4595"}],"wp:attachment":[{"href":"https:\/\/joinso.cat\/ca\/wp-json\/wp\/v2\/media?parent=4778"}],"curies":[{"name":"wp","href":"https:\/\/api.w.org\/{rel}","templated":true}]}}