{"id":4795,"date":"2026-01-15T15:32:48","date_gmt":"2026-01-15T14:32:48","guid":{"rendered":"https:\/\/joinso.cat\/servicios-3-2\/"},"modified":"2026-02-25T16:41:53","modified_gmt":"2026-02-25T15:41:53","slug":"servicios-3-2","status":"publish","type":"page","link":"https:\/\/joinso.cat\/ca\/desenvolupem\/","title":{"rendered":"Desenvolupem"},"content":{"rendered":"<p>[et_pb_section fb_built=&#8221;1&#8243; fullwidth=&#8221;on&#8221; custom_padding_last_edited=&#8221;off|desktop&#8221; admin_label=&#8221;section&#8221; _builder_version=&#8221;4.27.5&#8243; background_color=&#8221;#ffffff&#8221; custom_padding_tablet=&#8221;50px|0|50px|0&#8243; transparent_background=&#8221;off&#8221; padding_mobile=&#8221;off&#8221; make_fullwidth=&#8221;off&#8221; use_custom_width=&#8221;off&#8221; width_unit=&#8221;on&#8221; global_colors_info=&#8221;{}&#8221;][et_pb_fullwidth_slider show_arrows=&#8221;off&#8221; show_pagination=&#8221;off&#8221; admin_label=&#8221;Fullwidth Slider&#8221; module_id=&#8221;headers&#8221; _builder_version=&#8221;4.27.5&#8243; text_orientation=&#8221;left&#8221; custom_padding=&#8221;|||&#8221; custom_padding_tablet=&#8221;|||&#8221; custom_padding_phone=&#8221;|||&#8221; header_font_size_last_edited=&#8221;off|desktop&#8221; remove_inner_shadow=&#8221;on&#8221; hide_content_on_mobile=&#8221;off&#8221; hide_cta_on_mobile=&#8221;off&#8221; show_inner_shadow=&#8221;off&#8221; button_letter_spacing_hover=&#8221;0&#8243; global_colors_info=&#8221;{}&#8221; button_text_size__hover_enabled=&#8221;off&#8221; button_text_size__hover=&#8221;null&#8221; button_one_text_size__hover_enabled=&#8221;off&#8221; button_one_text_size__hover=&#8221;null&#8221; button_two_text_size__hover_enabled=&#8221;off&#8221; button_two_text_size__hover=&#8221;null&#8221; button_text_color__hover_enabled=&#8221;off&#8221; button_text_color__hover=&#8221;null&#8221; button_one_text_color__hover_enabled=&#8221;off&#8221; button_one_text_color__hover=&#8221;null&#8221; button_two_text_color__hover_enabled=&#8221;off&#8221; button_two_text_color__hover=&#8221;null&#8221; button_border_width__hover_enabled=&#8221;off&#8221; button_border_width__hover=&#8221;null&#8221; button_one_border_width__hover_enabled=&#8221;off&#8221; button_one_border_width__hover=&#8221;null&#8221; button_two_border_width__hover_enabled=&#8221;off&#8221; button_two_border_width__hover=&#8221;null&#8221; button_border_color__hover_enabled=&#8221;off&#8221; button_border_color__hover=&#8221;null&#8221; button_one_border_color__hover_enabled=&#8221;off&#8221; button_one_border_color__hover=&#8221;null&#8221; button_two_border_color__hover_enabled=&#8221;off&#8221; button_two_border_color__hover=&#8221;null&#8221; button_border_radius__hover_enabled=&#8221;off&#8221; button_border_radius__hover=&#8221;null&#8221; button_one_border_radius__hover_enabled=&#8221;off&#8221; button_one_border_radius__hover=&#8221;null&#8221; button_two_border_radius__hover_enabled=&#8221;off&#8221; button_two_border_radius__hover=&#8221;null&#8221; button_letter_spacing__hover_enabled=&#8221;on&#8221; button_letter_spacing__hover=&#8221;0&#8243; button_one_letter_spacing__hover_enabled=&#8221;off&#8221; button_one_letter_spacing__hover=&#8221;null&#8221; button_two_letter_spacing__hover_enabled=&#8221;off&#8221; button_two_letter_spacing__hover=&#8221;null&#8221; button_bg_color__hover_enabled=&#8221;off&#8221; button_bg_color__hover=&#8221;null&#8221; button_one_bg_color__hover_enabled=&#8221;off&#8221; button_one_bg_color__hover=&#8221;null&#8221; button_two_bg_color__hover_enabled=&#8221;off&#8221; button_two_bg_color__hover=&#8221;null&#8221; header_font_size__hover_enabled=&#8221;off|desktop&#8221;][et_pb_slide heading=&#8221;Desenvolupem&#8221; use_bg_overlay=&#8221;off&#8221; use_text_overlay=&#8221;off&#8221; alignment=&#8221;bottom&#8221; admin_title=&#8221;servicios&#8221; _builder_version=&#8221;4.27.5&#8243; header_font=&#8221;|on|||&#8221; body_font=&#8221;||||&#8221; background_color=&#8221;#ffffff&#8221; background_image=&#8221;https:\/\/joinso.cat\/wp-content\/uploads\/joinso-desarrollamos.jpg&#8221; background_enable_image=&#8221;on&#8221; background_position=&#8221;top_center&#8221; button_icon_placement=&#8221;right&#8221; button_on_hover=&#8221;on&#8221; body_text_shadow_style=&#8221;preset5&#8243; global_colors_info=&#8221;{}&#8221; button_text_size__hover_enabled=&#8221;off&#8221; button_one_text_size__hover_enabled=&#8221;off&#8221; button_two_text_size__hover_enabled=&#8221;off&#8221; button_text_color__hover_enabled=&#8221;off&#8221; button_one_text_color__hover_enabled=&#8221;off&#8221; button_two_text_color__hover_enabled=&#8221;off&#8221; button_border_width__hover_enabled=&#8221;off&#8221; button_one_border_width__hover_enabled=&#8221;off&#8221; button_two_border_width__hover_enabled=&#8221;off&#8221; button_border_color__hover_enabled=&#8221;off&#8221; button_one_border_color__hover_enabled=&#8221;off&#8221; button_two_border_color__hover_enabled=&#8221;off&#8221; button_border_radius__hover_enabled=&#8221;off&#8221; button_one_border_radius__hover_enabled=&#8221;off&#8221; button_two_border_radius__hover_enabled=&#8221;off&#8221; button_letter_spacing__hover_enabled=&#8221;off&#8221; button_one_letter_spacing__hover_enabled=&#8221;off&#8221; button_two_letter_spacing__hover_enabled=&#8221;off&#8221; button_bg_color__hover_enabled=&#8221;off&#8221; button_one_bg_color__hover_enabled=&#8221;off&#8221; button_two_bg_color__hover_enabled=&#8221;off&#8221; sticky_transition=&#8221;on&#8221;]<\/p>\n<p>Tecnologia d&#8217;alt rendiment dissenyada per escalar<\/p>\n<p>[\/et_pb_slide][\/et_pb_fullwidth_slider][\/et_pb_section][et_pb_section fb_built=&#8221;1&#8243; custom_padding_last_edited=&#8221;on|desktop&#8221; _builder_version=&#8221;4.27.5&#8243; background_color=&#8221;#ffffff&#8221; width=&#8221;100%&#8221; custom_padding_tablet=&#8221;50px|0|50px|0&#8243; custom_padding_phone=&#8221;&#8221; transparent_background=&#8221;off&#8221; padding_mobile=&#8221;off&#8221; make_fullwidth=&#8221;off&#8221; use_custom_width=&#8221;off&#8221; width_unit=&#8221;on&#8221; global_colors_info=&#8221;{}&#8221;][et_pb_row admin_label=&#8221;row&#8221; _builder_version=&#8221;4.27.5&#8243; background_size=&#8221;initial&#8221; background_position=&#8221;top_left&#8221; background_repeat=&#8221;repeat&#8221; max_width=&#8221;2560px&#8221; global_colors_info=&#8221;{}&#8221;][et_pb_column type=&#8221;4_4&#8243; _builder_version=&#8221;4.16&#8243; custom_padding=&#8221;|||&#8221; global_colors_info=&#8221;{}&#8221; custom_padding__hover=&#8221;|||&#8221;][et_pb_text module_id=&#8221;intro_seccions&#8221; _builder_version=&#8221;4.27.5&#8243; _module_preset=&#8221;default&#8221; text_font=&#8221;||on||||||&#8221; text_font_size=&#8221;20px&#8221; text_orientation=&#8221;justified&#8221; module_alignment=&#8221;center&#8221; global_colors_info=&#8221;{}&#8221;]<\/p>\n<p>En l&#8217;entorn digital actual, el programari ja no \u00e9s nom\u00e9s una eina; \u00e9s el motor que impulsa la competitivitat d&#8217;una empresa. Un desenvolupament deficient no nom\u00e9s genera errors t\u00e8cnics, sin\u00f3 que frena el creixement i augmenta els costos de manteniment a llarg termini.<\/p>\n<p>A <strong>JOINSO<\/strong>, transformem idees complexes en solucions digitals s\u00f2lides. No ens limitem a escriure codi; constru\u00efm arquitectures escalables, segures i centrades en l&#8217;usuari, assegurant que cada l\u00ednia de desenvolupament estigui alineada amb els teus objectius comercials m\u00e9s ambiciosos.<\/p>\n<p>[\/et_pb_text][\/et_pb_column][\/et_pb_row][et_pb_row column_structure=&#8221;1_2,1_2&#8243; use_custom_gutter=&#8221;on&#8221; gutter_width=&#8221;2&#8243; _builder_version=&#8221;4.27.5&#8243; _module_preset=&#8221;default&#8221; max_width=&#8221;2560px&#8221; global_colors_info=&#8221;{}&#8221;][et_pb_column type=&#8221;1_2&#8243; _builder_version=&#8221;4.27.5&#8243; _module_preset=&#8221;default&#8221; global_colors_info=&#8221;{}&#8221;][et_pb_image src=&#8221;https:\/\/joinso.cat\/wp-content\/uploads\/ingenieria-de-software.jpg&#8221; alt=&#8221;Arquitectura de software segura aplicando principios Clean Code y patrones SOLID&#8221; title_text=&#8221;Desarrollo de software robusto, mantenible y seguro por dise\u00f1o&#8221; force_fullwidth=&#8221;on&#8221; _builder_version=&#8221;4.27.5&#8243; _module_preset=&#8221;default&#8221; global_colors_info=&#8221;{}&#8221;][\/et_pb_image][\/et_pb_column][et_pb_column type=&#8221;1_2&#8243; _builder_version=&#8221;4.27.5&#8243; _module_preset=&#8221;default&#8221; global_colors_info=&#8221;{}&#8221;][et_pb_text _builder_version=&#8221;4.27.5&#8243; _module_preset=&#8221;default&#8221; text_orientation=&#8221;justified&#8221; global_colors_info=&#8221;{}&#8221;]<\/p>\n<h2 style=\"text-align: left;\" class=\"seccions\">Enginyeria de software amb prop\u00f2sit<\/h2>\n<p>&nbsp;<\/p>\n<p data-path-to-node=\"7\">La nostra manera de desenvolupar s&#8217;allunya del &#8220;copiar i enganxar&#8221;. Ens enfoquem a crear productes que evolucionin amb el teu negoci:<\/p>\n<ul data-path-to-node=\"8\">\n<li>\n<p data-path-to-node=\"8,0,0\"><b data-path-to-node=\"8,0,0\" data-index-in-node=\"0\">Arquitectures preparades per al futur:<\/b> Dissenyem sistemes modulars que permeten cr\u00e9ixer sense l\u00edmits. Ja sigui una plataforma SaaS, una aplicaci\u00f3 m\u00f2bil o un core bancari, l&#8217;escalabilitat \u00e9s la nostra prioritat des de la primera fase de disseny.<\/p>\n<\/li>\n<li>\n<p data-path-to-node=\"8,1,0\"><b data-path-to-node=\"8,1,0\" data-index-in-node=\"0\">Codi net i mantenible:<\/b> Apliquem els est\u00e0ndards d&#8217;enginyeria m\u00e9s alts (Clean Code, SOLID). Aix\u00f2 garanteix que el teu programari sigui f\u00e0cil d&#8217;actualitzar i que el coneixement t\u00e8cnic no es perdi, reduint dr\u00e0sticament el deute t\u00e8cnic.<\/p>\n<\/li>\n<li>\n<p data-path-to-node=\"8,2,0\"><b data-path-to-node=\"8,2,0\" data-index-in-node=\"0\">Seguretat per disseny:<\/b> En un m\u00f3n d&#8217;amenaces constants, la seguretat no \u00e9s un afegit, sin\u00f3 la base. Integrem protocols de protecci\u00f3 de dades i seguretat en cada etapa del desenvolupament per protegir el teu actiu m\u00e9s valu\u00f3s: la informaci\u00f3.<\/p>\n<\/li>\n<\/ul>\n<p>[\/et_pb_text][\/et_pb_column][\/et_pb_row][et_pb_row column_structure=&#8221;1_2,1_2&#8243; use_custom_gutter=&#8221;on&#8221; gutter_width=&#8221;2&#8243; _builder_version=&#8221;4.27.5&#8243; _module_preset=&#8221;default&#8221; max_width=&#8221;2560px&#8221; global_colors_info=&#8221;{}&#8221; custom_css_main_element_last_edited=&#8221;on|tablet&#8221; custom_css_main_element_tablet=&#8221;display: flex;||flex-wrap: wrap;&#8221; custom_css_main_element_phone=&#8221;display: flex;||flex-wrap: wrap;&#8221;][et_pb_column type=&#8221;1_2&#8243; _builder_version=&#8221;4.27.5&#8243; _module_preset=&#8221;default&#8221; global_colors_info=&#8221;{}&#8221; custom_css_main_element_last_edited=&#8221;on|phone&#8221; custom_css_main_element_tablet=&#8221;order: 2;&#8221; custom_css_main_element_phone=&#8221;order: 2;&#8221;][et_pb_text _builder_version=&#8221;4.27.5&#8243; _module_preset=&#8221;default&#8221; text_orientation=&#8221;justified&#8221; global_colors_info=&#8221;{}&#8221;]<\/p>\n<h2 style=\"text-align: left;\" class=\"seccions\">Qualitat sense compromisos (QA i Rendiment)<\/h2>\n<p>&nbsp;<\/p>\n<p data-path-to-node=\"10\">L&#8217;\u00e8xit d&#8217;un desenvolupament es mesura per la seva estabilitat. Per aix\u00f2, implementem processos de <b>QA (Quality Assurance)<\/b> rigorosos i proves automatitzades que ens permeten detectar qualsevol fricci\u00f3 abans que arribi a l&#8217;usuari final. Ens obsessiona el rendiment: optimitzem la velocitat de c\u00e0rrega i l&#8217;efici\u00e8ncia dels processos per oferir una experi\u00e8ncia d&#8217;usuari impecable que es tradueix en una major fidelitzaci\u00f3.<\/p>\n<p>[\/et_pb_text][et_pb_text _builder_version=&#8221;4.27.5&#8243; _module_preset=&#8221;default&#8221; text_orientation=&#8221;justified&#8221; global_colors_info=&#8221;{}&#8221;]<\/p>\n<h2 style=\"text-align: left;\" class=\"seccions\">Co-creaci\u00f3 i stacks tecnol\u00f2gics moderns<\/h2>\n<p>&nbsp;<\/p>\n<p>Treballem amb tu de manera transparent, triant les tecnologies que millor s&#8217;adapten al teu repte, no les que estan de moda. Des del backend fins al frontend, utilitzem stacks moderns i provats que garanteixen robustesa i una integraci\u00f3 fluida amb els teus sistemes actuals.<\/p>\n<p>&nbsp;<\/p>\n<p>[\/et_pb_text][\/et_pb_column][et_pb_column type=&#8221;1_2&#8243; _builder_version=&#8221;4.27.5&#8243; _module_preset=&#8221;default&#8221; global_colors_info=&#8221;{}&#8221; custom_css_main_element_last_edited=&#8221;on|phone&#8221; custom_css_main_element_tablet=&#8221;order: 1;&#8221; custom_css_main_element_phone=&#8221;order: 1;&#8221;][et_pb_image src=&#8221;https:\/\/joinso.cat\/wp-content\/uploads\/calidad-rendimiento.jpg&#8221; title_text=&#8221;Cloud Computing Technology Concept, Hand Using Laptop With Upload Data On Internet Storage.&#8221; force_fullwidth=&#8221;on&#8221; _builder_version=&#8221;4.27.5&#8243; _module_preset=&#8221;default&#8221; global_colors_info=&#8221;{}&#8221;][\/et_pb_image][\/et_pb_column][\/et_pb_row][et_pb_row _builder_version=&#8221;4.27.5&#8243; _module_preset=&#8221;default&#8221; max_width=&#8221;2560px&#8221; global_colors_info=&#8221;{}&#8221;][et_pb_column type=&#8221;4_4&#8243; _builder_version=&#8221;4.27.5&#8243; _module_preset=&#8221;default&#8221; global_colors_info=&#8221;{}&#8221;][et_pb_text _builder_version=&#8221;4.27.5&#8243; _module_preset=&#8221;default&#8221; text_orientation=&#8221;justified&#8221; global_colors_info=&#8221;{}&#8221; custom_css_main_element_last_edited=&#8221;off|tablet&#8221; custom_css_main_element_phone=&#8221;order: 2;&#8221;]<\/p>\n<h2 class=\"seccions\" style=\"text-align: center;\">Tens una visi\u00f3 per\u00f2 necessites un equip que la materialitzi amb garanties?<\/h2>\n<p>[\/et_pb_text][et_pb_button button_url=&#8221;\/ca\/contacte\/&#8221; button_text=&#8221;Parlem?&#8221; button_alignment=&#8221;center&#8221; _builder_version=&#8221;4.27.5&#8243; _module_preset=&#8221;default&#8221; hover_enabled=&#8221;0&#8243; global_colors_info=&#8221;{}&#8221; custom_css_main_element_last_edited=&#8221;off|desktop&#8221; custom_css_main_element_tablet=&#8221;order: 4;&#8221; custom_css_main_element_phone=&#8221;order: 4;&#8221; sticky_enabled=&#8221;0&#8243;][\/et_pb_button][et_pb_code _builder_version=&#8221;4.27.5&#8243; _module_preset=&#8221;default&#8221; text_orientation=&#8221;center&#8221; global_colors_info=&#8221;{}&#8221;]<\/p>\n<h2 class=\"seccions_centrada\">Respostes a les preguntes m\u00e9s freq\u00fcents<\/h2>\n<p><!-- [et_pb_line_break_holder] --><\/p>\n<h3 class=\"seccions_centrada\">Resolem els teus dubtes sobre desenvolupament de projectes<\/h3>\n<p><!\u2013- [et_pb_br_holder] -\u2013><!-- [et_pb_line_break_holder] --><\/p>\n<div class=\"schema-faq-code\"><!-- [et_pb_line_break_holder] -->\t<\/p>\n<div class=\"faq-question\"><!-- [et_pb_line_break_holder] -->\t\t<\/p>\n<h3 class=\"faq-q\">Quan \u00e9s millor un desenvolupament a mida enfront d&#8217;una soluci\u00f3 est\u00e0ndard o prefabricada?<\/h3>\n<p><!-- [et_pb_line_break_holder] -->\t\t<\/p>\n<div><!-- [et_pb_line_break_holder] -->\t\t<pee class=\"faq-a\">Les solucions est\u00e0ndard s\u00f3n \u00fatils per a necessitats b\u00e0siques, per\u00f2 el desenvolupament a mida \u00e9s clau quan el teu negoci t\u00e9 processos \u00fanics que un programari gen\u00e8ric no pot cobrir. A JOINSO desenvolupem programari que s&#8217;adapta al 100% a la teva operativa, eliminant processos manuals i permetent una escalabilitat que les plantilles limiten.<\/pee><!-- [et_pb_line_break_holder] -->\t\t<\/div>\n<p><!-- [et_pb_line_break_holder] -->\t<\/div>\n<p><!-- [et_pb_line_break_holder] -->\t<\/p>\n<div class=\"faq-question\"><!-- [et_pb_line_break_holder] -->\t\t<\/p>\n<h3 class=\"faq-q\">Quines tecnologies utilitzem en els nostres desenvolupaments i per qu\u00e8?<\/h3>\n<p><!-- [et_pb_line_break_holder] -->\t\t<\/p>\n<div><!-- [et_pb_line_break_holder] -->\t\t<pee class=\"faq-a\">No ens lliguem a una sola tecnologia; seleccionem l&#8217;stack t\u00e8cnic que millor s&#8217;adapti als requisits de rendiment i seguretat del teu projecte. El nostre objectiu \u00e9s utilitzar llenguatges moderns, amb gran suport i que permetin que la teva aplicaci\u00f3 sigui r\u00e0pida, segura i f\u00e0cil de mantenir en el futur.<\/pee><!-- [et_pb_line_break_holder] -->\t\t<\/div>\n<p><!-- [et_pb_line_break_holder] -->\t<\/div>\n<p><!-- [et_pb_line_break_holder] -->\t<\/p>\n<div class=\"faq-question\"><!-- [et_pb_line_break_holder] -->\t\t<\/p>\n<h3 class=\"faq-q\">Com assegurem que el programari desenvolupat no generi problemes de manteniment a llarg termini?<\/h3>\n<p><!-- [et_pb_line_break_holder] -->\t\t<\/p>\n<div><!-- [et_pb_line_break_holder] -->\t\t<pee class=\"faq-a\">La nostra manera de desenvolupar s&#8217;allunya del &#8220;copiar i enganxar&#8221;. Apliquem els est\u00e0ndards d&#8217;enginyeria de programari m\u00e9s alts, com Clean Code i principis SOLID. Aix\u00f2 garanteix que el codi sigui net i mantenible, la qual cosa permet que el programari sigui f\u00e0cil d&#8217;actualitzar en el futur i que el coneixement t\u00e8cnic no es perdi, reduint dr\u00e0sticament el deute t\u00e8cnic de la teva empresa.<\/pee><!-- [et_pb_line_break_holder] -->\t\t<\/div>\n<p><!-- [et_pb_line_break_holder] -->\t<\/div>\n<p><!-- [et_pb_line_break_holder] -->\t<\/p>\n<div class=\"faq-question\"><!-- [et_pb_line_break_holder] -->\t\t<\/p>\n<h3 class=\"faq-q\">Com garantim que l&#8217;aplicaci\u00f3 sigui f\u00e0cil d&#8217;utilitzar per als teus empleats o clients?<\/h3>\n<p><!-- [et_pb_line_break_holder] -->\t\t<\/p>\n<div><!-- [et_pb_line_break_holder] -->\t\t<pee class=\"faq-a\">El desenvolupament a JOINSO sempre va de la m\u00e0 de l&#8217;Experi\u00e8ncia d&#8217;Usuari (UX) i el Disseny d&#8217;Interf\u00edcie (UI), per\u00f2 l&#8217;\u00e8xit real es mesura en la seva estabilitat. Implementem processos rigorosos de QA (Quality Assurance) i proves automatitzades. Ens obsessiona el rendiment: optimitzem la velocitat de c\u00e0rrega i l&#8217;efici\u00e8ncia per oferir una experi\u00e8ncia impecable abans que arribi a l&#8217;usuari final.<\/pee><!-- [et_pb_line_break_holder] -->\t\t<\/div>\n<p><!-- [et_pb_line_break_holder] -->\t<\/div>\n<p><!-- [et_pb_line_break_holder] -->\t<\/p>\n<div class=\"faq-question\"><!-- [et_pb_line_break_holder] -->\t\t<\/p>\n<h3 class=\"faq-q\">Pot el nou desenvolupament connectar-se amb els meus sistemes actuals (ERP, CRM o Comptabilitat)?<\/h3>\n<p><!-- [et_pb_line_break_holder] -->\t\t<\/p>\n<div><!-- [et_pb_line_break_holder] -->\t\t<pee class=\"faq-a\">S\u00ed, aquesta \u00e9s una de les nostres especialitats. Creem capes d&#8217;integraci\u00f3 i APIs personalitzades perqu\u00e8 les teves diferents eines es &#8220;parlin&#8221; entre si. L&#8217;objectiu \u00e9s centralitzar la informaci\u00f3, evitar la duplicitat de dades i que tinguis una visi\u00f3 \u00fanica del teu negoci.<\/pee><!-- [et_pb_line_break_holder] -->\t\t<\/div>\n<p><!-- [et_pb_line_break_holder] -->\t<\/div>\n<p><!-- [et_pb_line_break_holder] -->\t<\/p>\n<div class=\"faq-question\"><!-- [et_pb_line_break_holder] -->\t\t<\/p>\n<h3 class=\"faq-q\">Com gestionem la seguretat i la protecci\u00f3 de dades en el desenvolupament?<\/h3>\n<p><!-- [et_pb_line_break_holder] -->\t\t<\/p>\n<div><!-- [et_pb_line_break_holder] -->\t\t<pee class=\"faq-a\">Apliquem el principi de &#8220;Seguretat per disseny&#8221;. En un m\u00f3n d&#8217;amenaces constants, la seguretat no \u00e9s un afegit, sin\u00f3 la base. Integrem protocols de protecci\u00f3 de dades, xifratge i comunicaci\u00f3 segura en cada etapa del desenvolupament per protegir el teu actiu m\u00e9s valu\u00f3s: la informaci\u00f3, complint estrictament amb les normatives vigents.<\/pee><!-- [et_pb_line_break_holder] -->\t\t<\/div>\n<p><!-- [et_pb_line_break_holder] -->\t<\/div>\n<p><!-- [et_pb_line_break_holder] -->\t<\/p>\n<div class=\"faq-question\"><!-- [et_pb_line_break_holder] -->\t\t<\/p>\n<h3 class=\"faq-q\">Qu\u00e8 passa despr\u00e9s del llan\u00e7ament? Oferim suport post-desenvolupament?<\/h3>\n<p><!-- [et_pb_line_break_holder] -->\t\t<\/p>\n<div><!-- [et_pb_line_break_holder] -->\t\t<pee class=\"faq-a\">Un programari \u00e9s un ens viu. Despr\u00e9s del lliurament, oferim plans de manteniment evolutiu i correctiu per assegurar que la plataforma continu\u00ef funcionant perfectament davant d&#8217;actualitzacions de navegadors, sistemes operatius o noves necessitats del teu mercat.<\/pee><!-- [et_pb_line_break_holder] -->\t\t<\/div>\n<p><!-- [et_pb_line_break_holder] -->\t<\/div>\n<p><!-- [et_pb_line_break_holder] -->\t<\/p>\n<div class=\"faq-question\"><!-- [et_pb_line_break_holder] -->\t\t<\/p>\n<h3 class=\"faq-q\">Com \u00e9s el proc\u00e9s de treball amb JOINSO durant el desenvolupament d&#8217;un projecte?<\/h3>\n<p><!-- [et_pb_line_break_holder] -->\t\t<\/p>\n<div><!-- [et_pb_line_break_holder] -->\t\t<pee class=\"faq-a\">Treballem amb metodologies \u00e0gils. Aix\u00f2 significa que no desapareixem durant mesos; realitzem lliuraments parcials i reunions de seguiment perqu\u00e8 puguis validar el progr\u00e9s i ajustar detalls en temps real. Aix\u00f2 garanteix que el resultat final sigui exactament el que la teva empresa necessita.<\/pee><!-- [et_pb_line_break_holder] -->\t\t<\/div>\n<p><!-- [et_pb_line_break_holder] -->\t<\/div>\n<p><!-- [et_pb_line_break_holder] -->\t<\/p>\n<div class=\"faq-question\"><!-- [et_pb_line_break_holder] -->\t\t<\/p>\n<h3 class=\"faq-q\">Quin paper juga JOINSO en la presa de decisions tecnol\u00f2giques de la ger\u00e8ncia?<\/h3>\n<p><!-- [et_pb_line_break_holder] -->\t\t<\/p>\n<div><!-- [et_pb_line_break_holder] -->\t\t<pee class=\"faq-a\">Actuem com el pont cr\u00edtic entre els teus objectius de negoci i la realitat t\u00e8cnica. Tradu\u00efm conceptes t\u00e8cnics complexos a llenguatge de negoci mitjan\u00e7ant informes d&#8217;estat clars i sense tecnicismes innecessaris, perqu\u00e8 la ger\u00e8ncia s\u00e0piga exactament on \u00e9s la seva inversi\u00f3 i pugui prendre decisions informades.<\/pee><!-- [et_pb_line_break_holder] -->\t\t<\/div>\n<p><!-- [et_pb_line_break_holder] -->\t<\/div>\n<p><!-- [et_pb_line_break_holder] --><\/div>\n<p>[\/et_pb_code][et_pb_text disabled_on=&#8221;off|off|off&#8221; _builder_version=&#8221;4.27.5&#8243; _module_preset=&#8221;default&#8221; text_orientation=&#8221;center&#8221; global_module=&#8221;4789&#8243; global_colors_info=&#8221;{}&#8221;]<\/p>\n<h2 class=\"seccions_centrada\"><strong>Alguns dels nostres clients<\/strong><\/h2>\n<h3 class=\"seccions_centrada\">Casos d&#8217;\u00e8xit<\/h3>\n<ul id=\"customers\">\n<li><img loading=\"lazy\" decoding=\"async\" src=\"https:\/\/joinso.cat\/wp-content\/uploads\/mcneel-3.jpg\" alt=\"\" width=\"250\" height=\"250\" class=\"alignnone size-full wp-image-4334\" \/><\/li>\n<li><img loading=\"lazy\" decoding=\"async\" src=\"https:\/\/joinso.cat\/wp-content\/uploads\/saate_250.jpg\" alt=\"\" width=\"250\" height=\"250\" class=\"alignnone size-full wp-image-4299\" \/><\/li>\n<li><img loading=\"lazy\" decoding=\"async\" src=\"https:\/\/joinso.cat\/wp-content\/uploads\/asuni-2.jpg\" alt=\"\" width=\"250\" height=\"250\" class=\"alignnone size-full wp-image-4304\" \/><\/li>\n<li><img loading=\"lazy\" decoding=\"async\" src=\"https:\/\/joinso.cat\/wp-content\/uploads\/cros_ingenieros-1.jpg\" alt=\"\" width=\"250\" height=\"250\" class=\"alignnone size-full wp-image-4316\" \/><\/li>\n<li><img loading=\"lazy\" decoding=\"async\" src=\"https:\/\/joinso.cat\/wp-content\/uploads\/piera.jpg\" alt=\"\" width=\"250\" height=\"250\" class=\"alignnone size-full wp-image-4322\" \/><\/li>\n<li><img loading=\"lazy\" decoding=\"async\" src=\"https:\/\/joinso.cat\/wp-content\/uploads\/multiopticas_lux-1.jpg\" alt=\"\" width=\"250\" height=\"250\" class=\"alignnone size-full wp-image-4319\" \/><\/li>\n<li><img loading=\"lazy\" decoding=\"async\" src=\"https:\/\/joinso.cat\/wp-content\/uploads\/caas_arquitectes.jpg\" alt=\"\" width=\"250\" height=\"250\" class=\"alignnone size-full wp-image-4313\" srcset=\"https:\/\/joinso.cat\/wp-content\/uploads\/caas_arquitectes.jpg 250w, https:\/\/joinso.cat\/wp-content\/uploads\/caas_arquitectes-150x150.jpg 150w\" sizes=\"(max-width: 250px) 100vw, 250px\" \/><\/li>\n<li><img loading=\"lazy\" decoding=\"async\" src=\"https:\/\/joinso.cat\/wp-content\/uploads\/agbar-4.jpg\" alt=\"\" width=\"250\" height=\"250\" class=\"alignnone size-full wp-image-4307\" \/><\/li>\n<li><img loading=\"lazy\" decoding=\"async\" src=\"https:\/\/joinso.cat\/wp-content\/uploads\/caser-4.jpg\" alt=\"\" width=\"250\" height=\"250\" class=\"alignnone size-full wp-image-4310\" \/><\/li>\n<li><img loading=\"lazy\" decoding=\"async\" src=\"https:\/\/joinso.cat\/wp-content\/uploads\/naturgy-6.jpg\" alt=\"\" width=\"250\" height=\"250\" class=\"alignnone size-full wp-image-4325\" \/><\/li>\n<li><img loading=\"lazy\" decoding=\"async\" src=\"https:\/\/joinso.cat\/wp-content\/uploads\/bse-3.jpg\" alt=\"\" width=\"250\" height=\"250\" class=\"alignnone size-full wp-image-4331\" \/><\/li>\n<\/ul>\n<p>[\/et_pb_text][\/et_pb_column][\/et_pb_row][\/et_pb_section]<\/p>\n","protected":false},"excerpt":{"rendered":"<p>Enginyeria de software a mida i arquitectures escalables. Codi net, segur i d&#8217;alt rendiment adaptat a les necessitats \u00faniques del teu negoci.<\/p>\n","protected":false},"author":1,"featured_media":4607,"parent":0,"menu_order":2,"comment_status":"closed","ping_status":"closed","template":"","meta":{"_et_pb_use_builder":"on","_et_pb_old_content":"","_et_gb_content_width":"","footnotes":""},"class_list":["post-4795","page","type-page","status-publish","has-post-thumbnail","hentry"],"_links":{"self":[{"href":"https:\/\/joinso.cat\/ca\/wp-json\/wp\/v2\/pages\/4795","targetHints":{"allow":["GET"]}}],"collection":[{"href":"https:\/\/joinso.cat\/ca\/wp-json\/wp\/v2\/pages"}],"about":[{"href":"https:\/\/joinso.cat\/ca\/wp-json\/wp\/v2\/types\/page"}],"author":[{"embeddable":true,"href":"https:\/\/joinso.cat\/ca\/wp-json\/wp\/v2\/users\/1"}],"replies":[{"embeddable":true,"href":"https:\/\/joinso.cat\/ca\/wp-json\/wp\/v2\/comments?post=4795"}],"version-history":[{"count":11,"href":"https:\/\/joinso.cat\/ca\/wp-json\/wp\/v2\/pages\/4795\/revisions"}],"predecessor-version":[{"id":5057,"href":"https:\/\/joinso.cat\/ca\/wp-json\/wp\/v2\/pages\/4795\/revisions\/5057"}],"wp:featuredmedia":[{"embeddable":true,"href":"https:\/\/joinso.cat\/ca\/wp-json\/wp\/v2\/media\/4607"}],"wp:attachment":[{"href":"https:\/\/joinso.cat\/ca\/wp-json\/wp\/v2\/media?parent=4795"}],"curies":[{"name":"wp","href":"https:\/\/api.w.org\/{rel}","templated":true}]}}