{"id":4807,"date":"2026-01-15T17:22:29","date_gmt":"2026-01-15T16:22:29","guid":{"rendered":"https:\/\/joinso.cat\/servicios-3-2-2\/"},"modified":"2026-02-25T16:51:27","modified_gmt":"2026-02-25T15:51:27","slug":"servicios-3-2-2","status":"publish","type":"page","link":"https:\/\/joinso.cat\/ca\/innovem\/","title":{"rendered":"Innovem"},"content":{"rendered":"<p>[et_pb_section fb_built=&#8221;1&#8243; fullwidth=&#8221;on&#8221; custom_padding_last_edited=&#8221;off|desktop&#8221; admin_label=&#8221;section&#8221; _builder_version=&#8221;4.27.5&#8243; background_color=&#8221;#ffffff&#8221; custom_padding_tablet=&#8221;50px|0|50px|0&#8243; transparent_background=&#8221;off&#8221; padding_mobile=&#8221;off&#8221; make_fullwidth=&#8221;off&#8221; use_custom_width=&#8221;off&#8221; width_unit=&#8221;on&#8221; global_colors_info=&#8221;{}&#8221;][et_pb_fullwidth_slider show_arrows=&#8221;off&#8221; show_pagination=&#8221;off&#8221; admin_label=&#8221;Fullwidth Slider&#8221; module_id=&#8221;headers&#8221; _builder_version=&#8221;4.27.5&#8243; text_orientation=&#8221;left&#8221; custom_padding=&#8221;|||&#8221; custom_padding_tablet=&#8221;|||&#8221; custom_padding_phone=&#8221;|||&#8221; header_font_size_last_edited=&#8221;off|desktop&#8221; remove_inner_shadow=&#8221;on&#8221; hide_content_on_mobile=&#8221;off&#8221; hide_cta_on_mobile=&#8221;off&#8221; show_inner_shadow=&#8221;off&#8221; button_letter_spacing_hover=&#8221;0&#8243; global_colors_info=&#8221;{}&#8221; button_text_size__hover_enabled=&#8221;off&#8221; button_text_size__hover=&#8221;null&#8221; button_one_text_size__hover_enabled=&#8221;off&#8221; button_one_text_size__hover=&#8221;null&#8221; button_two_text_size__hover_enabled=&#8221;off&#8221; button_two_text_size__hover=&#8221;null&#8221; button_text_color__hover_enabled=&#8221;off&#8221; button_text_color__hover=&#8221;null&#8221; button_one_text_color__hover_enabled=&#8221;off&#8221; button_one_text_color__hover=&#8221;null&#8221; button_two_text_color__hover_enabled=&#8221;off&#8221; button_two_text_color__hover=&#8221;null&#8221; button_border_width__hover_enabled=&#8221;off&#8221; button_border_width__hover=&#8221;null&#8221; button_one_border_width__hover_enabled=&#8221;off&#8221; button_one_border_width__hover=&#8221;null&#8221; button_two_border_width__hover_enabled=&#8221;off&#8221; button_two_border_width__hover=&#8221;null&#8221; button_border_color__hover_enabled=&#8221;off&#8221; button_border_color__hover=&#8221;null&#8221; button_one_border_color__hover_enabled=&#8221;off&#8221; button_one_border_color__hover=&#8221;null&#8221; button_two_border_color__hover_enabled=&#8221;off&#8221; button_two_border_color__hover=&#8221;null&#8221; button_border_radius__hover_enabled=&#8221;off&#8221; button_border_radius__hover=&#8221;null&#8221; button_one_border_radius__hover_enabled=&#8221;off&#8221; button_one_border_radius__hover=&#8221;null&#8221; button_two_border_radius__hover_enabled=&#8221;off&#8221; button_two_border_radius__hover=&#8221;null&#8221; button_letter_spacing__hover_enabled=&#8221;on&#8221; button_letter_spacing__hover=&#8221;0&#8243; button_one_letter_spacing__hover_enabled=&#8221;off&#8221; button_one_letter_spacing__hover=&#8221;null&#8221; button_two_letter_spacing__hover_enabled=&#8221;off&#8221; button_two_letter_spacing__hover=&#8221;null&#8221; button_bg_color__hover_enabled=&#8221;off&#8221; button_bg_color__hover=&#8221;null&#8221; button_one_bg_color__hover_enabled=&#8221;off&#8221; button_one_bg_color__hover=&#8221;null&#8221; button_two_bg_color__hover_enabled=&#8221;off&#8221; button_two_bg_color__hover=&#8221;null&#8221; header_font_size__hover_enabled=&#8221;off|desktop&#8221;][et_pb_slide heading=&#8221;Innovem&#8221; use_bg_overlay=&#8221;off&#8221; use_text_overlay=&#8221;off&#8221; alignment=&#8221;bottom&#8221; admin_title=&#8221;servicios&#8221; _builder_version=&#8221;4.27.5&#8243; header_font=&#8221;|on|||&#8221; body_font=&#8221;||||&#8221; background_color=&#8221;#ffffff&#8221; background_image=&#8221;https:\/\/joinso.cat\/wp-content\/uploads\/joinso-innovamos-2.jpg&#8221; background_enable_image=&#8221;on&#8221; background_position=&#8221;top_center&#8221; button_icon_placement=&#8221;right&#8221; button_on_hover=&#8221;on&#8221; header_text_shadow_style=&#8221;preset2&#8243; header_text_shadow_horizontal_length=&#8221;0.1em&#8221; header_text_shadow_vertical_length=&#8221;0.1em&#8221; header_text_shadow_blur_strength=&#8221;0.1em&#8221; body_text_shadow_style=&#8221;preset3&#8243; body_text_shadow_blur_strength=&#8221;0.4em&#8221; body_text_shadow_color=&#8221;rgba(0,0,0,0.7)&#8221; global_colors_info=&#8221;{}&#8221; button_text_size__hover_enabled=&#8221;off&#8221; button_one_text_size__hover_enabled=&#8221;off&#8221; button_two_text_size__hover_enabled=&#8221;off&#8221; button_text_color__hover_enabled=&#8221;off&#8221; button_one_text_color__hover_enabled=&#8221;off&#8221; button_two_text_color__hover_enabled=&#8221;off&#8221; button_border_width__hover_enabled=&#8221;off&#8221; button_one_border_width__hover_enabled=&#8221;off&#8221; button_two_border_width__hover_enabled=&#8221;off&#8221; button_border_color__hover_enabled=&#8221;off&#8221; button_one_border_color__hover_enabled=&#8221;off&#8221; button_two_border_color__hover_enabled=&#8221;off&#8221; button_border_radius__hover_enabled=&#8221;off&#8221; button_one_border_radius__hover_enabled=&#8221;off&#8221; button_two_border_radius__hover_enabled=&#8221;off&#8221; button_letter_spacing__hover_enabled=&#8221;off&#8221; button_one_letter_spacing__hover_enabled=&#8221;off&#8221; button_two_letter_spacing__hover_enabled=&#8221;off&#8221; button_bg_color__hover_enabled=&#8221;off&#8221; button_one_bg_color__hover_enabled=&#8221;off&#8221; button_two_bg_color__hover_enabled=&#8221;off&#8221; sticky_transition=&#8221;on&#8221;]<\/p>\n<p><span>Anticipem el futur per construir avantatges competitius avui<\/span><\/p>\n<p>[\/et_pb_slide][\/et_pb_fullwidth_slider][\/et_pb_section][et_pb_section fb_built=&#8221;1&#8243; custom_padding_last_edited=&#8221;on|desktop&#8221; _builder_version=&#8221;4.27.5&#8243; background_color=&#8221;#ffffff&#8221; width=&#8221;100%&#8221; custom_padding_tablet=&#8221;50px|0|50px|0&#8243; custom_padding_phone=&#8221;&#8221; transparent_background=&#8221;off&#8221; padding_mobile=&#8221;off&#8221; make_fullwidth=&#8221;off&#8221; use_custom_width=&#8221;off&#8221; width_unit=&#8221;on&#8221; global_colors_info=&#8221;{}&#8221;][et_pb_row admin_label=&#8221;row&#8221; module_id=&#8221;intro_seccions&#8221; _builder_version=&#8221;4.27.5&#8243; background_size=&#8221;initial&#8221; background_position=&#8221;top_left&#8221; background_repeat=&#8221;repeat&#8221; max_width=&#8221;2560px&#8221; global_colors_info=&#8221;{}&#8221;][et_pb_column type=&#8221;4_4&#8243; _builder_version=&#8221;4.16&#8243; custom_padding=&#8221;|||&#8221; global_colors_info=&#8221;{}&#8221; custom_padding__hover=&#8221;|||&#8221;][et_pb_text module_id=&#8221;intro_seccions&#8221; _builder_version=&#8221;4.27.5&#8243; _module_preset=&#8221;default&#8221; text_font=&#8221;||on||||||&#8221; text_font_size=&#8221;20px&#8221; text_orientation=&#8221;justified&#8221; module_alignment=&#8221;center&#8221; global_colors_info=&#8221;{}&#8221;]<\/p>\n<p><span>La veritable innovaci\u00f3 no consisteix a adoptar l&#8217;\u00faltima tecnologia per moda, sin\u00f3 a utilitzar-la per resoldre problemes de maneres que abans eren impossibles. En un mercat que es transforma a una velocitat sense precedents, la capacitat d&#8217;innovar \u00e9s l&#8217;\u00fanica garantia de rellev\u00e0ncia a llarg termini.<\/span><\/p>\n<p><span>A <strong>JOINSO<\/strong>, entenem la innovaci\u00f3 com una eina estrat\u00e8gica. Ajudem les empreses a navegar per la incertesa tecnol\u00f2gica, identificant oportunitats disruptives i transformant-les en solucions que optimitzen processos, redueixen costos i obren noves l\u00ednies de negoci.<\/span><\/p>\n<p>[\/et_pb_text][\/et_pb_column][\/et_pb_row][et_pb_row column_structure=&#8221;1_2,1_2&#8243; use_custom_gutter=&#8221;on&#8221; gutter_width=&#8221;2&#8243; _builder_version=&#8221;4.27.5&#8243; _module_preset=&#8221;default&#8221; max_width=&#8221;2560px&#8221; global_colors_info=&#8221;{}&#8221;][et_pb_column type=&#8221;1_2&#8243; _builder_version=&#8221;4.27.5&#8243; _module_preset=&#8221;default&#8221; global_colors_info=&#8221;{}&#8221;][et_pb_image src=&#8221;https:\/\/joinso.cat\/wp-content\/uploads\/laboratorio-ideas.jpg&#8221; alt=&#8221;Implementaci\u00f3n de Inteligencia Artificial y automatizaci\u00f3n de procesos mediante Pruebas de Concepto (PoC)&#8221; title_text=&#8221;Automatizaci\u00f3n inteligente y validaci\u00f3n de tecnolog\u00edas emergentes&#8221; force_fullwidth=&#8221;on&#8221; _builder_version=&#8221;4.27.5&#8243; _module_preset=&#8221;default&#8221; global_colors_info=&#8221;{}&#8221;][\/et_pb_image][\/et_pb_column][et_pb_column type=&#8221;1_2&#8243; _builder_version=&#8221;4.27.5&#8243; _module_preset=&#8221;default&#8221; global_colors_info=&#8221;{}&#8221;][et_pb_text _builder_version=&#8221;4.27.5&#8243; _module_preset=&#8221;default&#8221; text_orientation=&#8221;justified&#8221; global_colors_info=&#8221;{}&#8221;]<\/p>\n<h2 class=\"seccions\" style=\"text-align: left;\">Un laboratori d&#8217;idees aplicat al teu negoci<\/h2>\n<p>&nbsp;<\/p>\n<p data-pos=\"733\">No innovem en el buit; ho fem integrant les tecnologies emergents en la realitat de la teva operativa di\u00e0ria:<\/p>\n<ul data-pos=\"848\">\n<li data-pos=\"848\"><strong data-pos=\"852\">Exploraci\u00f3 de Tecnologies Emergents:<\/strong><span>\u00a0<\/span>Des d&#8217;arquitectures descentralitzades fins a la computaci\u00f3 al n\u00favol d&#8217;\u00faltima generaci\u00f3, avaluem constantment el panorama tecnol\u00f2gic per seleccionar nom\u00e9s all\u00f2 que ofereix un retorn real per al teu sector.<\/li>\n<li data-pos=\"1106\"><strong data-pos=\"1110\">Intel\u00b7lig\u00e8ncia Artificial i automatitzaci\u00f3<\/strong><span>\u00a0<\/span>Anem m\u00e9s enll\u00e0 dels conceptes te\u00f2rics. Implementem solucions d&#8217;IA que permeten una presa de decisions basada en dades reals, automatitzant tasques cr\u00edtiques perqu\u00e8 el teu equip pugui centrar-se en el que realment aporta valor.<\/li>\n<li data-pos=\"1386\"><strong data-pos=\"1390\">Cultura d&#8217;experimentaci\u00f3 controlada:<\/strong><span>\u00a0<\/span>Minimitzem el risc de la innovaci\u00f3 mitjan\u00e7ant proves de concepte (PoC) i prototips r\u00e0pids. Aix\u00f2 et permet validar idees disruptives amb una inversi\u00f3 controlada abans d&#8217;escalar-les a tot el negoci.<\/li>\n<\/ul>\n<p>[\/et_pb_text][\/et_pb_column][\/et_pb_row][et_pb_row column_structure=&#8221;1_2,1_2&#8243; use_custom_gutter=&#8221;on&#8221; gutter_width=&#8221;2&#8243; _builder_version=&#8221;4.27.5&#8243; _module_preset=&#8221;default&#8221; max_width=&#8221;2560px&#8221; global_colors_info=&#8221;{}&#8221; custom_css_main_element_last_edited=&#8221;on|phone&#8221; custom_css_main_element_tablet=&#8221;display: flex;||flex-wrap: wrap;&#8221; custom_css_main_element_phone=&#8221;display: flex;||flex-wrap: wrap;&#8221;][et_pb_column type=&#8221;1_2&#8243; _builder_version=&#8221;4.27.5&#8243; _module_preset=&#8221;default&#8221; global_colors_info=&#8221;{}&#8221; custom_css_main_element_last_edited=&#8221;on|phone&#8221; custom_css_main_element_tablet=&#8221;order: 2;&#8221; custom_css_main_element_phone=&#8221;order: 2;&#8221;][et_pb_text _builder_version=&#8221;4.27.5&#8243; _module_preset=&#8221;default&#8221; text_orientation=&#8221;justified&#8221; global_colors_info=&#8221;{}&#8221;]<\/p>\n<h2 style=\"text-align: left;\" class=\"seccions\">Transformaci\u00f3 digital amb visi\u00f3 humana<\/h2>\n<p>&nbsp;<\/p>\n<p>Per a nosaltres, la tecnologia \u00e9s el mitj\u00e0, per\u00f2 l&#8217;\u00e8xit el defineixen les persones. Per aix\u00f2, els nostres processos d&#8217;innovaci\u00f3 inclouen una visi\u00f3 profunda de l&#8217;<span>\u00a0<\/span><strong data-pos=\"1843\">experi\u00e8ncia d&#8217;usuari (UX)<\/strong><span>\u00a0<\/span>i la gesti\u00f3 del canvi. Ens assegurem que cada nova soluci\u00f3 no nom\u00e9s sigui t\u00e8cnicament avan\u00e7ada, sin\u00f3 que sigui adoptada amb entusiasme pels teus empleats i clients.<\/p>\n<p>&nbsp;<\/p>\n<h2 style=\"text-align: left;\" class=\"seccions\">El teu soci a l&#8217;avantguarda tecnol\u00f2gica<\/h2>\n<p>&nbsp;<\/p>\n<p>Innovar requereix valentia, per\u00f2 tamb\u00e9 m\u00e8tode. A <strong>JOINSO<\/strong>, combinem la nostra curiositat t\u00e8cnica amb un rigor empresarial absolut perqu\u00e8 la teva empresa no nom\u00e9s s&#8217;adapti al futur, sin\u00f3 que el lideri.<\/p>\n<p>[\/et_pb_text][\/et_pb_column][et_pb_column type=&#8221;1_2&#8243; _builder_version=&#8221;4.27.5&#8243; _module_preset=&#8221;default&#8221; global_colors_info=&#8221;{}&#8221; custom_css_main_element_last_edited=&#8221;on|tablet&#8221; custom_css_main_element_tablet=&#8221;order: 1;&#8221; custom_css_main_element_phone=&#8221;order: 1;&#8221;][et_pb_image src=&#8221;https:\/\/joinso.cat\/wp-content\/uploads\/transformacion-digital.jpg&#8221; alt=&#8221;Equipo gestionando el cambio cultural y la experiencia de usuario (UX) en proyectos de transformaci\u00f3n digital&#8221; title_text=&#8221;Transformaci\u00f3n digital centrada en las personas y la adopci\u00f3n tecnol\u00f3gica&#8221; _builder_version=&#8221;4.27.5&#8243; _module_preset=&#8221;default&#8221; global_colors_info=&#8221;{}&#8221;][\/et_pb_image][\/et_pb_column][\/et_pb_row][et_pb_row _builder_version=&#8221;4.27.5&#8243; _module_preset=&#8221;default&#8221; max_width=&#8221;2560px&#8221; global_colors_info=&#8221;{}&#8221;][et_pb_column type=&#8221;4_4&#8243; _builder_version=&#8221;4.27.5&#8243; _module_preset=&#8221;default&#8221; global_colors_info=&#8221;{}&#8221;][et_pb_text _builder_version=&#8221;4.27.5&#8243; _module_preset=&#8221;default&#8221; text_orientation=&#8221;justified&#8221; global_colors_info=&#8221;{}&#8221;]<\/p>\n<h2 class=\"seccions\" style=\"text-align: center;\">Est\u00e0s preparat per descobrir qu\u00e8 pot fer la tecnologia capdavantera pel futur de la teva empresa?<\/h2>\n<p>[\/et_pb_text][et_pb_button button_url=&#8221;\/ca\/contacte\/&#8221; button_text=&#8221;Parlem?&#8221; button_alignment=&#8221;center&#8221; _builder_version=&#8221;4.27.5&#8243; _module_preset=&#8221;default&#8221; hover_enabled=&#8221;0&#8243; global_colors_info=&#8221;{}&#8221; custom_css_main_element_last_edited=&#8221;off|desktop&#8221; custom_css_main_element_tablet=&#8221;order: 4;&#8221; custom_css_main_element_phone=&#8221;order: 4;&#8221; sticky_enabled=&#8221;0&#8243;][\/et_pb_button][et_pb_code _builder_version=&#8221;4.27.5&#8243; _module_preset=&#8221;default&#8221; text_orientation=&#8221;center&#8221; global_colors_info=&#8221;{}&#8221;]<\/p>\n<h2 class=\"seccions_centrada\">Respostes a les preguntes m\u00e9s freq\u00fcents<\/h2>\n<p><!-- [et_pb_line_break_holder] --><\/p>\n<h3 class=\"seccions_centrada\">Resolem els teus dubtes sobre innovaci\u00f3 digital<\/h3>\n<p><!\u2013- [et_pb_br_holder] -\u2013><!-- [et_pb_line_break_holder] --><\/p>\n<div class=\"schema-faq-code\"><!-- [et_pb_line_break_holder] -->\t<\/p>\n<div class=\"faq-question\"><!-- [et_pb_line_break_holder] -->\t\t<\/p>\n<h3 class=\"faq-q\">Com pot la Intel\u00b7lig\u00e8ncia Artificial (IA) millorar la rendibilitat de la meva empresa?<\/h3>\n<p><!-- [et_pb_line_break_holder] -->\t\t<\/p>\n<div><!-- [et_pb_line_break_holder] -->\t\t\t<pee class=\"faq-a\">La IA no \u00e9s nom\u00e9s per a grans corporacions ni una moda passatgera. A JOINSO ajudem empreses de diverses mides a implementar solucions d&#8217;IA que permeten una presa de decisions basada en dades reals. Automatitzem tasques cr\u00edtiques i repetitives perqu\u00e8 el teu equip hum\u00e0 se centri en el que realment aporta valor, reduint costos operatius i errors manuals.<\/pee><!-- [et_pb_line_break_holder] -->\t\t<\/div>\n<p><!-- [et_pb_line_break_holder] -->\t<\/div>\n<p><!-- [et_pb_line_break_holder] -->\t<\/p>\n<div class=\"faq-question\"><!-- [et_pb_line_break_holder] -->\t\t<\/p>\n<h3 class=\"faq-q\">Com minimitzem el risc econ\u00f2mic en provar noves tecnologies a la meva empresa?<\/h3>\n<p><!-- [et_pb_line_break_holder] -->\t\t<\/p>\n<div><!-- [et_pb_line_break_holder] -->\t\t\t<pee class=\"faq-a\">Fomentem una cultura d&#8217;experimentaci\u00f3 controlada. En lloc de fer grans desenvolupaments a cegues, minimitzem el risc mitjan\u00e7ant Proves de Concepte (PoC) i prototips r\u00e0pids. Aix\u00f2 permet validar idees disruptives amb una inversi\u00f3 molt controlada, mesurant el retorn real abans d&#8217;escalar-les a tot el negoci.<\/pee><!-- [et_pb_line_break_holder] -->\t\t<\/div>\n<p><!-- [et_pb_line_break_holder] -->\t<\/div>\n<p><!-- [et_pb_line_break_holder] -->\t<\/p>\n<div class=\"faq-question\"><!-- [et_pb_line_break_holder] -->\t\t<\/p>\n<h3 class=\"faq-q\">Qu\u00e8 \u00e9s l&#8217;automatitzaci\u00f3 de fluxos de treball i per qu\u00e8 \u00e9s el primer pas per innovar?<\/h3>\n<p><!-- [et_pb_line_break_holder] -->\t\t<\/p>\n<div><!-- [et_pb_line_break_holder] -->\t\t\t<pee class=\"faq-a\">Innovar comen\u00e7a per eliminar la inefici\u00e8ncia. Automatitzar fluxos de treball significa connectar les teves eines (email, CRM, ERP, bases de dades) perqu\u00e8 la informaci\u00f3 flueixi sense intervenci\u00f3 humana. Si el teu equip dedica hores a passar dades d&#8217;un Excel a una altra plataforma, l&#8217;automatitzaci\u00f3 li retornar\u00e0 aquest temps per vendre o gestionar millor.<\/pee><!-- [et_pb_line_break_holder] -->\t\t<\/div>\n<p><!-- [et_pb_line_break_holder] -->\t<\/div>\n<p><!-- [et_pb_line_break_holder] -->\t<\/p>\n<div class=\"faq-question\"><!-- [et_pb_line_break_holder] -->\t\t<\/p>\n<h3 class=\"faq-q\">\u00c9s segur implementar IA en els processos interns del meu negoci?<\/h3>\n<p><!-- [et_pb_line_break_holder] -->\t\t<\/p>\n<div><!-- [et_pb_line_break_holder] -->\t\t\t<pee class=\"faq-a\">Totalment. A JOINSO prioritzem la privacitat i no innovem en el buit. Avaluem i seleccionem tecnologies en entorns controlats i segurs. Assegurem que les dades sensibles de la teva empresa no s&#8217;utilitzin per entrenar models p\u00fablics i que tota la informaci\u00f3 estigui xifrada i sota el teu control exclusiu.<\/pee><!-- [et_pb_line_break_holder] -->\t\t<\/div>\n<p><!-- [et_pb_line_break_holder] -->\t<\/div>\n<p><!-- [et_pb_line_break_holder] -->\t<\/p>\n<div class=\"faq-question\"><!-- [et_pb_line_break_holder] -->\t\t<\/p>\n<h3 class=\"faq-q\">Com podem transformar les dades de la meva empresa en decisions estrat\u00e8giques?<\/h3>\n<p><!-- [et_pb_line_break_holder] -->\t\t<\/p>\n<div><!-- [et_pb_line_break_holder] -->\t\t\t<pee class=\"faq-a\">Moltes empreses acumulen dades per\u00f2 no les &#8220;escolten&#8221;. Mitjan\u00e7ant el Business Intelligence, unifiquem les teves fonts d&#8217;informaci\u00f3 en panells visuals (dashboards) en temps real. Aix\u00f2 permet a la ger\u00e8ncia veure exactament qu\u00e8 est\u00e0 passant en el negoci i prendre decisions basades en evid\u00e8ncies, no en intu\u00efcions.<\/pee><!-- [et_pb_line_break_holder] -->\t\t<\/div>\n<p><!-- [et_pb_line_break_holder] -->\t<\/div>\n<p><!-- [et_pb_line_break_holder] -->\t<\/p>\n<div class=\"faq-question\"><!-- [et_pb_line_break_holder] -->\t\t<\/p>\n<h3 class=\"faq-q\">Quina difer\u00e8ncia hi ha entre un informe convencional i una soluci\u00f3 de Business Intelligence?<\/h3>\n<p><!-- [et_pb_line_break_holder] -->\t\t<\/p>\n<div><!-- [et_pb_line_break_holder] -->\t\t\t<pee class=\"faq-a\">Un informe et diu qu\u00e8 va passar el mes passat; el BI et diu qu\u00e8 est\u00e0 passant ara mateix i t&#8217;ajuda a projectar qu\u00e8 passar\u00e0 dem\u00e0. \u00c9s la difer\u00e8ncia entre conduir mirant el retrovisor o mirar pel parabrisa amb un GPS avan\u00e7at.<\/pee><!-- [et_pb_line_break_holder] -->\t\t<\/div>\n<p><!-- [et_pb_line_break_holder] -->\t<\/div>\n<p><!-- [et_pb_line_break_holder] -->\t<\/p>\n<div class=\"faq-question\"><!-- [et_pb_line_break_holder] -->\t\t<\/p>\n<h3 class=\"faq-q\">Per qu\u00e8 la meva empresa hauria d&#8217;invertir en innovaci\u00f3 ara mateix?<\/h3>\n<p><!-- [et_pb_line_break_holder] -->\t\t<\/p>\n<div><!-- [et_pb_line_break_holder] -->\t\t\t<pee class=\"faq-a\">La digitalitzaci\u00f3 ja no \u00e9s suficient; la diferenciaci\u00f3 ara ve de l&#8217;optimitzaci\u00f3 intel\u00b7ligent. La capacitat d&#8217;innovar \u00e9s l&#8217;\u00fanica garantia de rellev\u00e0ncia a llarg termini. Les empreses que adopten tecnologies emergents abans que la seva compet\u00e8ncia obtenen un avantatge competitiu en costos i experi\u00e8ncia de client que \u00e9s molt dif\u00edcil de recuperar per als que es queden enrere.<\/pee><!-- [et_pb_line_break_holder] -->\t\t<\/div>\n<p><!-- [et_pb_line_break_holder] -->\t<\/div>\n<p><!-- [et_pb_line_break_holder] -->\t<\/p>\n<div class=\"faq-question\"><!-- [et_pb_line_break_holder] -->\t\t<\/p>\n<h3 class=\"faq-q\">Necessito un pressupost elevat per comen\u00e7ar a innovar amb JOINSO?<\/h3>\n<p><!-- [et_pb_line_break_holder] -->\t\t<\/p>\n<div><!-- [et_pb_line_break_holder] -->\t\t\t<pee class=\"faq-a\">No. La innovaci\u00f3 a JOINSO \u00e9s modular. No cal transformar tota l&#8217;empresa de cop. Comencem identificant el &#8220;punt de dolor&#8221; m\u00e9s gran o la tasca m\u00e9s ineficient i apliquem una soluci\u00f3 innovadora escalable. L&#8217;objectiu \u00e9s que la mateixa efici\u00e8ncia generada per la innovaci\u00f3 financi els passos seg\u00fcents.<\/pee><!-- [et_pb_line_break_holder] -->\t\t<\/div>\n<p><!-- [et_pb_line_break_holder] -->\t<\/div>\n<p><!-- [et_pb_line_break_holder] -->\t<\/p>\n<div class=\"faq-question\"><!-- [et_pb_line_break_holder] -->\t\t<\/p>\n<h3 class=\"faq-q\">Quin paper juga JOINSO en la presa de decisions tecnol\u00f2giques de la ger\u00e8ncia?<\/h3>\n<p><!-- [et_pb_line_break_holder] -->\t\t<\/p>\n<div><!-- [et_pb_line_break_holder] -->\t\t\t<pee class=\"faq-a\">Actuem com el pont cr\u00edtic entre els teus objectius de negoci i la realitat t\u00e8cnica. Tradu\u00efm conceptes t\u00e8cnics complexos a llenguatge de negoci mitjan\u00e7ant informes d&#8217;estat clars i sense tecnicismes innecessaris, perqu\u00e8 la ger\u00e8ncia s\u00e0piga exactament on \u00e9s la seva inversi\u00f3 i pugui prendre decisions informades.<\/pee><!-- [et_pb_line_break_holder] -->\t\t<\/div>\n<p><!-- [et_pb_line_break_holder] -->\t<\/div>\n<p><!-- [et_pb_line_break_holder] --><\/div>\n<p>[\/et_pb_code][et_pb_text disabled_on=&#8221;off|off|off&#8221; _builder_version=&#8221;4.27.5&#8243; _module_preset=&#8221;default&#8221; text_orientation=&#8221;center&#8221; global_module=&#8221;4789&#8243; global_colors_info=&#8221;{}&#8221;]<\/p>\n<h2 class=\"seccions_centrada\"><strong>Alguns dels nostres clients<\/strong><\/h2>\n<h3 class=\"seccions_centrada\">Casos d&#8217;\u00e8xit<\/h3>\n<ul id=\"customers\">\n<li><img loading=\"lazy\" decoding=\"async\" src=\"https:\/\/joinso.cat\/wp-content\/uploads\/mcneel-3.jpg\" alt=\"\" width=\"250\" height=\"250\" class=\"alignnone size-full wp-image-4334\" \/><\/li>\n<li><img loading=\"lazy\" decoding=\"async\" src=\"https:\/\/joinso.cat\/wp-content\/uploads\/saate_250.jpg\" alt=\"\" width=\"250\" height=\"250\" class=\"alignnone size-full wp-image-4299\" \/><\/li>\n<li><img loading=\"lazy\" decoding=\"async\" src=\"https:\/\/joinso.cat\/wp-content\/uploads\/asuni-2.jpg\" alt=\"\" width=\"250\" height=\"250\" class=\"alignnone size-full wp-image-4304\" \/><\/li>\n<li><img loading=\"lazy\" decoding=\"async\" src=\"https:\/\/joinso.cat\/wp-content\/uploads\/cros_ingenieros-1.jpg\" alt=\"\" width=\"250\" height=\"250\" class=\"alignnone size-full wp-image-4316\" \/><\/li>\n<li><img loading=\"lazy\" decoding=\"async\" src=\"https:\/\/joinso.cat\/wp-content\/uploads\/piera.jpg\" alt=\"\" width=\"250\" height=\"250\" class=\"alignnone size-full wp-image-4322\" \/><\/li>\n<li><img loading=\"lazy\" decoding=\"async\" src=\"https:\/\/joinso.cat\/wp-content\/uploads\/multiopticas_lux-1.jpg\" alt=\"\" width=\"250\" height=\"250\" class=\"alignnone size-full wp-image-4319\" \/><\/li>\n<li><img loading=\"lazy\" decoding=\"async\" src=\"https:\/\/joinso.cat\/wp-content\/uploads\/caas_arquitectes.jpg\" alt=\"\" width=\"250\" height=\"250\" class=\"alignnone size-full wp-image-4313\" srcset=\"https:\/\/joinso.cat\/wp-content\/uploads\/caas_arquitectes.jpg 250w, https:\/\/joinso.cat\/wp-content\/uploads\/caas_arquitectes-150x150.jpg 150w\" sizes=\"(max-width: 250px) 100vw, 250px\" \/><\/li>\n<li><img loading=\"lazy\" decoding=\"async\" src=\"https:\/\/joinso.cat\/wp-content\/uploads\/agbar-4.jpg\" alt=\"\" width=\"250\" height=\"250\" class=\"alignnone size-full wp-image-4307\" \/><\/li>\n<li><img loading=\"lazy\" decoding=\"async\" src=\"https:\/\/joinso.cat\/wp-content\/uploads\/caser-4.jpg\" alt=\"\" width=\"250\" height=\"250\" class=\"alignnone size-full wp-image-4310\" \/><\/li>\n<li><img loading=\"lazy\" decoding=\"async\" src=\"https:\/\/joinso.cat\/wp-content\/uploads\/naturgy-6.jpg\" alt=\"\" width=\"250\" height=\"250\" class=\"alignnone size-full wp-image-4325\" \/><\/li>\n<li><img loading=\"lazy\" decoding=\"async\" src=\"https:\/\/joinso.cat\/wp-content\/uploads\/bse-3.jpg\" alt=\"\" width=\"250\" height=\"250\" class=\"alignnone size-full wp-image-4331\" \/><\/li>\n<\/ul>\n<p>[\/et_pb_text][\/et_pb_column][\/et_pb_row][\/et_pb_section]<\/p>\n","protected":false},"excerpt":{"rendered":"<p>Anticipem el futur amb Intel\u00b7lig\u00e8ncia Artificial i automatitzaci\u00f3 de processos. Solucions tecnol\u00f2giques disruptives per crear avantatges competitius a la teva empresa.<\/p>\n","protected":false},"author":1,"featured_media":4737,"parent":0,"menu_order":2,"comment_status":"closed","ping_status":"closed","template":"","meta":{"_et_pb_use_builder":"on","_et_pb_old_content":"","_et_gb_content_width":"","footnotes":""},"class_list":["post-4807","page","type-page","status-publish","has-post-thumbnail","hentry"],"_links":{"self":[{"href":"https:\/\/joinso.cat\/ca\/wp-json\/wp\/v2\/pages\/4807","targetHints":{"allow":["GET"]}}],"collection":[{"href":"https:\/\/joinso.cat\/ca\/wp-json\/wp\/v2\/pages"}],"about":[{"href":"https:\/\/joinso.cat\/ca\/wp-json\/wp\/v2\/types\/page"}],"author":[{"embeddable":true,"href":"https:\/\/joinso.cat\/ca\/wp-json\/wp\/v2\/users\/1"}],"replies":[{"embeddable":true,"href":"https:\/\/joinso.cat\/ca\/wp-json\/wp\/v2\/comments?post=4807"}],"version-history":[{"count":13,"href":"https:\/\/joinso.cat\/ca\/wp-json\/wp\/v2\/pages\/4807\/revisions"}],"predecessor-version":[{"id":5070,"href":"https:\/\/joinso.cat\/ca\/wp-json\/wp\/v2\/pages\/4807\/revisions\/5070"}],"wp:featuredmedia":[{"embeddable":true,"href":"https:\/\/joinso.cat\/ca\/wp-json\/wp\/v2\/media\/4737"}],"wp:attachment":[{"href":"https:\/\/joinso.cat\/ca\/wp-json\/wp\/v2\/media?parent=4807"}],"curies":[{"name":"wp","href":"https:\/\/api.w.org\/{rel}","templated":true}]}}