{"id":282,"date":"2016-11-29T11:45:20","date_gmt":"2016-11-29T11:45:20","guid":{"rendered":"https:\/\/www.joinso.cat\/en\/?page_id=282"},"modified":"2025-07-29T16:31:55","modified_gmt":"2025-07-29T14:31:55","slug":"legal-advice","status":"publish","type":"page","link":"https:\/\/joinso.cat\/en\/legal-advice\/","title":{"rendered":"Legal Advice"},"content":{"rendered":"<p>[et_pb_section fb_built=&#8221;1&#8243; _builder_version=&#8221;4.16&#8243; global_colors_info=&#8221;{}&#8221;][et_pb_row _builder_version=&#8221;4.16&#8243; background_size=&#8221;initial&#8221; background_position=&#8221;top_left&#8221; background_repeat=&#8221;repeat&#8221; global_colors_info=&#8221;{}&#8221;][et_pb_column type=&#8221;4_4&#8243; _builder_version=&#8221;4.16&#8243; custom_padding=&#8221;|||&#8221; global_colors_info=&#8221;{}&#8221; custom_padding__hover=&#8221;|||&#8221;][et_pb_text _builder_version=&#8221;4.27.4&#8243; hover_enabled=&#8221;0&#8243; global_colors_info=&#8221;{}&#8221; sticky_enabled=&#8221;0&#8243;]<\/p>\n<p><strong>General information of our webpage<\/strong><\/p>\n<p>This website iis the only official website of JOINSO, registered trademark of JOINSO IT CONSULTING AND ADVICE S.L. with NIF B65917130, ans has the e-mail <a id='contact-mail-1' href='KSQ.FA3GFZ@FO3G:FKRGS4@'>KSQ.FA3GFZ@FO3G@<\/a><script>deObfuscateEmail(document.getElementById('contact-mail-1'));<\/script>, which is one of the ways of electronic contact.<br \/>From here on we will refer to JOINSO IT CONSULTING AND ADVICE, S.L., as JOINSO.<\/p>\n<p><strong>Copyright<\/strong><\/p>\n<p>The intellectual property rights of the site, www.joinso.cat, its source code, design, navigation structure, database and the different elements contained therein are property of JOINSO and it is to whom the exclusive exercise of the rights of exploitation of these in any form and, especially, the rights of reproduction, distribution, public communication and transformation.<br \/>The information published to the website is owned by JOINSO and its authors and are considered protected works\u00a0in accordance with the provisions of Royal Decree 1\/1996, of April 12, which approves the text rewritten by the Law of Intellectual property, and the intellectual treaties signed in this field are equally applicable.<\/p>\n<p><strong>Terms of use<\/strong><\/p>\n<p>These general conditions regulate the access and use of the website www.joinso.cat (hereinafter the Web), which JOINSO makes freely availabe to Internet users. This access implies its acceptance without reservations.<br \/>The user agrees to use the services and information provided by JOINSO according to the criteria of good faith and respecting in all cases the general principles of use generally accepted and without contravening public order and current legislation.<\/p>\n<p><strong>Allowed uses<\/strong><\/p>\n<p>The visualization, printing and partial downloading of the Webcontent is authorized only if the following conditions are met:<\/p>\n<p><strong>1.<\/strong>\u00a0That is compatible with the purpose of the Web.<br \/><strong>2.<\/strong>\u00a0That is done with the sole purpose of obtaining the information contained for personal and private use or for distribution, public communication, transformation or decompilation.<br \/><strong>3.<\/strong>\u00a0That none of the contents related to the Web can be modified in any way.<br \/><strong>4.<\/strong>\u00a0That no graphic, icon or imagesavailable on the Web cannot be used, copied or distributed without its context (text or group of images).<\/p>\n<p><strong>Domain reservations<\/strong><\/p>\n<p>JOINSO reserves the right to make at any time and without the need for prior notice, modifications and updates of the information contained in the Web, the configuration and the presentation of this and the conditions of access.<\/p>\n<p><strong>Responsibilities<\/strong><\/p>\n<p><strong>1. Disclaimer for content or operation of the website<\/strong><\/p>\n<p>JOINSO does not guarantee the lack of interruptions or errors in accessing the Web or its content, or that it is updated, JOINSO will perform all these tasks to correct errors, restore communications and update the contents, provided no causes appear that make it impossible or difficult to implement, and as soon as we hear of errors, disconnections or lack of updating content.<\/p>\n<p><strong>2. Exemption from responsibilities for the use of the website<\/strong><\/p>\n<p>Both the access to the Web and the non-consensual use that may be made of the information it contains is the sole responsibility of the user who makes it, JOINSO shall not be liable for any consequence, damage or prejudice that may derive from this access or use.<br \/>JOINSO will not be responsible for security errors that may occur or for any damage that may cause to the user&#8217;s computer system (hardware and software), or to the files or documents stored in it, as a result of:<\/p>\n<p><strong>1.<\/strong> the presence of viruses or other malicious software on the user&#8217;s computer that is used for connection to the services and contents of the Web.<br \/><strong>2.<\/strong> a malfunction of the browser or the use of non-updated versions. The user agrees to use the website, its contents and services in accordance with the law and in this legal notice. The user will abstain at all times from using any of the information or services for illicit, prohibited or harmful purposes for the interests of third parties.<\/p>\n<p><strong>Prohibited uses<\/strong><\/p>\n<p>The unauthorized use of the information contained in the Web, its resale, as well as the infringement of the rights of the Intellectual or Industrial Property of JOINSO will give rise to the legally established responsibilities.<br \/>All third party links to the Web must be to the main page, and &#8220;deep links&#8221;, &#8220;framing&#8221; and any other use of the Web&#8217;s content in favor of unauthorized third parties are expressly prohibited.<\/p>\n<p><strong>Communications<\/strong><\/p>\n<p>The communications by JOINSO, are governed by the following precepts:<\/p>\n<p>In application of Ley 34\/02 de Servicios de la Sociedad de la Informaci\u00f3n y de Comercio (LSSI-CE), and the \u201cReglamento General de Protecci\u00f3n de Datos\u201d in the applicable law (Ley Org\u00e1nica 3\/2018, de 5 de diciembre, de Protecci\u00f3n de Datos Personales y garant\u00eda de los derechos digitales), we are obliged to inform you that your email address could be part of our database, thus forming part of an automated file: of contacts, in order to offer you news about our company, and our products and services, or customers and \/ or suppliers in order to maintain communicative relationships between our company and you.<\/p>\n<p>The company that owns and is responsible for the file is JOINSO IT CONSULTING AND ADVICE S.L..<\/p>\n<p>We also inform you that, in accordance with the &#8220;General Data Protection Regulation&#8221; in the applicable law (Ley Org\u00e1nica 3\/2018, de 5 de diciembre, de Protecci\u00f3n de Datos Personales y garant\u00eda de los derechos digitales), you have the right of access , rectification, cancellation, limitation, portability and opposition, which may be exercised by letter to JOINSO IT CONSULTING AND ADVICE S.L.; Avinguda Francesc Maci\u00e0; 08206 Sabadell or by email to <a id='contact-mail-2' href='KSQ.FA3GFZ@FO3G:FKRGS4@'>KSQ.FA3GFZ@FO3G@<\/a><script>deObfuscateEmail(document.getElementById('contact-mail-2'));<\/script>.<\/p>\n<p>You can also consult our privacy policy at the following:\u00a0<a href=\"https:\/\/www.joinso.cat\/en\/privacy-policy\/\" target=\"_blank\" rel=\"noopener noreferrer\">https:\/\/www.joinso.cat\/en\/privacy-policy<\/a><\/p>\n<p>&nbsp;<\/p>\n<p>[\/et_pb_text][\/et_pb_column][\/et_pb_row][\/et_pb_section]<\/p>\n","protected":false},"excerpt":{"rendered":"<p>General information of our webpage This website iis the only official website of JOINSO, registered trademark of JOINSO IT CONSULTING AND ADVICE S.L. with NIF B65917130, ans has the e-mail <a id='contact-mail-1' href='KSQ.FA3GFZ@FO3G:FKRGS4@'>KSQ.FA3GFZ@FO3G@<\/a><script>deObfuscateEmail(document.getElementById('contact-mail-1'));<\/script>, which is one of the ways of electronic contact.From here on we will refer to JOINSO IT CONSULTING AND ADVICE, S.L., as JOINSO. [&hellip;]<\/p>\n","protected":false},"author":1,"featured_media":0,"parent":0,"menu_order":0,"comment_status":"closed","ping_status":"closed","template":"","meta":{"_et_pb_use_builder":"on","_et_pb_old_content":"<p><strong>Informaci\u00f3n general de la p\u00e1gina<\/strong><\/p><p>La web es la \u00fanica web oficial es la \u00fanica web oficial de JOINSO, marca registrada de JOINSO, SCP con NIF J65917130, y tiene el correo electr\u00f3nico [emailjoinso id='contact-mail-1'] como una de las formas de contacto electr\u00f3nico.<\/p><p><strong>Propiedad intelectual<\/strong><\/p><p>Los derechos de propiedad intelectual de la p\u00e1gina www.joinso.cat, su c\u00f3digo fuente, dise\u00f1o, estructura de navegaci\u00f3n, base de datos y los diferentes elementos en ella contenidos, son de titularidad de JOINSO y es a quien le corresponde el ejercicio exclusivo de los derechos de explotaci\u00f3n de estos en cualquier forma y, en especial, los derechos de reproducci\u00f3n, de distribuci\u00f3n, de comunicaci\u00f3n p\u00fablica y de transformaci\u00f3n.<br \/>La informaci\u00f3n difundida a la p\u00e1gina es titularidad de JOINSO y de sus autores y tienen la consideraci\u00f3n de obras protegidas de conformidad con las disposiciones del Real Decreto 1\/1996, del 12 de abril, por lo cual se aprueba el texto refundido por la Ley de Propiedad Intelectual, y resultan igualmente de aplicaci\u00f3n los tratados intelectuales suscritos en este campo.<\/p><p><strong>Condiciones de uso<\/strong><\/p><p>Estas condiciones generales regulan el acceso y la utilizaci\u00f3n del sitio web www.joinso.cat (en adelante la Web), que JOINSO pone gratuitamente a disposici\u00f3n de los usuarios de Internet. Este acceso implica su aceptaci\u00f3n sin reservas.<br \/>El usuario se compromete a utilizar los servicios y la informaci\u00f3n facilitada por JOINSO seg\u00fan los criterios de la buena fe y respetando en todo caso los principios generales de uso generalmente aceptados y sin contravenir al orden p\u00fablico y la legislaci\u00f3n vigente.<\/p><p><strong>Usos permitidos<\/strong><\/p><p>Se autoriza la visualizaci\u00f3n, la impresi\u00f3n y la descarga parcial del contenido de la Web s\u00f3lo si se cumplen las siguientes condiciones:<\/p><p><strong>1.<\/strong> Que sea compatible con las finalidad de la Web.<br \/><strong>2.<\/strong> Que se realice con el exclusivo \u00e1nimo de obtener la informaci\u00f3n contenida para uso personal y privado o para su distribuci\u00f3n, comunicaci\u00f3n p\u00fablica, transformaci\u00f3n o descompilaci\u00f3n.<br \/><strong>3.<\/strong> Que ninguno de los contenidos relacionados con la Web sean modificados de ninguna manera.<br \/><strong>4.<\/strong> Que ning\u00fan gr\u00e1fico, icono o imagen disponible en la Web sea utilizado, copiado o distribuido separadamente del texto o del resto de las im\u00e1genes que le acompa\u00f1an.<\/p><p><strong>Reservas de dominio<\/strong><\/p><p>JOINSO se reserva la facultad de efectuar, en cualquier momento y sin la necesidad de previo aviso, modificaciones y actualizaciones de la informaci\u00f3n contenida en la Web, de la configuraci\u00f3n y de la presentaci\u00f3n de esta y de las condiciones de acceso.<\/p><p><strong>Responsabilidades<\/strong><\/p><p><strong>1. Exenci\u00f3n de responsabilidad para contenido o funcionamiento de la web<\/strong><\/p><p>JOINSO no garantiza la inexistencia de interrupciones o errores en el acceso a la Web o en su contenido, ni que este se encuentre actualizado, JOINSO realizar\u00e1 todas \u00e9stas tareas para corregir los errores, restablecer las comunicaciones y actualizar los contenidos, siempre que no aparezcan causas que lo hagan imposible o sean de dif\u00edcil ejecuci\u00f3n, y tan pronto como tengamos noticia de los errores, de las desconexiones o de la falta de actualizaci\u00f3n en los contenidos.<\/p><p><strong>2. Exenci\u00f3n de responsabilidades para el uso del sitio web<\/strong><\/p><p>Tanto el acceso a la Web como el uso no consentido que se pueda hacer de la informaci\u00f3n que contiene es de exclusiva responsabilidad del usuario que lo realice, JOINSO no responder\u00e1 de ninguna consecuencia, da\u00f1o o perjuicio que se pueda derivas de este acceso o uso.<br \/>JOINSO no se har\u00e1 responsable de los errores de seguridad que se puedan producir ni de los da\u00f1os que puedan causar al sistema inform\u00e1tico del usuario (hardware y software), o a los ficheros o documentos almacenados en este, como consecuencia de:<\/p><p><strong>1.<\/strong> la presencia de virus al ordenador del usuario que sea utilizado para la conexi\u00f3n a los servicios y contenidos de la Web.<br \/><strong>2.<\/strong> un mal funcionamiento del navegador o del uso de les versiones no actualizadas. El usuario se compromete a utilizar la p\u00e1gina web, sus contenidos y servicios de conformidad con la ley y en este aviso legal. El usuario se abstendr\u00e1 en todo momento de utilizar cualquiera de las informaciones o servicios con finalidades il\u00edcitas, prohibidas o lesivas para los intereses de terceros.<\/p><p><strong>Usos prohibidos<\/strong><\/p><p>La utilizaci\u00f3n no autorizada de la informaci\u00f3n contenida en la Web, su revenda, como tambi\u00e9n la lesi\u00f3n de derechos de la Propiedad Intelectual o Industrial de JOINSO dar\u00e1 lugar a las responsabilidades legalmente establecidas.<br \/>Todo enlace de terceros a la Web debe ser a la p\u00e1gina principal, y quedan expresamente prohibidos los \u201clinks profundos\u201d, el \u201cframing\u201d y cualquier otro aprovechamiento de los contenido de la Web a favor de terceros no autorizados.<\/p><p><strong>Protecci\u00f3n de datos<\/strong><\/p><p><strong>1. Datos suministrados voluntariamente por el usuario<\/strong><\/p><p>Los datos suministrados voluntariamente por el usuario se trataran \u00fanicamente con las finalidades indicadas en los avisos correspondientes en cada caso y con el objetivo de prestar el servicio solicitado. Se incorporaran en un fichero automatizado de JOINSO protegido con las medidas de seguridad legalmente establecidas.<\/p><p>Por otro lado, JOINSO, usa la herramienta MailChimp para enviar comunicados a sus clientes. En ning\u00fan caso, el uso de esta herramienta es para enviar informaci\u00f3n privada o confidencial. Puede consultar las condiciones de privacidad de MailChimp en este <a href=\"http:\/\/mailchimp.com\/legal\/privacy\/\">enlace<\/a>.<\/p><p>En cumplimiento de lo que establece la Ley org\u00e1nica 15\/1999, del 13 de diciembre, de Protecci\u00f3n de Datos de Car\u00e1cter Personal, se informa al titular de los datos que podr\u00e1 ejercer los derechos de acceso, de rectificaci\u00f3n, de cancelaci\u00f3n y de oposici\u00f3n legalmente establecidos, por correo cumpliendo los requisitos establecidos en la Ley y dirigido a JOINSO, Apartado de Correos 2033; 08208 Sabadell (Barcelona) o bien por correo electr\u00f3nico a [emailjoinso id='contact-mail-2'].<\/p><p><a id=\"cookies\" name=\"cookies\"><\/a><strong>2. Cookies<\/strong><\/p><p>Este web utiliza 'cookies' propias y de terceros para ofrecer al usuario una mejor experiencia y servicio.<\/p><p>Las cookies propias s\u00f3n usadas para tres conceptos diferenciados:<\/p><p>- Para mantener la sesi\u00f3n de usuario en caso de que este se identifique para hacer uso de los servicios proporcionados.<br \/>- Para detectar las capacidades t\u00e9cnicas y funcionales de la navegaci\u00f3n del usuario, y concretamente, detectar si esta habilitado el uso de JavaScript.<br \/>- Determinar si el usuario ha aceptado esta declaraci\u00f3n de terminos de uso relativos a las cookies.<\/p><p>En los dos primeros supuestos, las cookies descritas son eliminadas al finalizar la sesi\u00f3n o al cerrar el navegador.<br \/>En el tercer supuesto, estas cookies expiran al a\u00f1o de su creaci\u00f3n.<\/p><p>Las cookies de terceros tienen como objetivo analizar el uso y experiencia de los usuarios, y recoger datos estad\u00edsticos de forma an\u00f2nima.<br \/>Estas cookies son gestionadas por la aplicaci\u00f3n Google Analytics.<\/p><p>Esta aplicaci\u00f3n es gestionada por Google, que presta los servicios de tratamiento de datos estad\u00edsticos de forma anonima, y por tanto sin recabar informaci\u00f3n personal.<br \/>Esta empresa puede usar los datos para la mejora de sus propios servicios, ya sea en productos propios, o de terceras empresas.<br \/>Puede consultar toda la informaci\u00f3n relativa a esta aplicaci\u00f3n y su pol\u00edtica de protecci\u00f3n de datos en <a class=\"link\" title=\"Google Analytics Privacy\" href=\"https:\/\/www.google.com\/intl\/es_ES\/analytics\/learn\/privacy.html\" target=\"_new\">Google Analytics Privacy<\/a><br \/>Esta informaci\u00f3n obtenida de forma an\u00f3nima nos permite mejorar nuestros servicios en base a la experiencia de los visitantes.<\/p><p>Al navegar o utilizar nuestros servicios el usuario acepta el uso que hacemos de las 'cookies', aunque siempre se le mostrar\u00e1 la advertencia sobre el uso que hacemos de ellas, y este no desaparecer\u00e1 hasta que clique el bot\u00f3n de Aceptar.<\/p><p>Sin embargo, en cualquier momento, el usuario tiene la opci\u00f3n de impedir la generaci\u00f3n de 'cookies' y la eliminaci\u00f3n de estas mediante la selecci\u00f3n de la correspondiente opci\u00f3n en su navegador:<\/p><ul><li><a class=\"link\" title=\"Chrome\" href=\"http:\/\/support.google.com\/chrome\/bin\/answer.py?hl=es&answer=95647\" target=\"_blank\" rel=\"noopener\">Chrome<\/a><\/li><li><a class=\"link\" title=\"Firefox\" href=\"http:\/\/support.mozilla.org\/es\/kb\/cookies-informacion-que-los-sitios-web-guardan-en-?esab=a&s=manage+cookies&r=1&as=s\" target=\"_blank\" rel=\"noopener\">Firefox<\/a><\/li><li><a class=\"link\" title=\"Safari\" href=\"http:\/\/support.apple.com\/kb\/ph5042\" target=\"_blank\" rel=\"noopener\">Safari<\/a><\/li><li><a class=\"link\" title=\"Internet Explorer\" href=\"http:\/\/windows.microsoft.com\/es-es\/windows7\/how-to-manage-cookies-in-internet-explorer-9\" target=\"_blank\" rel=\"noopener\">Internet Explorer<\/a><\/li><li><a class=\"link\" title=\"Opera\" href=\"http:\/\/help.opera.com\/Windows\/11.50\/es-ES\/cookies.html\" target=\"_blank\" rel=\"noopener\">Opera<\/a><\/li><\/ul><p>Una vez realizada esta acci\u00f3n, se entiende que el usuario no desea utilizar este site, y que cualquier visita posterior implica la aceptaci\u00f3n de los t\u00e9rminos descritos anteriormente.<\/p><p><a id=\"comunicados\" name=\"comunicados\"><\/a><strong>3. Comunicados<\/strong><\/p><p>Los comunicados por parte de JOINSO, se rigen bajo los siguientes preceptos:<\/p><p>En aplicaci\u00f3n de la Ley 34\/02 de Servicios de la Sociedad de la Informaci\u00f3n y de Comercio (LSSI-CE), y de la Ley Org\u00e1nica 15\/1999 de 13 de diciembre, de Protecci\u00f3n de Datos Personales, estamos obligados a comunicarle que su direcci\u00f3n de correo podr\u00eda formar parte de nuestras base de datos, formando as\u00ed parte de un fichero automatizado: de contactos, con el objetivo de ofrecerle noticias de nuestra compa\u00f1\u00eda, y de nuestros productos y servicios, o de clientes y\/o proveedores con el objetivo de mantener relaciones comunicativas entre nuestra compa\u00f1\u00eda y usted.<\/p><p>La empresa propietaria y responsable del fichero es JOINSO, SCP.<\/p><p>Tambi\u00e9n le informamos que, de acuerdo con la Ley Org\u00e1nica de Protecci\u00f3n de Datos de Car\u00e1cter Personal (LOPD) 15\/1999 de 13 de diciembre, usted tiene derecho de acceso, rectificaci\u00f3n, cancelaci\u00f3n y oposici\u00f3n, que podr\u00e1 ejercitar por carta a JOINSO, SCP, Ap. Correos 2033, 08208 Sabadell o bien por correo electr\u00f3nico a [emailjoinso id='contact-mail-3'].<\/p>","_et_gb_content_width":"","footnotes":""},"class_list":["post-282","page","type-page","status-publish","hentry"],"_links":{"self":[{"href":"https:\/\/joinso.cat\/en\/wp-json\/wp\/v2\/pages\/282","targetHints":{"allow":["GET"]}}],"collection":[{"href":"https:\/\/joinso.cat\/en\/wp-json\/wp\/v2\/pages"}],"about":[{"href":"https:\/\/joinso.cat\/en\/wp-json\/wp\/v2\/types\/page"}],"author":[{"embeddable":true,"href":"https:\/\/joinso.cat\/en\/wp-json\/wp\/v2\/users\/1"}],"replies":[{"embeddable":true,"href":"https:\/\/joinso.cat\/en\/wp-json\/wp\/v2\/comments?post=282"}],"version-history":[{"count":12,"href":"https:\/\/joinso.cat\/en\/wp-json\/wp\/v2\/pages\/282\/revisions"}],"predecessor-version":[{"id":2809,"href":"https:\/\/joinso.cat\/en\/wp-json\/wp\/v2\/pages\/282\/revisions\/2809"}],"wp:attachment":[{"href":"https:\/\/joinso.cat\/en\/wp-json\/wp\/v2\/media?parent=282"}],"curies":[{"name":"wp","href":"https:\/\/api.w.org\/{rel}","templated":true}]}}