{"id":4978,"date":"2026-01-15T17:22:29","date_gmt":"2026-01-15T16:22:29","guid":{"rendered":"https:\/\/joinso.cat\/servicios-3-2-2\/"},"modified":"2026-02-25T16:52:27","modified_gmt":"2026-02-25T15:52:27","slug":"servicios-3-2-2","status":"publish","type":"page","link":"https:\/\/joinso.cat\/en\/innovate\/","title":{"rendered":"Innovate"},"content":{"rendered":"<p>[et_pb_section fb_built=&#8221;1&#8243; fullwidth=&#8221;on&#8221; custom_padding_last_edited=&#8221;off|desktop&#8221; admin_label=&#8221;section&#8221; _builder_version=&#8221;4.27.5&#8243; background_color=&#8221;#ffffff&#8221; custom_padding_tablet=&#8221;50px|0|50px|0&#8243; transparent_background=&#8221;off&#8221; padding_mobile=&#8221;off&#8221; make_fullwidth=&#8221;off&#8221; use_custom_width=&#8221;off&#8221; width_unit=&#8221;on&#8221; global_colors_info=&#8221;{}&#8221;][et_pb_fullwidth_slider show_arrows=&#8221;off&#8221; show_pagination=&#8221;off&#8221; admin_label=&#8221;Fullwidth Slider&#8221; module_id=&#8221;headers&#8221; _builder_version=&#8221;4.27.5&#8243; text_orientation=&#8221;left&#8221; custom_padding=&#8221;|||&#8221; custom_padding_tablet=&#8221;|||&#8221; custom_padding_phone=&#8221;|||&#8221; header_font_size_last_edited=&#8221;off|desktop&#8221; remove_inner_shadow=&#8221;on&#8221; hide_content_on_mobile=&#8221;off&#8221; hide_cta_on_mobile=&#8221;off&#8221; show_inner_shadow=&#8221;off&#8221; button_letter_spacing_hover=&#8221;0&#8243; global_colors_info=&#8221;{}&#8221; button_text_size__hover_enabled=&#8221;off&#8221; button_text_size__hover=&#8221;null&#8221; button_one_text_size__hover_enabled=&#8221;off&#8221; button_one_text_size__hover=&#8221;null&#8221; button_two_text_size__hover_enabled=&#8221;off&#8221; button_two_text_size__hover=&#8221;null&#8221; button_text_color__hover_enabled=&#8221;off&#8221; button_text_color__hover=&#8221;null&#8221; button_one_text_color__hover_enabled=&#8221;off&#8221; button_one_text_color__hover=&#8221;null&#8221; button_two_text_color__hover_enabled=&#8221;off&#8221; button_two_text_color__hover=&#8221;null&#8221; button_border_width__hover_enabled=&#8221;off&#8221; button_border_width__hover=&#8221;null&#8221; button_one_border_width__hover_enabled=&#8221;off&#8221; button_one_border_width__hover=&#8221;null&#8221; button_two_border_width__hover_enabled=&#8221;off&#8221; button_two_border_width__hover=&#8221;null&#8221; button_border_color__hover_enabled=&#8221;off&#8221; button_border_color__hover=&#8221;null&#8221; button_one_border_color__hover_enabled=&#8221;off&#8221; button_one_border_color__hover=&#8221;null&#8221; button_two_border_color__hover_enabled=&#8221;off&#8221; button_two_border_color__hover=&#8221;null&#8221; button_border_radius__hover_enabled=&#8221;off&#8221; button_border_radius__hover=&#8221;null&#8221; button_one_border_radius__hover_enabled=&#8221;off&#8221; button_one_border_radius__hover=&#8221;null&#8221; button_two_border_radius__hover_enabled=&#8221;off&#8221; button_two_border_radius__hover=&#8221;null&#8221; button_letter_spacing__hover_enabled=&#8221;on&#8221; button_letter_spacing__hover=&#8221;0&#8243; button_one_letter_spacing__hover_enabled=&#8221;off&#8221; button_one_letter_spacing__hover=&#8221;null&#8221; button_two_letter_spacing__hover_enabled=&#8221;off&#8221; button_two_letter_spacing__hover=&#8221;null&#8221; button_bg_color__hover_enabled=&#8221;off&#8221; button_bg_color__hover=&#8221;null&#8221; button_one_bg_color__hover_enabled=&#8221;off&#8221; button_one_bg_color__hover=&#8221;null&#8221; button_two_bg_color__hover_enabled=&#8221;off&#8221; button_two_bg_color__hover=&#8221;null&#8221; header_font_size__hover_enabled=&#8221;off|desktop&#8221;][et_pb_slide heading=&#8221;Innovate&#8221; use_bg_overlay=&#8221;off&#8221; use_text_overlay=&#8221;off&#8221; alignment=&#8221;bottom&#8221; admin_title=&#8221;servicios&#8221; _builder_version=&#8221;4.27.5&#8243; header_font=&#8221;|on|||&#8221; body_font=&#8221;||||&#8221; background_color=&#8221;#ffffff&#8221; background_image=&#8221;https:\/\/joinso.cat\/wp-content\/uploads\/joinso-innovamos-2.jpg&#8221; background_enable_image=&#8221;on&#8221; background_position=&#8221;top_center&#8221; button_icon_placement=&#8221;right&#8221; button_on_hover=&#8221;on&#8221; header_text_shadow_style=&#8221;preset2&#8243; header_text_shadow_horizontal_length=&#8221;0.1em&#8221; header_text_shadow_vertical_length=&#8221;0.1em&#8221; header_text_shadow_blur_strength=&#8221;0.1em&#8221; body_text_shadow_style=&#8221;preset3&#8243; body_text_shadow_blur_strength=&#8221;0.4em&#8221; body_text_shadow_color=&#8221;rgba(0,0,0,0.7)&#8221; global_colors_info=&#8221;{}&#8221; button_text_size__hover_enabled=&#8221;off&#8221; button_one_text_size__hover_enabled=&#8221;off&#8221; button_two_text_size__hover_enabled=&#8221;off&#8221; button_text_color__hover_enabled=&#8221;off&#8221; button_one_text_color__hover_enabled=&#8221;off&#8221; button_two_text_color__hover_enabled=&#8221;off&#8221; button_border_width__hover_enabled=&#8221;off&#8221; button_one_border_width__hover_enabled=&#8221;off&#8221; button_two_border_width__hover_enabled=&#8221;off&#8221; button_border_color__hover_enabled=&#8221;off&#8221; button_one_border_color__hover_enabled=&#8221;off&#8221; button_two_border_color__hover_enabled=&#8221;off&#8221; button_border_radius__hover_enabled=&#8221;off&#8221; button_one_border_radius__hover_enabled=&#8221;off&#8221; button_two_border_radius__hover_enabled=&#8221;off&#8221; button_letter_spacing__hover_enabled=&#8221;off&#8221; button_one_letter_spacing__hover_enabled=&#8221;off&#8221; button_two_letter_spacing__hover_enabled=&#8221;off&#8221; button_bg_color__hover_enabled=&#8221;off&#8221; button_one_bg_color__hover_enabled=&#8221;off&#8221; button_two_bg_color__hover_enabled=&#8221;off&#8221; sticky_transition=&#8221;on&#8221;]<\/p>\n<p><span>We anticipate the future to build competitive advantages today<\/span><\/p>\n<p>[\/et_pb_slide][\/et_pb_fullwidth_slider][\/et_pb_section][et_pb_section fb_built=&#8221;1&#8243; custom_padding_last_edited=&#8221;on|desktop&#8221; _builder_version=&#8221;4.27.5&#8243; background_color=&#8221;#ffffff&#8221; width=&#8221;100%&#8221; custom_padding_tablet=&#8221;50px|0|50px|0&#8243; custom_padding_phone=&#8221;&#8221; transparent_background=&#8221;off&#8221; padding_mobile=&#8221;off&#8221; make_fullwidth=&#8221;off&#8221; use_custom_width=&#8221;off&#8221; width_unit=&#8221;on&#8221; global_colors_info=&#8221;{}&#8221;][et_pb_row admin_label=&#8221;row&#8221; module_id=&#8221;intro_seccions&#8221; _builder_version=&#8221;4.27.5&#8243; background_size=&#8221;initial&#8221; background_position=&#8221;top_left&#8221; background_repeat=&#8221;repeat&#8221; max_width=&#8221;2560px&#8221; global_colors_info=&#8221;{}&#8221;][et_pb_column type=&#8221;4_4&#8243; _builder_version=&#8221;4.16&#8243; custom_padding=&#8221;|||&#8221; global_colors_info=&#8221;{}&#8221; custom_padding__hover=&#8221;|||&#8221;][et_pb_text module_id=&#8221;intro_seccions&#8221; _builder_version=&#8221;4.27.5&#8243; _module_preset=&#8221;default&#8221; text_font=&#8221;||on||||||&#8221; text_font_size=&#8221;20px&#8221; text_orientation=&#8221;justified&#8221; module_alignment=&#8221;center&#8221; global_colors_info=&#8221;{}&#8221;]<\/p>\n<p><span>True innovation isn&#8217;t about adopting the latest technology just because it&#8217;s a trend; it&#8217;s about using it to solve problems in ways that were previously impossible. In a market transforming at an unprecedented pace, the ability to innovate is the only guarantee of long-term relevance.<\/span><\/p>\n<p><span>At <strong>JOINSO<\/strong>, we view innovation as a strategic tool. We help companies navigate technological uncertainty, identifying disruptive opportunities and transforming them into solutions that optimize processes, reduce costs, and open new lines of business.<\/span><\/p>\n<p>[\/et_pb_text][\/et_pb_column][\/et_pb_row][et_pb_row column_structure=&#8221;1_2,1_2&#8243; use_custom_gutter=&#8221;on&#8221; gutter_width=&#8221;2&#8243; _builder_version=&#8221;4.27.5&#8243; _module_preset=&#8221;default&#8221; max_width=&#8221;2560px&#8221; global_colors_info=&#8221;{}&#8221;][et_pb_column type=&#8221;1_2&#8243; _builder_version=&#8221;4.27.5&#8243; _module_preset=&#8221;default&#8221; global_colors_info=&#8221;{}&#8221;][et_pb_image src=&#8221;https:\/\/joinso.cat\/wp-content\/uploads\/laboratorio-ideas.jpg&#8221; alt=&#8221;Implementaci\u00f3n de Inteligencia Artificial y automatizaci\u00f3n de procesos mediante Pruebas de Concepto (PoC)&#8221; title_text=&#8221;Automatizaci\u00f3n inteligente y validaci\u00f3n de tecnolog\u00edas emergentes&#8221; force_fullwidth=&#8221;on&#8221; _builder_version=&#8221;4.27.5&#8243; _module_preset=&#8221;default&#8221; global_colors_info=&#8221;{}&#8221;][\/et_pb_image][\/et_pb_column][et_pb_column type=&#8221;1_2&#8243; _builder_version=&#8221;4.27.5&#8243; _module_preset=&#8221;default&#8221; global_colors_info=&#8221;{}&#8221;][et_pb_text _builder_version=&#8221;4.27.5&#8243; _module_preset=&#8221;default&#8221; text_orientation=&#8221;justified&#8221; global_colors_info=&#8221;{}&#8221;]<\/p>\n<h2 class=\"seccions\" style=\"text-align: left;\">An innovation lab applied to your business<\/h2>\n<p>&nbsp;<\/p>\n<ul data-pos=\"848\">\n<li data-pos=\"848\"><strong data-pos=\"852\">Exploration of Emerging Technologies:<\/strong><span>\u00a0<\/span>From decentralized architectures to next-generation cloud computing, we constantly evaluate the technological landscape to select only what offers a real return for your industry.<\/li>\n<li data-pos=\"1106\"><strong data-pos=\"1110\">Artificial Intelligence and Automation:<\/strong><span>\u00a0<\/span>We go beyond theoretical concepts. We implement AI solutions that enable data-driven decision-making, automating critical tasks so your team can focus on what truly adds value.<\/li>\n<li data-pos=\"1386\"><strong data-pos=\"1390\">Culture of controlled experimentation:<\/strong><span>\u00a0<\/span>We minimize the risk of innovation through proofs of concept (PoC) and rapid prototyping. This allows you to validate disruptive ideas with a controlled investment before scaling them across the entire business.<\/li>\n<\/ul>\n<p>[\/et_pb_text][\/et_pb_column][\/et_pb_row][et_pb_row column_structure=&#8221;1_2,1_2&#8243; use_custom_gutter=&#8221;on&#8221; gutter_width=&#8221;2&#8243; _builder_version=&#8221;4.27.5&#8243; _module_preset=&#8221;default&#8221; max_width=&#8221;2560px&#8221; global_colors_info=&#8221;{}&#8221; custom_css_main_element_last_edited=&#8221;on|phone&#8221; custom_css_main_element_tablet=&#8221;display: flex;||flex-wrap: wrap;&#8221; custom_css_main_element_phone=&#8221;display: flex;||flex-wrap: wrap;&#8221;][et_pb_column type=&#8221;1_2&#8243; _builder_version=&#8221;4.27.5&#8243; _module_preset=&#8221;default&#8221; global_colors_info=&#8221;{}&#8221; custom_css_main_element_last_edited=&#8221;on|phone&#8221; custom_css_main_element_tablet=&#8221;order: 2;&#8221; custom_css_main_element_phone=&#8221;order: 2;&#8221;][et_pb_text _builder_version=&#8221;4.27.5&#8243; _module_preset=&#8221;default&#8221; text_orientation=&#8221;justified&#8221; global_colors_info=&#8221;{}&#8221;]<\/p>\n<h2 style=\"text-align: left;\" class=\"seccions\">Human-centric digital transformation<\/h2>\n<p>&nbsp;<\/p>\n<p>For us, technology is the means, but success is defined by people. That is why our innovation processes include a deep focus on <strong>User Experience (UX)<\/strong> and change management. We ensure that every new solution is not only technically advanced but also enthusiastically adopted by your employees and clients.<\/p>\n<p>&nbsp;<\/p>\n<h2 style=\"text-align: left;\" class=\"seccions\">Your partner at the forefront of technology<\/h2>\n<p>&nbsp;<\/p>\n<p>Innovating requires courage, but also methodology. At <strong>JOINSO<\/strong>, we combine our technical curiosity with absolute business rigor so that your company doesn&#8217;t just adapt to the future, but leads it.<\/p>\n<p>[\/et_pb_text][\/et_pb_column][et_pb_column type=&#8221;1_2&#8243; _builder_version=&#8221;4.27.5&#8243; _module_preset=&#8221;default&#8221; global_colors_info=&#8221;{}&#8221; custom_css_main_element_last_edited=&#8221;on|tablet&#8221; custom_css_main_element_tablet=&#8221;order: 1;&#8221; custom_css_main_element_phone=&#8221;order: 1;&#8221;][et_pb_image src=&#8221;https:\/\/joinso.cat\/wp-content\/uploads\/transformacion-digital.jpg&#8221; alt=&#8221;Equipo gestionando el cambio cultural y la experiencia de usuario (UX) en proyectos de transformaci\u00f3n digital&#8221; title_text=&#8221;Transformaci\u00f3n digital centrada en las personas y la adopci\u00f3n tecnol\u00f3gica&#8221; _builder_version=&#8221;4.27.5&#8243; _module_preset=&#8221;default&#8221; global_colors_info=&#8221;{}&#8221;][\/et_pb_image][\/et_pb_column][\/et_pb_row][et_pb_row _builder_version=&#8221;4.27.5&#8243; _module_preset=&#8221;default&#8221; max_width=&#8221;2560px&#8221; global_colors_info=&#8221;{}&#8221;][et_pb_column type=&#8221;4_4&#8243; _builder_version=&#8221;4.27.5&#8243; _module_preset=&#8221;default&#8221; global_colors_info=&#8221;{}&#8221;][et_pb_text _builder_version=&#8221;4.27.5&#8243; _module_preset=&#8221;default&#8221; text_orientation=&#8221;justified&#8221; global_colors_info=&#8221;{}&#8221;]<\/p>\n<h2 class=\"seccions\" style=\"text-align: center;\">Are you ready to discover what cutting-edge technology can do for the future of your business?<\/h2>\n<p>[\/et_pb_text][et_pb_button button_url=&#8221;\/en\/contact\/&#8221; button_text=&#8221;Let&#8217;s talk&#8221; button_alignment=&#8221;center&#8221; _builder_version=&#8221;4.27.5&#8243; _module_preset=&#8221;default&#8221; hover_enabled=&#8221;0&#8243; global_colors_info=&#8221;{}&#8221; custom_css_main_element_last_edited=&#8221;off|desktop&#8221; custom_css_main_element_tablet=&#8221;order: 4;&#8221; custom_css_main_element_phone=&#8221;order: 4;&#8221; sticky_enabled=&#8221;0&#8243;][\/et_pb_button][et_pb_code _builder_version=&#8221;4.27.5&#8243; _module_preset=&#8221;default&#8221; text_orientation=&#8221;center&#8221; global_colors_info=&#8221;{}&#8221;]<\/p>\n<h2 class=\"seccions_centrada\">Answers to frequently asked questions<\/h2>\n<p><!-- [et_pb_line_break_holder] --><\/p>\n<h3 class=\"seccions_centrada\">We resolve your doubts about digital innovation<\/h3>\n<p><!\u2013- [et_pb_br_holder] -\u2013><!-- [et_pb_line_break_holder] -->\u00a0\u00a0<!-- [et_pb_line_break_holder] --><\/p>\n<div class=\"schema-faq-code\"><!-- [et_pb_line_break_holder] -->\t<\/p>\n<div class=\"faq-question\"><!-- [et_pb_line_break_holder] -->\t\t<\/p>\n<h3 class=\"faq-q\">How can Artificial Intelligence (AI) improve my company&#8217;s profitability?<\/h3>\n<p><!-- [et_pb_line_break_holder] -->\t\t<\/p>\n<div><!-- [et_pb_line_break_holder] -->\t\t\t<pee class=\"faq-a\">AI is not just for large corporations or a passing trend. At JOINSO, we help companies of various sizes implement AI solutions that enable data-driven decision-making. We automate critical and repetitive tasks so your human team can focus on what truly adds value, reducing operational costs and manual errors.<\/pee><!-- [et_pb_line_break_holder] -->\t\t<\/div>\n<p><!-- [et_pb_line_break_holder] -->\t<\/div>\n<p><!-- [et_pb_line_break_holder] -->\t<\/p>\n<div class=\"faq-question\"><!-- [et_pb_line_break_holder] -->\t\t<\/p>\n<h3 class=\"faq-q\">How do we minimize the financial risk when testing new technologies in my company?<\/h3>\n<p><!-- [et_pb_line_break_holder] -->\t\t<\/p>\n<div><!-- [et_pb_line_break_holder] -->\t\t\t<pee class=\"faq-a\">We foster a culture of controlled experimentation. Instead of making large blind developments, we minimize risk through Proofs of Concept (PoC) and rapid prototyping. This allows you to validate disruptive ideas with a very controlled investment, measuring the real return before scaling them across the entire business.<\/pee><!-- [et_pb_line_break_holder] -->\t\t<\/div>\n<p><!-- [et_pb_line_break_holder] -->\t<\/div>\n<p><!-- [et_pb_line_break_holder] -->\t<\/p>\n<div class=\"faq-question\"><!-- [et_pb_line_break_holder] -->\t\t<\/p>\n<h3 class=\"faq-q\">What is workflow automation and why is it the first step to innovation?<\/h3>\n<p><!-- [et_pb_line_break_holder] -->\t\t<\/p>\n<div><!-- [et_pb_line_break_holder] -->\t\t\t<pee class=\"faq-a\">Innovating starts with eliminating inefficiency. Automating workflows means connecting your tools (email, CRM, ERP, databases) so that information flows without human intervention. If your team spends hours transferring data from an Excel spreadsheet to another platform, automation will give them that time back to sell or manage better.<\/pee><!-- [et_pb_line_break_holder] -->\t\t<\/div>\n<p><!-- [et_pb_line_break_holder] -->\t<\/div>\n<p><!-- [et_pb_line_break_holder] -->\t<\/p>\n<div class=\"faq-question\"><!-- [et_pb_line_break_holder] -->\t\t<\/p>\n<h3 class=\"faq-q\">Is it safe to implement AI in my business&#8217;s internal processes?<\/h3>\n<p><!-- [et_pb_line_break_holder] -->\t\t<\/p>\n<div><!-- [et_pb_line_break_holder] -->\t\t\t<pee class=\"faq-a\">Absolutely. At JOINSO, we prioritize privacy and do not innovate in a vacuum. We evaluate and select technologies in controlled and secure environments. We ensure that your company&#8217;s sensitive data is not used to train public models and that all information is encrypted and under your exclusive control.<\/pee><!-- [et_pb_line_break_holder] -->\t\t<\/div>\n<p><!-- [et_pb_line_break_holder] -->\t<\/div>\n<p><!-- [et_pb_line_break_holder] -->\t<\/p>\n<div class=\"faq-question\"><!-- [et_pb_line_break_holder] -->\t\t<\/p>\n<h3 class=\"faq-q\">How can we transform my company&#8217;s data into strategic decisions?<\/h3>\n<p><!-- [et_pb_line_break_holder] -->\t\t<\/p>\n<div><!-- [et_pb_line_break_holder] -->\t\t\t<pee class=\"faq-a\">Many companies accumulate data but do not &#8220;listen&#8221; to it. Through Business Intelligence, we unify your information sources into real-time visual dashboards. This allows management to see exactly what is happening in the business and make decisions based on evidence, not intuition.<\/pee><!-- [et_pb_line_break_holder] -->\t\t<\/div>\n<p><!-- [et_pb_line_break_holder] -->\t<\/div>\n<p><!-- [et_pb_line_break_holder] -->\t<\/p>\n<div class=\"faq-question\"><!-- [et_pb_line_break_holder] -->\t\t<\/p>\n<h3 class=\"faq-q\">What is the difference between a conventional report and a Business Intelligence solution?<\/h3>\n<p><!-- [et_pb_line_break_holder] -->\t\t<\/p>\n<div><!-- [et_pb_line_break_holder] -->\t\t\t<pee class=\"faq-a\">A report tells you what happened last month; BI tells you what is happening right now and helps you project what will happen tomorrow. It is the difference between driving while looking in the rearview mirror and looking through the windshield with an advanced GPS.<\/pee><!-- [et_pb_line_break_holder] -->\t\t<\/div>\n<p><!-- [et_pb_line_break_holder] -->\t<\/div>\n<p><!-- [et_pb_line_break_holder] -->\t<\/p>\n<div class=\"faq-question\"><!-- [et_pb_line_break_holder] -->\t\t<\/p>\n<h3 class=\"faq-q\">Why should my company invest in innovation right now?<\/h3>\n<p><!-- [et_pb_line_break_holder] -->\t\t<\/p>\n<div><!-- [et_pb_line_break_holder] -->\t\t\t<pee class=\"faq-a\">Digitalization is no longer enough; differentiation now comes from intelligent optimization. The ability to innovate is the only guarantee of long-term relevance. Companies that adopt emerging technologies before their competition gain a competitive advantage in costs and customer experience that is very difficult for those left behind to recover.<\/pee><!-- [et_pb_line_break_holder] -->\t\t<\/div>\n<p><!-- [et_pb_line_break_holder] -->\t<\/div>\n<p><!-- [et_pb_line_break_holder] -->\t<\/p>\n<div class=\"faq-question\"><!-- [et_pb_line_break_holder] -->\t\t<\/p>\n<h3 class=\"faq-q\">Do I need a high budget to start innovating with JOINSO?<\/h3>\n<p><!-- [et_pb_line_break_holder] -->\t\t<\/p>\n<div><!-- [et_pb_line_break_holder] -->\t\t\t<pee class=\"faq-a\">No. Innovation at JOINSO is modular. There is no need to transform the entire company at once. We start by identifying the biggest &#8220;pain point&#8221; or the most inefficient task and apply a scalable innovative solution. The goal is for the efficiency generated by the innovation to fund the next steps.<\/pee><!-- [et_pb_line_break_holder] -->\t\t<\/div>\n<p><!-- [et_pb_line_break_holder] -->\t<\/div>\n<p><!-- [et_pb_line_break_holder] -->\t<\/p>\n<div class=\"faq-question\"><!-- [et_pb_line_break_holder] -->\t\t<\/p>\n<h3 class=\"faq-q\">What role does JOINSO play in management&#8217;s technological decision-making?<\/h3>\n<p><!-- [et_pb_line_break_holder] -->\t\t<\/p>\n<div><!-- [et_pb_line_break_holder] -->\t\t\t<pee class=\"faq-a\">We act as the critical bridge between your business goals and technical reality. We translate complex technical concepts into business language through clear status reports without unnecessary jargon, so management knows exactly where their investment stands and can make informed decisions.<\/pee><!-- [et_pb_line_break_holder] -->\t\t<\/div>\n<p><!-- [et_pb_line_break_holder] -->\t<\/div>\n<p><!-- [et_pb_line_break_holder] --><\/div>\n<p>[\/et_pb_code][et_pb_text disabled_on=&#8221;off|off|off&#8221; _builder_version=&#8221;4.27.5&#8243; _module_preset=&#8221;default&#8221; text_orientation=&#8221;center&#8221; global_module=&#8221;4966&#8243; saved_tabs=&#8221;all&#8221; global_colors_info=&#8221;{}&#8221;]<\/p>\n<h2 class=\"seccions_centrada\"><strong>Some of our clients<\/strong><\/h2>\n<h3 class=\"seccions_centrada\">Success stories<\/h3>\n<ul id=\"customers\">\n<li><img loading=\"lazy\" decoding=\"async\" src=\"https:\/\/joinso.cat\/wp-content\/uploads\/mcneel-3.jpg\" alt=\"\" width=\"250\" height=\"250\" class=\"alignnone size-full wp-image-4334\" \/><\/li>\n<li><img loading=\"lazy\" decoding=\"async\" src=\"https:\/\/joinso.cat\/wp-content\/uploads\/saate_250.jpg\" alt=\"\" width=\"250\" height=\"250\" class=\"alignnone size-full wp-image-4299\" \/><\/li>\n<li><img loading=\"lazy\" decoding=\"async\" src=\"https:\/\/joinso.cat\/wp-content\/uploads\/asuni-2.jpg\" alt=\"\" width=\"250\" height=\"250\" class=\"alignnone size-full wp-image-4304\" \/><\/li>\n<li><img loading=\"lazy\" decoding=\"async\" src=\"https:\/\/joinso.cat\/wp-content\/uploads\/cros_ingenieros-1.jpg\" alt=\"\" width=\"250\" height=\"250\" class=\"alignnone size-full wp-image-4316\" \/><\/li>\n<li><img loading=\"lazy\" decoding=\"async\" src=\"https:\/\/joinso.cat\/wp-content\/uploads\/piera.jpg\" alt=\"\" width=\"250\" height=\"250\" class=\"alignnone size-full wp-image-4322\" \/><\/li>\n<li><img loading=\"lazy\" decoding=\"async\" src=\"https:\/\/joinso.cat\/wp-content\/uploads\/multiopticas_lux-1.jpg\" alt=\"\" width=\"250\" height=\"250\" class=\"alignnone size-full wp-image-4319\" \/><\/li>\n<li><img loading=\"lazy\" decoding=\"async\" src=\"https:\/\/joinso.cat\/wp-content\/uploads\/caas_arquitectes.jpg\" alt=\"\" width=\"250\" height=\"250\" class=\"alignnone size-full wp-image-4313\" srcset=\"https:\/\/joinso.cat\/wp-content\/uploads\/caas_arquitectes.jpg 250w, https:\/\/joinso.cat\/wp-content\/uploads\/caas_arquitectes-150x150.jpg 150w\" sizes=\"(max-width: 250px) 100vw, 250px\" \/><\/li>\n<li><img loading=\"lazy\" decoding=\"async\" src=\"https:\/\/joinso.cat\/wp-content\/uploads\/agbar-4.jpg\" alt=\"\" width=\"250\" height=\"250\" class=\"alignnone size-full wp-image-4307\" \/><\/li>\n<li><img loading=\"lazy\" decoding=\"async\" src=\"https:\/\/joinso.cat\/wp-content\/uploads\/caser-4.jpg\" alt=\"\" width=\"250\" height=\"250\" class=\"alignnone size-full wp-image-4310\" \/><\/li>\n<li><img loading=\"lazy\" decoding=\"async\" src=\"https:\/\/joinso.cat\/wp-content\/uploads\/naturgy-6.jpg\" alt=\"\" width=\"250\" height=\"250\" class=\"alignnone size-full wp-image-4325\" \/><\/li>\n<li><img loading=\"lazy\" decoding=\"async\" src=\"https:\/\/joinso.cat\/wp-content\/uploads\/bse-3.jpg\" alt=\"\" width=\"250\" height=\"250\" class=\"alignnone size-full wp-image-4331\" \/><\/li>\n<\/ul>\n<p>[\/et_pb_text][\/et_pb_column][\/et_pb_row][\/et_pb_section]<\/p>\n","protected":false},"excerpt":{"rendered":"<p>We anticipate the future with Artificial Intelligence and process automation. Disruptive technological solutions to create competitive advantages in your company.<\/p>\n","protected":false},"author":1,"featured_media":4738,"parent":0,"menu_order":2,"comment_status":"closed","ping_status":"closed","template":"","meta":{"_et_pb_use_builder":"on","_et_pb_old_content":"","_et_gb_content_width":"","footnotes":""},"class_list":["post-4978","page","type-page","status-publish","has-post-thumbnail","hentry"],"_links":{"self":[{"href":"https:\/\/joinso.cat\/en\/wp-json\/wp\/v2\/pages\/4978","targetHints":{"allow":["GET"]}}],"collection":[{"href":"https:\/\/joinso.cat\/en\/wp-json\/wp\/v2\/pages"}],"about":[{"href":"https:\/\/joinso.cat\/en\/wp-json\/wp\/v2\/types\/page"}],"author":[{"embeddable":true,"href":"https:\/\/joinso.cat\/en\/wp-json\/wp\/v2\/users\/1"}],"replies":[{"embeddable":true,"href":"https:\/\/joinso.cat\/en\/wp-json\/wp\/v2\/comments?post=4978"}],"version-history":[{"count":9,"href":"https:\/\/joinso.cat\/en\/wp-json\/wp\/v2\/pages\/4978\/revisions"}],"predecessor-version":[{"id":5072,"href":"https:\/\/joinso.cat\/en\/wp-json\/wp\/v2\/pages\/4978\/revisions\/5072"}],"wp:featuredmedia":[{"embeddable":true,"href":"https:\/\/joinso.cat\/en\/wp-json\/wp\/v2\/media\/4738"}],"wp:attachment":[{"href":"https:\/\/joinso.cat\/en\/wp-json\/wp\/v2\/media?parent=4978"}],"curies":[{"name":"wp","href":"https:\/\/api.w.org\/{rel}","templated":true}]}}